{"id":32711,"date":"2026-02-27T00:18:27","date_gmt":"2026-02-27T00:18:27","guid":{"rendered":"https:\/\/nordicmart.andreevmaster.com\/product\/vasagle-5-tasoinen-kenkahylly-12-16-parille-kenkia-kenkien-jarjestelija\/"},"modified":"2026-02-27T09:39:57","modified_gmt":"2026-02-27T09:39:57","slug":"vasagle-5-tasoinen-kenkahylly-12-16-parille-kenkia-kenkien-jarjestelija","status":"publish","type":"product","link":"https:\/\/nordicmart.andreevmaster.com\/fi\/tuote\/vasagle-5-tasoinen-kenkahylly-12-16-parille-kenkia-kenkien-jarjestelija\/","title":{"rendered":"VASAGLE 5-tasoinen kenk\u00e4hylly, 12\u201316 parille kenki\u00e4, kenkien j\u00e4rjestelij\u00e4"},"content":{"rendered":"<p>Tuotetiedot: &#8211; V\u00e4ri: vintage-ruskea-musta &#8211; Materiaali: lastulevy, ter\u00e4s, polyesterikangas &#8211; Koko: 75 x 30 x 91 cm (P x L x K) &#8211; Paino: 5,4 kg &#8211; Enimm\u00e4iskantavuus: 30 kg &#8211; Enimm\u00e4iskantavuus polyesterikankaasta valmistettua hylly\u00e4 kohti: 10 kg Toimitus sis\u00e4lt\u00e4\u00e4: &#8211; 1 x kenk\u00e4hylly &#8211; 1 x kaatumissuoja &#8211; 1 x lis\u00e4varustepaketti &#8211; 1 x ohjeet VASAGLE Huomautukset:- Turvallisuussyist\u00e4 lapset eiv\u00e4t saa kiivet\u00e4 tuotteelle tai leikki\u00e4 sill\u00e4. &#8211; Pinnan suurin staattinen kantavuus on 30 kg, polyesterikangasta olevan hyllyn kantavuus on 10 kg. \u00c4l\u00e4 ylit\u00e4 t\u00e4t\u00e4 enimm\u00e4ispainoa. &#8211; Kiinnit\u00e4 t\u00e4m\u00e4 tuote sein\u00e4\u00e4n mukana toimitetulla kaatumissuojalla turvallisen k\u00e4yt\u00f6n varmistamiseksi.<\/p>\n","protected":false},"excerpt":{"rendered":"<p>VASAGLE kenk\u00e4hylly, 5-tasoinen kenk\u00e4hylly, kenk\u00e4hyllyt, kapea, metallirunko, 4 polyesterikangasta, eteiseen, k\u00e4yt\u00e4v\u00e4\u00e4n, teollinen muotoilu, vintage-ruskea-musta LBS036B01<\/p>\n","protected":false},"featured_media":41684,"comment_status":"open","ping_status":"closed","template":"","meta":[],"product_brand":[],"product_cat":[32],"product_tag":[],"class_list":{"0":"post-32711","1":"product","2":"type-product","3":"status-publish","4":"has-post-thumbnail","6":"product_cat-uncategorized-fi","8":"first","9":"instock","10":"shipping-taxable","11":"purchasable","12":"product-type-simple"},"_links":{"self":[{"href":"https:\/\/nordicmart.andreevmaster.com\/fi\/wp-json\/wp\/v2\/product\/32711","targetHints":{"allow":["GET"]}}],"collection":[{"href":"https:\/\/nordicmart.andreevmaster.com\/fi\/wp-json\/wp\/v2\/product"}],"about":[{"href":"https:\/\/nordicmart.andreevmaster.com\/fi\/wp-json\/wp\/v2\/types\/product"}],"replies":[{"embeddable":true,"href":"https:\/\/nordicmart.andreevmaster.com\/fi\/wp-json\/wp\/v2\/comments?post=32711"}],"wp:featuredmedia":[{"embeddable":true,"href":"https:\/\/nordicmart.andreevmaster.com\/fi\/wp-json\/wp\/v2\/media\/41684"}],"wp:attachment":[{"href":"https:\/\/nordicmart.andreevmaster.com\/fi\/wp-json\/wp\/v2\/media?parent=32711"}],"wp:term":[{"taxonomy":"product_brand","embeddable":true,"href":"https:\/\/nordicmart.andreevmaster.com\/fi\/wp-json\/wp\/v2\/product_brand?post=32711"},{"taxonomy":"product_cat","embeddable":true,"href":"https:\/\/nordicmart.andreevmaster.com\/fi\/wp-json\/wp\/v2\/product_cat?post=32711"},{"taxonomy":"product_tag","embeddable":true,"href":"https:\/\/nordicmart.andreevmaster.com\/fi\/wp-json\/wp\/v2\/product_tag?post=32711"}],"curies":[{"name":"wp","href":"https:\/\/api.w.org\/{rel}","templated":true}]}}