{"id":32709,"date":"2026-02-27T00:18:26","date_gmt":"2026-02-27T00:18:26","guid":{"rendered":"https:\/\/nordicmart.andreevmaster.com\/product\/songmics-2-tasoinen-kenkahylly-bambusta-valmistettu-kenkateline-kenkien-jarjestelija\/"},"modified":"2026-02-27T09:39:56","modified_gmt":"2026-02-27T09:39:56","slug":"songmics-2-tasoinen-kenkahylly-bambusta-valmistettu-kenkateline-kenkien-jarjestelija","status":"publish","type":"product","link":"https:\/\/nordicmart.andreevmaster.com\/fi\/tuote\/songmics-2-tasoinen-kenkahylly-bambusta-valmistettu-kenkateline-kenkien-jarjestelija\/","title":{"rendered":"SONGMICS 2-tasoinen kenk\u00e4hylly, bambusta valmistettu kenk\u00e4teline, kenkien j\u00e4rjestelij\u00e4"},"content":{"rendered":"<p>Tee oikea p\u00e4\u00e4t\u00f6s: jos kenk\u00e4si ovat hajallaan ymp\u00e4ri taloa, eteisess\u00e4, makuuhuoneessa, olohuoneessa, kylpyhuoneessa ja jopa keitti\u00f6ss\u00e4, on aika kehitt\u00e4\u00e4 fiksu s\u00e4ilytysstrategia! J\u00e4rjest\u00e4 kenk\u00e4si t\u00e4ll\u00e4 hienostuneella 2-tasoisella bambuhyllyll\u00e4! Valkoinen lakkapinta tekee t\u00e4st\u00e4 huonekalusta ihanteellisen esillepanopaikan lenkkareillesi ja saappaille, jotka ovat t\u00e4st\u00e4 l\u00e4htien k\u00e4tev\u00e4sti saatavilla eteisess\u00e4 tai makuuhuoneessa. N\u00e4in voit helposti p\u00e4\u00e4tt\u00e4\u00e4, mink\u00e4 parin haluat pukea jalkaasi. Keng\u00e4t ja tossut: Vaikka t\u00e4m\u00e4 70 x 26 x 33 cm (P x L x K) kokoinen kenk\u00e4hylly on yksinkertainen ja kompakti, se kest\u00e4\u00e4 jopa 10 kg painoa hyllytasoa kohti ja on siten riitt\u00e4v\u00e4n vakaa, jotta voit s\u00e4ilytt\u00e4\u00e4 siin\u00e4 lenkkareita, saappaita ja mokkasiineja. Ent\u00e4 tossut? Niillekin on tarpeeksi tilaa! K\u00e4yt\u00e4 vain tilaa alahyllyn ja lattian v\u00e4liss\u00e4. Luo onnellinen koti t\u00e4ll\u00e4 SONGMICS-keng\u00e4hyllyll\u00e4! Tuotetiedot:V\u00e4ri: valkoinen Materiaali: bambu Koko: 70 x 26 x 33 cm (P x L x K) Paino: 2,6 kg Maks. staattinen kantavuus hyllytasoa kohti: 10 kg Toimitus sis\u00e4lt\u00e4\u00e4: 1 x kenk\u00e4hylly 1 x s\u00e4ilytyslaatikko tarvikkeilla 1 x ohjeet (DE, EN, FR, ES, IT) SONGMICS-ohjeet:Sijoita t\u00e4m\u00e4 tuote paikkaan, jossa se ei voi kastua.<\/p>\n","protected":false},"excerpt":{"rendered":"<p>SONGMICS bambusta valmistettu kenk\u00e4hylly, 2-tasoinen kylpyhuonehylly, kenk\u00e4kaappi, kenk\u00e4teline, 70 x 33 x 26 cm (L x K x S), valkoinen ja luonnonv\u00e4rit LBS02H<\/p>\n","protected":false},"featured_media":41682,"comment_status":"open","ping_status":"closed","template":"","meta":[],"product_brand":[],"product_cat":[32],"product_tag":[],"class_list":{"0":"post-32709","1":"product","2":"type-product","3":"status-publish","4":"has-post-thumbnail","6":"product_cat-uncategorized-fi","8":"first","9":"instock","10":"shipping-taxable","11":"purchasable","12":"product-type-simple"},"_links":{"self":[{"href":"https:\/\/nordicmart.andreevmaster.com\/fi\/wp-json\/wp\/v2\/product\/32709","targetHints":{"allow":["GET"]}}],"collection":[{"href":"https:\/\/nordicmart.andreevmaster.com\/fi\/wp-json\/wp\/v2\/product"}],"about":[{"href":"https:\/\/nordicmart.andreevmaster.com\/fi\/wp-json\/wp\/v2\/types\/product"}],"replies":[{"embeddable":true,"href":"https:\/\/nordicmart.andreevmaster.com\/fi\/wp-json\/wp\/v2\/comments?post=32709"}],"wp:featuredmedia":[{"embeddable":true,"href":"https:\/\/nordicmart.andreevmaster.com\/fi\/wp-json\/wp\/v2\/media\/41682"}],"wp:attachment":[{"href":"https:\/\/nordicmart.andreevmaster.com\/fi\/wp-json\/wp\/v2\/media?parent=32709"}],"wp:term":[{"taxonomy":"product_brand","embeddable":true,"href":"https:\/\/nordicmart.andreevmaster.com\/fi\/wp-json\/wp\/v2\/product_brand?post=32709"},{"taxonomy":"product_cat","embeddable":true,"href":"https:\/\/nordicmart.andreevmaster.com\/fi\/wp-json\/wp\/v2\/product_cat?post=32709"},{"taxonomy":"product_tag","embeddable":true,"href":"https:\/\/nordicmart.andreevmaster.com\/fi\/wp-json\/wp\/v2\/product_tag?post=32709"}],"curies":[{"name":"wp","href":"https:\/\/api.w.org\/{rel}","templated":true}]}}