{"id":32707,"date":"2026-02-27T00:18:26","date_gmt":"2026-02-27T00:18:26","guid":{"rendered":"https:\/\/nordicmart.andreevmaster.com\/product\/songmics-bambusta-valmistettu-kenkahylly\/"},"modified":"2026-02-27T09:39:56","modified_gmt":"2026-02-27T09:39:56","slug":"songmics-bambusta-valmistettu-kenkahylly","status":"publish","type":"product","link":"https:\/\/nordicmart.andreevmaster.com\/fi\/tuote\/songmics-bambusta-valmistettu-kenkahylly\/","title":{"rendered":"SONGMICS bambusta valmistettu kenk\u00e4hylly"},"content":{"rendered":"<p>SONGMICS:n monik\u00e4ytt\u00f6inen s\u00e4ilytyshylly on varustettu bamburungolla ja MDF-levyist\u00e4 valmistetuilla hyllyill\u00e4, jotka eiv\u00e4t v\u00e4\u00e4nny. Raikkaat v\u00e4rit ja yksinkertainen ulkon\u00e4k\u00f6 tuovat kotiisi ripauksen maaseudun charmia.<\/p>\n<p>K\u00e4ytt\u00e4j\u00e4yst\u00e4v\u00e4lliset yksityiskohdat: Kaarevat kantokahvat ovat mukavat k\u00e4teen ja helpottavat siirt\u00e4mist\u00e4; py\u00f6ristetyt kulmat ja reunat est\u00e4v\u00e4t takertumisen tai naarmuuntumisen. Tuotetiedot:<br \/>\nMateriaali: bambu + MDF<br \/>\nMitat: 67,5 x 108 x 25,8 cm (L\/K\/S)<br \/>\nHyllykorkeus: 17 cm<br \/>\nPakkauksen mitat: 69 x 29 x 17,5 cm<br \/>\nPaino: 7,6 kg<\/p>\n<p>Toimitus sis\u00e4lt\u00e4\u00e4<br \/>\n1x kenk\u00e4hylly<br \/>\n1x ohje<br \/>\n1x lis\u00e4varustesarja<\/p>\n<p>Hoito:<br \/>\nHylly on kulutusta kest\u00e4v\u00e4 ja helppo puhdistaa. P\u00e4ivitt\u00e4iseen hoitoon riitt\u00e4\u00e4 kuiva liina.<br \/>\nSuojaa hylly kosteudelta ja voimakkaalta auringonvalolta.<\/p>\n","protected":false},"excerpt":{"rendered":"<p>SONGMICS bambusta valmistettu kenk\u00e4hylly, 6 tasoa, kylpyhuonehylly, bambusta valmistettu seisomahylly, kirjahylly, kenk\u00e4kaappi 20 parille kenki\u00e4, 108 x 67,5 x 25,8 cm, ihanteellinen olohuoneeseen, eteiseen, k\u00e4yt\u00e4v\u00e4\u00e4n, kylpyhuoneeseen LBS96N<\/p>\n","protected":false},"featured_media":0,"comment_status":"open","ping_status":"closed","template":"","meta":[],"product_brand":[],"product_cat":[32],"product_tag":[],"class_list":{"0":"post-32707","1":"product","2":"type-product","3":"status-publish","5":"product_cat-uncategorized-fi","7":"first","8":"instock","9":"shipping-taxable","10":"purchasable","11":"product-type-simple"},"_links":{"self":[{"href":"https:\/\/nordicmart.andreevmaster.com\/fi\/wp-json\/wp\/v2\/product\/32707","targetHints":{"allow":["GET"]}}],"collection":[{"href":"https:\/\/nordicmart.andreevmaster.com\/fi\/wp-json\/wp\/v2\/product"}],"about":[{"href":"https:\/\/nordicmart.andreevmaster.com\/fi\/wp-json\/wp\/v2\/types\/product"}],"replies":[{"embeddable":true,"href":"https:\/\/nordicmart.andreevmaster.com\/fi\/wp-json\/wp\/v2\/comments?post=32707"}],"wp:attachment":[{"href":"https:\/\/nordicmart.andreevmaster.com\/fi\/wp-json\/wp\/v2\/media?parent=32707"}],"wp:term":[{"taxonomy":"product_brand","embeddable":true,"href":"https:\/\/nordicmart.andreevmaster.com\/fi\/wp-json\/wp\/v2\/product_brand?post=32707"},{"taxonomy":"product_cat","embeddable":true,"href":"https:\/\/nordicmart.andreevmaster.com\/fi\/wp-json\/wp\/v2\/product_cat?post=32707"},{"taxonomy":"product_tag","embeddable":true,"href":"https:\/\/nordicmart.andreevmaster.com\/fi\/wp-json\/wp\/v2\/product_tag?post=32707"}],"curies":[{"name":"wp","href":"https:\/\/api.w.org\/{rel}","templated":true}]}}