{"id":32706,"date":"2026-02-27T00:18:25","date_gmt":"2026-02-27T00:18:25","guid":{"rendered":"https:\/\/nordicmart.andreevmaster.com\/product\/songmics-penkki-kenkatelineella-bambu\/"},"modified":"2026-02-27T09:39:56","modified_gmt":"2026-02-27T09:39:56","slug":"songmics-penkki-kenkatelineella-bambu","status":"publish","type":"product","link":"https:\/\/nordicmart.andreevmaster.com\/fi\/tuote\/songmics-penkki-kenkatelineella-bambu\/","title":{"rendered":"SONGMICS-penkki kenk\u00e4telineell\u00e4, bambu"},"content":{"rendered":"<p> Kuvaus:  &#8211; Jalat ja istuinosa on yhdistetty kolmella ruuvilla, joten rakenne on  vakaampi kuin vain kahdella ruuvilla yhdistetty rakenne. &#8211; Valmistettu bambusta, vakaa ja kest\u00e4v\u00e4, helppo puhdistaa ja huoltaa. &#8211; Py\u00f6ristetyt kulmat minimoivat iskujen aiheuttaman vaurion riskin. &#8211; Ruuvien mutterit eiv\u00e4t ole pinnalla, joten vaatteet eiv\u00e4t voi tarttua niihin. &#8211; Sinkityt ruostumattomat ruuvit &#8211; Ruuvit ei ole kiinnitetty suoraan puuhun, vaan kiinnitettyihin pultteihin, joten hylly\u00e4 voi koota ja purkaa useita kertoja. Tuotetiedot:  &#8211; Mitat: 90 x 45 x 28 cm &#8211; Materiaali: bambu &#8211; Pakkauksen mitat: 91,5 x 30,2 x 5,8 cm &#8211; Yksitt\u00e4isen tuotteen paino: 5,25 kg &#8211; V\u00e4ri: bambunv\u00e4ri (LBS90N);   Asennus:  1. Avaa pakkaus varovasti, jotta kenk\u00e4hylly ei naarmuunnu. 2. Kiinnit\u00e4 hyllyn jalat lyhyill\u00e4 ruuveilla ja kuusioruuveilla. Asennuksen aikana jalat on suunnattava reikiin ulosp\u00e4in. 3. Kiinnit\u00e4 kaksi hylly\u00e4: Aseta ruuvit hyllyjen reikiin ja kierr\u00e4 pitk\u00e4t ruuvit hyllyjalojen ulkopuolelta sis\u00e4\u00e4np\u00e4in. Suosittelemme kiinnitt\u00e4m\u00e4\u00e4n hyllyt ensin ruuveilla vinosti, jotta loput ruuvit on helpompi kiinnitt\u00e4\u00e4.<\/p>\n","protected":false},"excerpt":{"rendered":"<p>SONGMICS bambusta valmistettu kenk\u00e4teline, kenk\u00e4penkki istuimella, 3 hylly\u00e4, 90 x 28 x 45 cm, olohuone, eteinen, kylpyhuone, eteinen LBS90N<\/p>\n","protected":false},"featured_media":41680,"comment_status":"open","ping_status":"closed","template":"","meta":[],"product_brand":[],"product_cat":[32],"product_tag":[],"class_list":{"0":"post-32706","1":"product","2":"type-product","3":"status-publish","4":"has-post-thumbnail","6":"product_cat-uncategorized-fi","8":"first","9":"instock","10":"shipping-taxable","11":"purchasable","12":"product-type-simple"},"_links":{"self":[{"href":"https:\/\/nordicmart.andreevmaster.com\/fi\/wp-json\/wp\/v2\/product\/32706","targetHints":{"allow":["GET"]}}],"collection":[{"href":"https:\/\/nordicmart.andreevmaster.com\/fi\/wp-json\/wp\/v2\/product"}],"about":[{"href":"https:\/\/nordicmart.andreevmaster.com\/fi\/wp-json\/wp\/v2\/types\/product"}],"replies":[{"embeddable":true,"href":"https:\/\/nordicmart.andreevmaster.com\/fi\/wp-json\/wp\/v2\/comments?post=32706"}],"wp:featuredmedia":[{"embeddable":true,"href":"https:\/\/nordicmart.andreevmaster.com\/fi\/wp-json\/wp\/v2\/media\/41680"}],"wp:attachment":[{"href":"https:\/\/nordicmart.andreevmaster.com\/fi\/wp-json\/wp\/v2\/media?parent=32706"}],"wp:term":[{"taxonomy":"product_brand","embeddable":true,"href":"https:\/\/nordicmart.andreevmaster.com\/fi\/wp-json\/wp\/v2\/product_brand?post=32706"},{"taxonomy":"product_cat","embeddable":true,"href":"https:\/\/nordicmart.andreevmaster.com\/fi\/wp-json\/wp\/v2\/product_cat?post=32706"},{"taxonomy":"product_tag","embeddable":true,"href":"https:\/\/nordicmart.andreevmaster.com\/fi\/wp-json\/wp\/v2\/product_tag?post=32706"}],"curies":[{"name":"wp","href":"https:\/\/api.w.org\/{rel}","templated":true}]}}