{"id":32699,"date":"2026-02-27T00:18:24","date_gmt":"2026-02-27T00:18:24","guid":{"rendered":"https:\/\/nordicmart.andreevmaster.com\/product\/vasagle-kenkapenkki-2-ritilahyllya-teollinen-tyyli\/"},"modified":"2026-02-27T09:39:54","modified_gmt":"2026-02-27T09:39:54","slug":"vasagle-kenkapenkki-2-ritilahyllya-teollinen-tyyli","status":"publish","type":"product","link":"https:\/\/nordicmart.andreevmaster.com\/fi\/tuote\/vasagle-kenkapenkki-2-ritilahyllya-teollinen-tyyli\/","title":{"rendered":"VASAGLE kenk\u00e4penkki, 2 ritil\u00e4hylly\u00e4, teollinen tyyli"},"content":{"rendered":"<p>Tuotetiedot: &#8211; V\u00e4ri: tummanruskea\/vintage &#8211; Materiaali: lastulevy, rauta &#8211; Koko: 80 x 30 x 44,5 cm (P x L x K) &#8211; Paino: 5,9 kg &#8211; Pinnan maks. staattinen kantavuus: 90 kg &#8211; Maks. staattinen kantavuus per ritil\u00e4: 5 kg Toimitus sis\u00e4lt\u00e4\u00e4:- 1 x kenk\u00e4penkki &#8211; 1 x lis\u00e4varustepussi &#8211; 1 x ohjeet (DE, EN, ES, FR, IT) VASAGLE-ohjeet: &#8211; Aseta tuote paikkaan, jossa se ei ole alttiina l\u00e4mm\u00f6nl\u00e4hteille, suoralle auringonvalolle tai kosteudelle. &#8211; Lapset eiv\u00e4t saa kiivet\u00e4 tuotteen p\u00e4\u00e4lle.<\/p>\n","protected":false},"excerpt":{"rendered":"<p>VASAGLE kenk\u00e4penkki 2 ritil\u00e4hyllyll\u00e4, kenk\u00e4hylly istuimella, kenk\u00e4hylly eteiseen, k\u00e4yt\u00e4v\u00e4\u00e4n, metalli, teollinen muotoilu, vintage, tummanruskea LBS74X<\/p>\n","protected":false},"featured_media":41673,"comment_status":"open","ping_status":"closed","template":"","meta":[],"product_brand":[],"product_cat":[32],"product_tag":[],"class_list":{"0":"post-32699","1":"product","2":"type-product","3":"status-publish","4":"has-post-thumbnail","6":"product_cat-uncategorized-fi","8":"first","9":"instock","10":"shipping-taxable","11":"purchasable","12":"product-type-simple"},"_links":{"self":[{"href":"https:\/\/nordicmart.andreevmaster.com\/fi\/wp-json\/wp\/v2\/product\/32699","targetHints":{"allow":["GET"]}}],"collection":[{"href":"https:\/\/nordicmart.andreevmaster.com\/fi\/wp-json\/wp\/v2\/product"}],"about":[{"href":"https:\/\/nordicmart.andreevmaster.com\/fi\/wp-json\/wp\/v2\/types\/product"}],"replies":[{"embeddable":true,"href":"https:\/\/nordicmart.andreevmaster.com\/fi\/wp-json\/wp\/v2\/comments?post=32699"}],"wp:featuredmedia":[{"embeddable":true,"href":"https:\/\/nordicmart.andreevmaster.com\/fi\/wp-json\/wp\/v2\/media\/41673"}],"wp:attachment":[{"href":"https:\/\/nordicmart.andreevmaster.com\/fi\/wp-json\/wp\/v2\/media?parent=32699"}],"wp:term":[{"taxonomy":"product_brand","embeddable":true,"href":"https:\/\/nordicmart.andreevmaster.com\/fi\/wp-json\/wp\/v2\/product_brand?post=32699"},{"taxonomy":"product_cat","embeddable":true,"href":"https:\/\/nordicmart.andreevmaster.com\/fi\/wp-json\/wp\/v2\/product_cat?post=32699"},{"taxonomy":"product_tag","embeddable":true,"href":"https:\/\/nordicmart.andreevmaster.com\/fi\/wp-json\/wp\/v2\/product_tag?post=32699"}],"curies":[{"name":"wp","href":"https:\/\/api.w.org\/{rel}","templated":true}]}}