{"id":32698,"date":"2026-02-27T00:18:24","date_gmt":"2026-02-27T00:18:24","guid":{"rendered":"https:\/\/nordicmart.andreevmaster.com\/product\/vasagle-teollisuussuunnittelun-kenkapenkki-ja-hylly\/"},"modified":"2026-02-27T09:39:54","modified_gmt":"2026-02-27T09:39:54","slug":"vasagle-teollisuussuunnittelun-kenkapenkki-ja-hylly","status":"publish","type":"product","link":"https:\/\/nordicmart.andreevmaster.com\/fi\/tuote\/vasagle-teollisuussuunnittelun-kenkapenkki-ja-hylly\/","title":{"rendered":"VASAGLE teollisuussuunnittelun kenk\u00e4penkki ja hylly"},"content":{"rendered":"<p>Etsitk\u00f6 sin\u00e4kin tuntikausia oikeaa kenk\u00e4paria? N\u00e4ytt\u00e4\u00e4k\u00f6 eteisenne lis\u00e4ksi silt\u00e4 kuin Hempelsin sohvan alta? Anna sitten VASAGLE:n kenk\u00e4hyllyn pelastaa eteisenne, jotta se kiilt\u00e4\u00e4 ja loistaa kuin mainoksessa. Kompakti ja toimiva T\u00e4m\u00e4 kompakti, 73 x 45 x 30 cm (L\/K\/S) kokoinen kenk\u00e4hylly on eritt\u00e4in tilaa s\u00e4\u00e4st\u00e4v\u00e4, mutta tarjoaa silti 3 tasolla riitt\u00e4v\u00e4sti s\u00e4ilytystilaa, joten se sopii erinomaisesti pieniin tiloihin. Yksinkertaisen muotoilunsa ansiosta huonekalu on monik\u00e4ytt\u00f6inen, esimerkiksi kirjojen s\u00e4ilytt\u00e4miseen olohuoneessa, laatikoiden s\u00e4ilytt\u00e4miseen makuuhuoneessa tai laukkujen s\u00e4ilytt\u00e4miseen eteisess\u00e4. Kaikki mukavuutesi vuoksi Nelj\u00e4n s\u00e4\u00e4dett\u00e4v\u00e4n jalan ansiosta t\u00e4m\u00e4 hylly pysyy t\u00e4ydellisesti tasapainossa my\u00f6s hieman ep\u00e4tasaisilla lattioilla. Lis\u00e4ksi ne suojaavat naarmuilta. Penkki kest\u00e4\u00e4 jopa 90 kg:n painon, joten voit istua mukavasti alas pukiessasi kenki\u00e4.  Pelasta my\u00f6s arvokkaat kenk\u00e4si sotkuisilta kenk\u00e4kasoilta ja tarjoa niille hyvin suojattu s\u00e4ilytyspaikka. T\u00e4m\u00e4 on my\u00f6s sinulle edullista, sill\u00e4 sinun ei en\u00e4\u00e4 tarvitse etsi\u00e4 tuntikausia sopivaa kenk\u00e4paria. N\u00e4in voit nukkua aamulla hieman pidemp\u00e4\u00e4n. Tuotetiedot: &#8211; V\u00e4ri: vintage-ruskea-musta &#8211; Materiaali: lastulevy, ter\u00e4s &#8211; Koko: 73 x 45 x 30 cm (L x K x S) &#8211; Paino: 8 kg &#8211; Kantavuus: 90 kg Toimitus sis\u00e4lt\u00e4\u00e4: &#8211; 1 x kenk\u00e4hylly &#8211; 1 x lis\u00e4varustepussi &#8211; 1 x ohjeet (DE, EN, ES, FR, IT) VASAGLE Huomautukset: &#8211; Sijoita t\u00e4m\u00e4 tuote kuivaan paikkaan. &#8211; Huomioi t\u00e4m\u00e4n tuotteen suurin kantavuus.<\/p>\n","protected":false},"excerpt":{"rendered":"<p>VASAGLE Hemmottele itse\u00e4si ja eteistasi t\u00e4ll\u00e4 teollisen muotoilun kenk\u00e4penkill\u00e4. 2 verkkohylly\u00e4 6\u20138 parille kenki\u00e4 ja rustiikkinen hylly laukkuille, lompakoille ja avaimille.<\/p>\n","protected":false},"featured_media":0,"comment_status":"open","ping_status":"closed","template":"","meta":[],"product_brand":[],"product_cat":[32],"product_tag":[],"class_list":{"0":"post-32698","1":"product","2":"type-product","3":"status-publish","5":"product_cat-uncategorized-fi","7":"first","8":"instock","9":"shipping-taxable","10":"purchasable","11":"product-type-simple"},"_links":{"self":[{"href":"https:\/\/nordicmart.andreevmaster.com\/fi\/wp-json\/wp\/v2\/product\/32698","targetHints":{"allow":["GET"]}}],"collection":[{"href":"https:\/\/nordicmart.andreevmaster.com\/fi\/wp-json\/wp\/v2\/product"}],"about":[{"href":"https:\/\/nordicmart.andreevmaster.com\/fi\/wp-json\/wp\/v2\/types\/product"}],"replies":[{"embeddable":true,"href":"https:\/\/nordicmart.andreevmaster.com\/fi\/wp-json\/wp\/v2\/comments?post=32698"}],"wp:attachment":[{"href":"https:\/\/nordicmart.andreevmaster.com\/fi\/wp-json\/wp\/v2\/media?parent=32698"}],"wp:term":[{"taxonomy":"product_brand","embeddable":true,"href":"https:\/\/nordicmart.andreevmaster.com\/fi\/wp-json\/wp\/v2\/product_brand?post=32698"},{"taxonomy":"product_cat","embeddable":true,"href":"https:\/\/nordicmart.andreevmaster.com\/fi\/wp-json\/wp\/v2\/product_cat?post=32698"},{"taxonomy":"product_tag","embeddable":true,"href":"https:\/\/nordicmart.andreevmaster.com\/fi\/wp-json\/wp\/v2\/product_tag?post=32698"}],"curies":[{"name":"wp","href":"https:\/\/api.w.org\/{rel}","templated":true}]}}