{"id":32696,"date":"2026-02-27T00:18:23","date_gmt":"2026-02-27T00:18:23","guid":{"rendered":"https:\/\/nordicmart.andreevmaster.com\/product\/songmics-pehmustettu-kenkapenkki-bambu-valkoinen-harmaa\/"},"modified":"2026-02-27T09:39:54","modified_gmt":"2026-02-27T09:39:54","slug":"songmics-pehmustettu-kenkapenkki-bambu-valkoinen-harmaa","status":"publish","type":"product","link":"https:\/\/nordicmart.andreevmaster.com\/fi\/tuote\/songmics-pehmustettu-kenkapenkki-bambu-valkoinen-harmaa\/","title":{"rendered":"SONGMICS pehmustettu kenk\u00e4penkki, bambu, valkoinen-harmaa"},"content":{"rendered":"<p>T\u00e4m\u00e4 SONGMICS-keng\u00e4teline on valmistettu luonnollisesta bambusta ja korkealaatuisesta vaahtomuovista. Se on tyylik\u00e4s ja raikas, k\u00e4yt\u00e4nn\u00f6llinen ja sopii moniin tyyleihin. Keng\u00e4telineeseen mahtuu 3 paria kenki\u00e4. Voit istua mukavasti sen p\u00e4\u00e4ll\u00e4 vaihtaessasi kenki\u00e4. Kenkien pukeminen yhdell\u00e4 jalalla seisomalla on vihdoin ohi. S\u00e4ilytyspenkkin\u00e4 sen alaosassa olevat bambus\u00e4leik\u00f6t ovat riitt\u00e4v\u00e4n tukevat s\u00e4ilytyslaatikoiden, peittojen, pyyhkeiden, kasvien, kirjojen jne. s\u00e4ilytt\u00e4miseen, mik\u00e4 tekee siit\u00e4 t\u00e4ydellisen olohuoneeseesi ja makuuhuoneeseesi. Tuotetiedot: &#8211; V\u00e4ri: valkoinen, harmaa &#8211; Materiaali: bambu, vaahtomuovi &#8211; Kantavuus: 100 kg &#8211; Tuotteen mitat: 60 x 43 x 32 cm &#8211; Paino: 5,5 kg Toimitus sis\u00e4lt\u00e4\u00e4: &#8211; 1 x penkki  &#8211; 1 x ohjeet &#8211; 1 x kiinnityspussi SONGMICS Huomautukset: &#8211; Normaalissa hoidossa voit pyyhki\u00e4 tahrat puhtaalla liinalla. &#8211; S\u00e4ilyt\u00e4 tuotetta vain kuivassa ymp\u00e4rist\u00f6ss\u00e4 ja v\u00e4lt\u00e4 altistamasta tuotetta suoralle auringonvalolle tai sateelle.<\/p>\n","protected":false},"excerpt":{"rendered":"<p>SONGMICS Bambuspenkki Kenk\u00e4kaappi istuintyynyll\u00e4 Kenk\u00e4hylly Kenk\u00e4penkki 2 hyllyll\u00e4 olohuoneeseen, makuuhuoneeseen, eteiseen, k\u00e4yt\u00e4v\u00e4\u00e4n 60 x 43 x 32 cm (L x K x S) Valkoinen ja harmaa LBS65WN<\/p>\n","protected":false},"featured_media":41672,"comment_status":"open","ping_status":"closed","template":"","meta":[],"product_brand":[],"product_cat":[32],"product_tag":[],"class_list":{"0":"post-32696","1":"product","2":"type-product","3":"status-publish","4":"has-post-thumbnail","6":"product_cat-uncategorized-fi","8":"first","9":"instock","10":"shipping-taxable","11":"purchasable","12":"product-type-simple"},"_links":{"self":[{"href":"https:\/\/nordicmart.andreevmaster.com\/fi\/wp-json\/wp\/v2\/product\/32696","targetHints":{"allow":["GET"]}}],"collection":[{"href":"https:\/\/nordicmart.andreevmaster.com\/fi\/wp-json\/wp\/v2\/product"}],"about":[{"href":"https:\/\/nordicmart.andreevmaster.com\/fi\/wp-json\/wp\/v2\/types\/product"}],"replies":[{"embeddable":true,"href":"https:\/\/nordicmart.andreevmaster.com\/fi\/wp-json\/wp\/v2\/comments?post=32696"}],"wp:featuredmedia":[{"embeddable":true,"href":"https:\/\/nordicmart.andreevmaster.com\/fi\/wp-json\/wp\/v2\/media\/41672"}],"wp:attachment":[{"href":"https:\/\/nordicmart.andreevmaster.com\/fi\/wp-json\/wp\/v2\/media?parent=32696"}],"wp:term":[{"taxonomy":"product_brand","embeddable":true,"href":"https:\/\/nordicmart.andreevmaster.com\/fi\/wp-json\/wp\/v2\/product_brand?post=32696"},{"taxonomy":"product_cat","embeddable":true,"href":"https:\/\/nordicmart.andreevmaster.com\/fi\/wp-json\/wp\/v2\/product_cat?post=32696"},{"taxonomy":"product_tag","embeddable":true,"href":"https:\/\/nordicmart.andreevmaster.com\/fi\/wp-json\/wp\/v2\/product_tag?post=32696"}],"curies":[{"name":"wp","href":"https:\/\/api.w.org\/{rel}","templated":true}]}}