{"id":32695,"date":"2026-02-27T00:18:23","date_gmt":"2026-02-27T00:18:23","guid":{"rendered":"https:\/\/nordicmart.andreevmaster.com\/product\/songmics-bambusta-valmistettu-kenkapenkki-valkoinen-harmaa\/"},"modified":"2026-02-27T09:39:54","modified_gmt":"2026-02-27T09:39:54","slug":"songmics-bambusta-valmistettu-kenkapenkki-valkoinen-harmaa","status":"publish","type":"product","link":"https:\/\/nordicmart.andreevmaster.com\/fi\/tuote\/songmics-bambusta-valmistettu-kenkapenkki-valkoinen-harmaa\/","title":{"rendered":"SONGMICS bambusta valmistettu kenk\u00e4penkki, valkoinen-harmaa"},"content":{"rendered":"<p>Istu alas! Pue keng\u00e4t jalkaan! Sen sijaan, ett\u00e4 hyppisit yhdell\u00e4 jalalla ymp\u00e4ri asuntoa keng\u00e4t jalassa, on varmasti mukavampaa istua t\u00e4lle pehmustetulle penkille, jossa on s\u00e4\u00e4dett\u00e4v\u00e4 hylly, ja pukea lenkkarit rauhassa jalkaan. T\u00e4m\u00e4 mukava kenk\u00e4penkki SONGMICS:lt\u00e4 ei pet\u00e4 sinua koskaan! Bambu tekee eron Luonnollinen materiaali? Uusiutuva? N\u00e4m\u00e4 ovat vain muutamia bambun eduista. Luonnollinen materiaali on my\u00f6s kest\u00e4v\u00e4 ja tyylik\u00e4s. Sinun ei siis tarvitse valita tyylin ja pitk\u00e4n k\u00e4ytt\u00f6i\u00e4n v\u00e4lill\u00e4! Tuotetiedot: V\u00e4ri: valkoinen-harmaa Materiaali: bambu, vaahtomuovipehmuste Koko: 71 x 29 x 49 cm (P x L x K) Paino: 5,2 kg Istuimen maks. staattinen kantavuus: 150 kg Hyllytasojen maks. staattinen kantavuus: 20 kg Toimitus sis\u00e4lt\u00e4\u00e4: 1 x kenk\u00e4penkki 1 x ohjeet (DE, EN, FR, ES, IT) SONGMICS-ohjeet: \u00c4l\u00e4 k\u00e4yt\u00e4 tuotetta kosteassa ymp\u00e4rist\u00f6ss\u00e4.Pid\u00e4 tuote poissa ter\u00e4vien esineiden ja aggressiivisten kemiallisten aineiden l\u00e4heisyydest\u00e4.<\/p>\n","protected":false},"excerpt":{"rendered":"<p>SONGMICS bambusta valmistettu kenk\u00e4penkki, kenk\u00e4hylly 2 hyllytasolla, penkki, eteiseen, olohuoneeseen, istuimen kantavuus 150 kg, 71 x 29 x 49 cm, valkoinen-harmaa LBS604W01<\/p>\n","protected":false},"featured_media":41671,"comment_status":"open","ping_status":"closed","template":"","meta":[],"product_brand":[],"product_cat":[32],"product_tag":[],"class_list":{"0":"post-32695","1":"product","2":"type-product","3":"status-publish","4":"has-post-thumbnail","6":"product_cat-uncategorized-fi","8":"first","9":"instock","10":"shipping-taxable","11":"purchasable","12":"product-type-simple"},"_links":{"self":[{"href":"https:\/\/nordicmart.andreevmaster.com\/fi\/wp-json\/wp\/v2\/product\/32695","targetHints":{"allow":["GET"]}}],"collection":[{"href":"https:\/\/nordicmart.andreevmaster.com\/fi\/wp-json\/wp\/v2\/product"}],"about":[{"href":"https:\/\/nordicmart.andreevmaster.com\/fi\/wp-json\/wp\/v2\/types\/product"}],"replies":[{"embeddable":true,"href":"https:\/\/nordicmart.andreevmaster.com\/fi\/wp-json\/wp\/v2\/comments?post=32695"}],"wp:featuredmedia":[{"embeddable":true,"href":"https:\/\/nordicmart.andreevmaster.com\/fi\/wp-json\/wp\/v2\/media\/41671"}],"wp:attachment":[{"href":"https:\/\/nordicmart.andreevmaster.com\/fi\/wp-json\/wp\/v2\/media?parent=32695"}],"wp:term":[{"taxonomy":"product_brand","embeddable":true,"href":"https:\/\/nordicmart.andreevmaster.com\/fi\/wp-json\/wp\/v2\/product_brand?post=32695"},{"taxonomy":"product_cat","embeddable":true,"href":"https:\/\/nordicmart.andreevmaster.com\/fi\/wp-json\/wp\/v2\/product_cat?post=32695"},{"taxonomy":"product_tag","embeddable":true,"href":"https:\/\/nordicmart.andreevmaster.com\/fi\/wp-json\/wp\/v2\/product_tag?post=32695"}],"curies":[{"name":"wp","href":"https:\/\/api.w.org\/{rel}","templated":true}]}}