{"id":32693,"date":"2026-02-27T00:18:22","date_gmt":"2026-02-27T00:18:22","guid":{"rendered":"https:\/\/nordicmart.andreevmaster.com\/product\/vasagle-kenkahylly-jossa-on-4-hyllytasoa-ja-tilava-pinta-laukkuille\/"},"modified":"2026-02-27T09:39:53","modified_gmt":"2026-02-27T09:39:53","slug":"vasagle-kenkahylly-jossa-on-4-hyllytasoa-ja-tilava-pinta-laukkuille","status":"publish","type":"product","link":"https:\/\/nordicmart.andreevmaster.com\/fi\/tuote\/vasagle-kenkahylly-jossa-on-4-hyllytasoa-ja-tilava-pinta-laukkuille\/","title":{"rendered":"VASAGLE kenk\u00e4hylly, jossa on 4 hyllytasoa ja tilava pinta laukkuille"},"content":{"rendered":"<p>VASAGLE kenk\u00e4hylly, kenk\u00e4hylly 5 hyllyll\u00e4 ja tilavalla pinnalla, eteiseen, k\u00e4yt\u00e4v\u00e4\u00e4n, metallirunko, teollinen muotoilu, vintage-ruskea-musta LBS016B01<br \/>\nV\u00e4ri: vintage-ruskea-musta<br \/>\nMateriaali: lastulevy, ter\u00e4s<br \/>\nKoko: 120 x 30 x 92,5 cm (P x L x K)<br \/>\nPaino: 11,2 kg<br \/>\nPinnan maks. staattinen kantavuus: 10 kg<br \/>\nMaks. staattinen kantavuus per ritil\u00e4hylly: 5 kg<\/p>\n","protected":false},"excerpt":{"rendered":"<p>VASAGLE kenk\u00e4hylly, kenk\u00e4hylly 5 hyllyll\u00e4 ja tilavalla pinnalla, eteiseen, k\u00e4yt\u00e4v\u00e4\u00e4n, metallirunko, teollinen muotoilu, vintage-ruskea-musta LBS016B01<\/p>\n","protected":false},"featured_media":41669,"comment_status":"open","ping_status":"closed","template":"","meta":[],"product_brand":[],"product_cat":[32],"product_tag":[],"class_list":{"0":"post-32693","1":"product","2":"type-product","3":"status-publish","4":"has-post-thumbnail","6":"product_cat-uncategorized-fi","8":"first","9":"instock","10":"shipping-taxable","11":"purchasable","12":"product-type-simple"},"_links":{"self":[{"href":"https:\/\/nordicmart.andreevmaster.com\/fi\/wp-json\/wp\/v2\/product\/32693","targetHints":{"allow":["GET"]}}],"collection":[{"href":"https:\/\/nordicmart.andreevmaster.com\/fi\/wp-json\/wp\/v2\/product"}],"about":[{"href":"https:\/\/nordicmart.andreevmaster.com\/fi\/wp-json\/wp\/v2\/types\/product"}],"replies":[{"embeddable":true,"href":"https:\/\/nordicmart.andreevmaster.com\/fi\/wp-json\/wp\/v2\/comments?post=32693"}],"wp:featuredmedia":[{"embeddable":true,"href":"https:\/\/nordicmart.andreevmaster.com\/fi\/wp-json\/wp\/v2\/media\/41669"}],"wp:attachment":[{"href":"https:\/\/nordicmart.andreevmaster.com\/fi\/wp-json\/wp\/v2\/media?parent=32693"}],"wp:term":[{"taxonomy":"product_brand","embeddable":true,"href":"https:\/\/nordicmart.andreevmaster.com\/fi\/wp-json\/wp\/v2\/product_brand?post=32693"},{"taxonomy":"product_cat","embeddable":true,"href":"https:\/\/nordicmart.andreevmaster.com\/fi\/wp-json\/wp\/v2\/product_cat?post=32693"},{"taxonomy":"product_tag","embeddable":true,"href":"https:\/\/nordicmart.andreevmaster.com\/fi\/wp-json\/wp\/v2\/product_tag?post=32693"}],"curies":[{"name":"wp","href":"https:\/\/api.w.org\/{rel}","templated":true}]}}