{"id":32692,"date":"2026-02-27T00:18:22","date_gmt":"2026-02-27T00:18:22","guid":{"rendered":"https:\/\/nordicmart.andreevmaster.com\/product\/ohut-kenkateline-kapea-kenkien-sailytysjarjestaja-6-tasoinen-kenkateline-pieniin-tiloihin-eteiseen-vaatehuoneeseen-musta-2\/"},"modified":"2026-02-27T09:39:53","modified_gmt":"2026-02-27T09:39:53","slug":"ohut-kenkateline-kapea-kenkien-sailytysjarjestaja-6-tasoinen-kenkateline-pieniin-tiloihin-eteiseen-vaatehuoneeseen-musta-2","status":"publish","type":"product","link":"https:\/\/nordicmart.andreevmaster.com\/fi\/tuote\/ohut-kenkateline-kapea-kenkien-sailytysjarjestaja-6-tasoinen-kenkateline-pieniin-tiloihin-eteiseen-vaatehuoneeseen-musta-2\/","title":{"rendered":"Ohut kenk\u00e4teline, kapea kenkien s\u00e4ilytysj\u00e4rjest\u00e4j\u00e4, 6-tasoinen kenk\u00e4teline, pieniin tiloihin, eteiseen, vaatehuoneeseen, musta"},"content":{"rendered":"<p>[Sopii pieniin tiloihin] Mitoiltaan 30 x 26,4 x 110,4 cm, t\u00e4m\u00e4 ohut kenkien j\u00e4rjest\u00e4j\u00e4 hy\u00f6dynt\u00e4\u00e4 tehokkaasti lattiatilaa, joten se on ihanteellinen pienille k\u00e4yt\u00e4ville, asuntoihin tai muihin ahtaisiin tiloihin.[K\u00e4tev\u00e4 koukkus\u00e4ilytys] Ripusta avaimet ja lompakot kapean kenk\u00e4telineen koukkuihin, jotta voit napata ne nopeasti aamuruuhkan aikana. Viel\u00e4 parempi, koukut voidaan asentaa tarpeen mukaan vasemmalle tai oikealle puolelle<\/p>\n<p>[Pit\u00e4\u00e4 korkeammat keng\u00e4t] Loaferit, lenkkarit, vaelluskeng\u00e4t, saappaat&#8230; kaikki ne mahtuvat hyvin hyllyille, joiden v\u00e4li on 17 cm, niin pitk\u00e4t kuin lyhyetkin.[Tarjoaa vahvan tuen] T\u00e4m\u00e4 lastulevyst\u00e4 valmistettu korkea kenk\u00e4teline on eritt\u00e4in luja (max. 10 kg:n kuormitus kullakin hyllyll\u00e4), joten voit asettaa raskaat kiipeilykeng\u00e4t helposti p\u00e4\u00e4lle.[Mit\u00e4 saat] 6-kerroksinen ohut kenk\u00e4teline, jonka taustalevyt lis\u00e4\u00e4v\u00e4t vakautta ja suojaavat sein\u00e4\u00e4 naarmuuntumiselta, sek\u00e4 kallistumisenestolaite, joka auttaa sinua kiinnitt\u00e4m\u00e4\u00e4n kenk\u00e4tornin sein\u00e4\u00e4n turvallisesti. Tekniset tiedot: V\u00e4ri: Musta Materiaali: Lastulevy Tuotteen koko: 11,8&#8243; D x 10,4&#8243; W x 43,5&#8243; H (30 x 26 x 110 cm) Musta<br \/>\nMateriaali: Materiaali: Lastulevy<br \/>\nTuotteen koko: 11,8 &#8221;D x 10,4 &#8221;W x 43,5 &#8221;H (30 x 26,4 x 110,4 cm).<br \/>\nTuotteen paino: 7,7 kg (17 lb)<br \/>\nMax. Kunkin hyllyn staattinen kuormitus: 22 lb (10 kg)<br \/>\nMax. Kunkin koukun staattinen kuormitus: 11 lb (5 kg)<\/p>\n<p>Pakkauksen sis\u00e4lt\u00f6:<\/p>\n<p>1 x Kenk\u00e4teline<br \/>\n1 x tarvikelaukku<br \/>\n1 x Anti-Tip Kit<br \/>\n1 x Ohjeet<\/p>\n","protected":false},"excerpt":{"rendered":"<p>[Sopii pieniin tiloihin] Mitoiltaan 30 x 26,4 x 110,4 cm, t\u00e4m\u00e4 ohut kenkien j\u00e4rjest\u00e4j\u00e4 hy\u00f6dynt\u00e4\u00e4 tehokkaasti lattiatilaa, joten se on ihanteellinen pienille k\u00e4yt\u00e4ville, asuntoihin tai muihin ahtaisiin tiloihin.[K\u00e4tev\u00e4 koukkus\u00e4ilytys] Ripusta avaimet ja lompakot kapean kenk\u00e4telineen koukkuihin, jotta voit napata ne nopeasti aamuruuhkan aikana. Viel\u00e4 parempi, koukut voidaan asentaa tarpeen mukaan vasemmalle tai oikealle puolelle [Pit\u00e4\u00e4 [&hellip;]<\/p>\n","protected":false},"featured_media":0,"comment_status":"open","ping_status":"closed","template":"","meta":[],"product_brand":[],"product_cat":[32],"product_tag":[],"class_list":{"0":"post-32692","1":"product","2":"type-product","3":"status-publish","5":"product_cat-uncategorized-fi","7":"first","8":"instock","9":"shipping-taxable","10":"product-type-simple"},"_links":{"self":[{"href":"https:\/\/nordicmart.andreevmaster.com\/fi\/wp-json\/wp\/v2\/product\/32692","targetHints":{"allow":["GET"]}}],"collection":[{"href":"https:\/\/nordicmart.andreevmaster.com\/fi\/wp-json\/wp\/v2\/product"}],"about":[{"href":"https:\/\/nordicmart.andreevmaster.com\/fi\/wp-json\/wp\/v2\/types\/product"}],"replies":[{"embeddable":true,"href":"https:\/\/nordicmart.andreevmaster.com\/fi\/wp-json\/wp\/v2\/comments?post=32692"}],"wp:attachment":[{"href":"https:\/\/nordicmart.andreevmaster.com\/fi\/wp-json\/wp\/v2\/media?parent=32692"}],"wp:term":[{"taxonomy":"product_brand","embeddable":true,"href":"https:\/\/nordicmart.andreevmaster.com\/fi\/wp-json\/wp\/v2\/product_brand?post=32692"},{"taxonomy":"product_cat","embeddable":true,"href":"https:\/\/nordicmart.andreevmaster.com\/fi\/wp-json\/wp\/v2\/product_cat?post=32692"},{"taxonomy":"product_tag","embeddable":true,"href":"https:\/\/nordicmart.andreevmaster.com\/fi\/wp-json\/wp\/v2\/product_tag?post=32692"}],"curies":[{"name":"wp","href":"https:\/\/api.w.org\/{rel}","templated":true}]}}