{"id":32690,"date":"2026-02-27T00:18:22","date_gmt":"2026-02-27T00:18:22","guid":{"rendered":"https:\/\/nordicmart.andreevmaster.com\/product\/vasagle-kapea-kenkahylly-7-tasoa-harmahtava\/"},"modified":"2026-02-27T09:39:53","modified_gmt":"2026-02-27T09:39:53","slug":"vasagle-kapea-kenkahylly-7-tasoa-harmahtava","status":"publish","type":"product","link":"https:\/\/nordicmart.andreevmaster.com\/fi\/tuote\/vasagle-kapea-kenkahylly-7-tasoa-harmahtava\/","title":{"rendered":"VASAGLE Kapea kenk\u00e4hylly, 7 tasoa, harmahtava"},"content":{"rendered":"<p>VASAGLE kenk\u00e4hylly, 6-tasoinen seisomahylly, tilaa s\u00e4\u00e4st\u00e4v\u00e4, eteiseen, nurkkaan, kenkien s\u00e4ilytykseen, valkoinen LBS200T14<br \/>\nV\u00e4ri: harmaa-beige<br \/>\nMateriaali: lastulevy<br \/>\nKoko: 30 x 26,4 x 110,4 cm (S x L x K)<br \/>\nPaino: 7,7 kg<br \/>\nMaks. staattinen kantavuus hylly\u00e4 kohti: 10 kg<br \/>\nMaks. staattinen kantavuus koukkua kohti: 5 kg<\/p>\n","protected":false},"excerpt":{"rendered":"<p>VASAGLE kenk\u00e4hylly, 6-tasoinen seisomahylly, tilaa s\u00e4\u00e4st\u00e4v\u00e4, eteiseen, nurkkaan, kenkien s\u00e4ilytykseen, valkoinen LBS200T14<\/p>\n","protected":false},"featured_media":41667,"comment_status":"open","ping_status":"closed","template":"","meta":[],"product_brand":[],"product_cat":[32],"product_tag":[],"class_list":{"0":"post-32690","1":"product","2":"type-product","3":"status-publish","4":"has-post-thumbnail","6":"product_cat-uncategorized-fi","8":"first","9":"instock","10":"shipping-taxable","11":"purchasable","12":"product-type-simple"},"_links":{"self":[{"href":"https:\/\/nordicmart.andreevmaster.com\/fi\/wp-json\/wp\/v2\/product\/32690","targetHints":{"allow":["GET"]}}],"collection":[{"href":"https:\/\/nordicmart.andreevmaster.com\/fi\/wp-json\/wp\/v2\/product"}],"about":[{"href":"https:\/\/nordicmart.andreevmaster.com\/fi\/wp-json\/wp\/v2\/types\/product"}],"replies":[{"embeddable":true,"href":"https:\/\/nordicmart.andreevmaster.com\/fi\/wp-json\/wp\/v2\/comments?post=32690"}],"wp:featuredmedia":[{"embeddable":true,"href":"https:\/\/nordicmart.andreevmaster.com\/fi\/wp-json\/wp\/v2\/media\/41667"}],"wp:attachment":[{"href":"https:\/\/nordicmart.andreevmaster.com\/fi\/wp-json\/wp\/v2\/media?parent=32690"}],"wp:term":[{"taxonomy":"product_brand","embeddable":true,"href":"https:\/\/nordicmart.andreevmaster.com\/fi\/wp-json\/wp\/v2\/product_brand?post=32690"},{"taxonomy":"product_cat","embeddable":true,"href":"https:\/\/nordicmart.andreevmaster.com\/fi\/wp-json\/wp\/v2\/product_cat?post=32690"},{"taxonomy":"product_tag","embeddable":true,"href":"https:\/\/nordicmart.andreevmaster.com\/fi\/wp-json\/wp\/v2\/product_tag?post=32690"}],"curies":[{"name":"wp","href":"https:\/\/api.w.org\/{rel}","templated":true}]}}