{"id":32687,"date":"2026-02-27T00:18:21","date_gmt":"2026-02-27T00:18:21","guid":{"rendered":"https:\/\/nordicmart.andreevmaster.com\/product\/songmics-bambusta-valmistettu-kenkahylly-valkoinen\/"},"modified":"2026-02-27T09:39:53","modified_gmt":"2026-02-27T09:39:53","slug":"songmics-bambusta-valmistettu-kenkahylly-valkoinen","status":"publish","type":"product","link":"https:\/\/nordicmart.andreevmaster.com\/fi\/tuote\/songmics-bambusta-valmistettu-kenkahylly-valkoinen\/","title":{"rendered":"SONGMICS bambusta valmistettu kenk\u00e4hylly, valkoinen"},"content":{"rendered":"<p>T\u00e4m\u00e4 tukeva s\u00e4ilytyshylly on valmistettu uusiutuvasta, ymp\u00e4rist\u00f6yst\u00e4v\u00e4llisest\u00e4 bambusta, ja sit\u00e4 voidaan k\u00e4ytt\u00e4\u00e4 monin eri tavoin. Modernin muotoilunsa ansiosta se sopii erilaisiin sisustustyyleihin. Tukevista bambupaloista valmistettu hylly on eritt\u00e4in vakaa, vaikka siihen laitettaisiin paljon tavaraa. Siten se t\u00e4ytt\u00e4\u00e4 kaikki s\u00e4ilytystarpeesi. Eteisess\u00e4 se voi toimia kenkien s\u00e4ilytystelineen\u00e4. Kylpyhuoneessa voit laittaa siihen suihkutarvikkeet. Voit k\u00e4ytt\u00e4\u00e4 sit\u00e4 my\u00f6s ty\u00f6huoneessa kirjojen s\u00e4ilytykseen. Sinulla on varmasti viel\u00e4 lis\u00e4\u00e4 ideoita! Tuotetiedot: Mitat: 70 x 55 x 26 cm (L x K x S) Pakkauksen mitat: 69 x 31 x 11 cmV\u00e4ri: valkoinenMateriaali: bambuKunkin tason kantavuus: 10 kgKokonaiskantavuus: 30 kgPaino: 3,4 kgToimitus sis\u00e4lt\u00e4\u00e4:1 x kenk\u00e4hylly1 x kiinnityspussi1 x ohjeet (DE, EN, FR, ES, IT)<\/p>\n","protected":false},"excerpt":{"rendered":"<p>SONGMICS kenk\u00e4hylly bambusta, kenk\u00e4teline, 3 tasoa, kylpyhuonehylly, s\u00e4ilytyshylly, kenk\u00e4hylly, seisomahylly, valkoinen, 70 x 55 x 26 cm, ihanteellinen eteiseen, kylpyhuoneeseen, olohuoneeseen, eteisaulaan LBS13W<\/p>\n","protected":false},"featured_media":41664,"comment_status":"open","ping_status":"closed","template":"","meta":[],"product_brand":[],"product_cat":[32],"product_tag":[],"class_list":{"0":"post-32687","1":"product","2":"type-product","3":"status-publish","4":"has-post-thumbnail","6":"product_cat-uncategorized-fi","8":"first","9":"instock","10":"shipping-taxable","11":"purchasable","12":"product-type-simple"},"_links":{"self":[{"href":"https:\/\/nordicmart.andreevmaster.com\/fi\/wp-json\/wp\/v2\/product\/32687","targetHints":{"allow":["GET"]}}],"collection":[{"href":"https:\/\/nordicmart.andreevmaster.com\/fi\/wp-json\/wp\/v2\/product"}],"about":[{"href":"https:\/\/nordicmart.andreevmaster.com\/fi\/wp-json\/wp\/v2\/types\/product"}],"replies":[{"embeddable":true,"href":"https:\/\/nordicmart.andreevmaster.com\/fi\/wp-json\/wp\/v2\/comments?post=32687"}],"wp:featuredmedia":[{"embeddable":true,"href":"https:\/\/nordicmart.andreevmaster.com\/fi\/wp-json\/wp\/v2\/media\/41664"}],"wp:attachment":[{"href":"https:\/\/nordicmart.andreevmaster.com\/fi\/wp-json\/wp\/v2\/media?parent=32687"}],"wp:term":[{"taxonomy":"product_brand","embeddable":true,"href":"https:\/\/nordicmart.andreevmaster.com\/fi\/wp-json\/wp\/v2\/product_brand?post=32687"},{"taxonomy":"product_cat","embeddable":true,"href":"https:\/\/nordicmart.andreevmaster.com\/fi\/wp-json\/wp\/v2\/product_cat?post=32687"},{"taxonomy":"product_tag","embeddable":true,"href":"https:\/\/nordicmart.andreevmaster.com\/fi\/wp-json\/wp\/v2\/product_tag?post=32687"}],"curies":[{"name":"wp","href":"https:\/\/api.w.org\/{rel}","templated":true}]}}