{"id":32686,"date":"2026-02-27T00:18:21","date_gmt":"2026-02-27T00:18:21","guid":{"rendered":"https:\/\/nordicmart.andreevmaster.com\/product\/5-tasoinen-kapea-kenkateline-kaappi-eteinen-kaappi-jossa-4-kangashyllya-ja-ylaosa-laukkuja-varten-kenkateline-terasrunko-teollinen-maalaismainen-ruskea-ja-2\/"},"modified":"2026-02-27T09:39:52","modified_gmt":"2026-02-27T09:39:52","slug":"5-tasoinen-kapea-kenkateline-kaappi-eteinen-kaappi-jossa-4-kangashyllya-ja-ylaosa-laukkuja-varten-kenkateline-terasrunko-teollinen-maalaismainen-ruskea-ja-2","status":"publish","type":"product","link":"https:\/\/nordicmart.andreevmaster.com\/fi\/tuote\/5-tasoinen-kapea-kenkateline-kaappi-eteinen-kaappi-jossa-4-kangashyllya-ja-ylaosa-laukkuja-varten-kenkateline-terasrunko-teollinen-maalaismainen-ruskea-ja-2\/","title":{"rendered":"5-tasoinen kapea kenk\u00e4teline kaappi eteinen kaappi, jossa 4 kangashylly\u00e4 ja yl\u00e4osa laukkuja varten, kenk\u00e4teline, ter\u00e4srunko, teollinen, maalaismainen ruskea ja"},"content":{"rendered":"","protected":false},"excerpt":{"rendered":"","protected":false},"featured_media":0,"comment_status":"open","ping_status":"closed","template":"","meta":[],"product_brand":[],"product_cat":[32],"product_tag":[],"class_list":{"0":"post-32686","1":"product","2":"type-product","3":"status-publish","5":"product_cat-uncategorized-fi","7":"first","8":"instock","9":"shipping-taxable","10":"product-type-simple"},"_links":{"self":[{"href":"https:\/\/nordicmart.andreevmaster.com\/fi\/wp-json\/wp\/v2\/product\/32686","targetHints":{"allow":["GET"]}}],"collection":[{"href":"https:\/\/nordicmart.andreevmaster.com\/fi\/wp-json\/wp\/v2\/product"}],"about":[{"href":"https:\/\/nordicmart.andreevmaster.com\/fi\/wp-json\/wp\/v2\/types\/product"}],"replies":[{"embeddable":true,"href":"https:\/\/nordicmart.andreevmaster.com\/fi\/wp-json\/wp\/v2\/comments?post=32686"}],"wp:attachment":[{"href":"https:\/\/nordicmart.andreevmaster.com\/fi\/wp-json\/wp\/v2\/media?parent=32686"}],"wp:term":[{"taxonomy":"product_brand","embeddable":true,"href":"https:\/\/nordicmart.andreevmaster.com\/fi\/wp-json\/wp\/v2\/product_brand?post=32686"},{"taxonomy":"product_cat","embeddable":true,"href":"https:\/\/nordicmart.andreevmaster.com\/fi\/wp-json\/wp\/v2\/product_cat?post=32686"},{"taxonomy":"product_tag","embeddable":true,"href":"https:\/\/nordicmart.andreevmaster.com\/fi\/wp-json\/wp\/v2\/product_tag?post=32686"}],"curies":[{"name":"wp","href":"https:\/\/api.w.org\/{rel}","templated":true}]}}