{"id":32684,"date":"2026-02-27T00:18:20","date_gmt":"2026-02-27T00:18:20","guid":{"rendered":"https:\/\/nordicmart.andreevmaster.com\/product\/vasagle-kenkapenkki-2-hyllya-30-x-100-x-45-cm-greige-musta\/"},"modified":"2026-02-27T09:39:52","modified_gmt":"2026-02-27T09:39:52","slug":"vasagle-kenkapenkki-2-hyllya-30-x-100-x-45-cm-greige-musta","status":"publish","type":"product","link":"https:\/\/nordicmart.andreevmaster.com\/fi\/tuote\/vasagle-kenkapenkki-2-hyllya-30-x-100-x-45-cm-greige-musta\/","title":{"rendered":"VASAGLE kenk\u00e4penkki, 2 hylly\u00e4, 30 x 100 x 45 cm, greige-musta"},"content":{"rendered":"<p>VASAGLE kenk\u00e4penkki, kenk\u00e4hylly 2 hyllyll\u00e4, kenk\u00e4j\u00e4rjestelij\u00e4, 100 x 30 x 45 cm, eteiseen, k\u00e4yt\u00e4v\u00e4\u00e4n, olohuoneeseen, metallirunko, teollinen muotoilu, vintage-ruskea-musta LBS078B01<br \/>\nV\u00e4ri: greige-musta<br \/>\nMateriaali: lastulevy, ter\u00e4s<br \/>\nKoko: 30 x 100 x 45 cm (S x L x K)<br \/>\nPaino: 10,3 kg<br \/>\nPinnan maks. staattinen kantavuus: 90 kg<br \/>\nMaks. staattinen kantavuus per ritil\u00e4hylly: 5 kg<\/p>\n","protected":false},"excerpt":{"rendered":"<p>VASAGLE kenk\u00e4penkki, kenk\u00e4hylly 2 hyllyll\u00e4, kenk\u00e4j\u00e4rjestelij\u00e4, 100 x 30 x 45 cm, eteiseen, k\u00e4yt\u00e4v\u00e4\u00e4n, olohuoneeseen, metallirunko, teollinen muotoilu, vintage-ruskea-musta LBS078B01<\/p>\n","protected":false},"featured_media":0,"comment_status":"open","ping_status":"closed","template":"","meta":[],"product_brand":[],"product_cat":[32],"product_tag":[],"class_list":{"0":"post-32684","1":"product","2":"type-product","3":"status-publish","5":"product_cat-uncategorized-fi","7":"first","8":"instock","9":"shipping-taxable","10":"purchasable","11":"product-type-simple"},"_links":{"self":[{"href":"https:\/\/nordicmart.andreevmaster.com\/fi\/wp-json\/wp\/v2\/product\/32684","targetHints":{"allow":["GET"]}}],"collection":[{"href":"https:\/\/nordicmart.andreevmaster.com\/fi\/wp-json\/wp\/v2\/product"}],"about":[{"href":"https:\/\/nordicmart.andreevmaster.com\/fi\/wp-json\/wp\/v2\/types\/product"}],"replies":[{"embeddable":true,"href":"https:\/\/nordicmart.andreevmaster.com\/fi\/wp-json\/wp\/v2\/comments?post=32684"}],"wp:attachment":[{"href":"https:\/\/nordicmart.andreevmaster.com\/fi\/wp-json\/wp\/v2\/media?parent=32684"}],"wp:term":[{"taxonomy":"product_brand","embeddable":true,"href":"https:\/\/nordicmart.andreevmaster.com\/fi\/wp-json\/wp\/v2\/product_brand?post=32684"},{"taxonomy":"product_cat","embeddable":true,"href":"https:\/\/nordicmart.andreevmaster.com\/fi\/wp-json\/wp\/v2\/product_cat?post=32684"},{"taxonomy":"product_tag","embeddable":true,"href":"https:\/\/nordicmart.andreevmaster.com\/fi\/wp-json\/wp\/v2\/product_tag?post=32684"}],"curies":[{"name":"wp","href":"https:\/\/api.w.org\/{rel}","templated":true}]}}