{"id":32682,"date":"2026-02-27T00:18:20","date_gmt":"2026-02-27T00:18:20","guid":{"rendered":"https:\/\/nordicmart.andreevmaster.com\/product\/vasagle-eteisen-kenkapenkki\/"},"modified":"2026-02-27T09:39:52","modified_gmt":"2026-02-27T09:39:52","slug":"vasagle-eteisen-kenkapenkki","status":"publish","type":"product","link":"https:\/\/nordicmart.andreevmaster.com\/fi\/tuote\/vasagle-eteisen-kenkapenkki\/","title":{"rendered":"VASAGLE eteisen kenk\u00e4penkki"},"content":{"rendered":"<p>Tuotetiedot: &#8211; V\u00e4ri: greige-musta  &#8211; Materiaali: lastulevy, ter\u00e4s &#8211; Koko: 80 x 30 x 44,5 cm (P x L x K) &#8211; Paino: 5,9 kg &#8211; Maks. staattinen kantavuus pinnalla: 90 kg &#8211; Maks. staattinen kantavuus ritil\u00e4hyllyll\u00e4: 5 kgToimitus sis\u00e4lt\u00e4\u00e4:- 1 x kenk\u00e4penkki &#8211; 1 x lis\u00e4varustepaketti &#8211; 1 x ohjeet (DE, EN, ES, FR, IT) VASAGLE Huomautukset: &#8211; Aseta tuote siten, ett\u00e4 se ei ole alttiina l\u00e4mm\u00f6nl\u00e4hteille, suoralle auringonvalolle tai kosteudelle. &#8211; Lapset eiv\u00e4t saa kiivet\u00e4 tuotteen p\u00e4\u00e4lle.<\/p>\n","protected":false},"excerpt":{"rendered":"<p>VASAGLE kenk\u00e4penkki 2 ritil\u00e4hyllyll\u00e4, kenk\u00e4hylly istuimella, 80 x 30 x 44,5 cm, kenk\u00e4hylly eteiseen, teollinen muotoilu, greige-musta LBS074B02<\/p>\n","protected":false},"featured_media":41662,"comment_status":"open","ping_status":"closed","template":"","meta":[],"product_brand":[],"product_cat":[32],"product_tag":[],"class_list":{"0":"post-32682","1":"product","2":"type-product","3":"status-publish","4":"has-post-thumbnail","6":"product_cat-uncategorized-fi","8":"first","9":"instock","10":"shipping-taxable","11":"purchasable","12":"product-type-simple"},"_links":{"self":[{"href":"https:\/\/nordicmart.andreevmaster.com\/fi\/wp-json\/wp\/v2\/product\/32682","targetHints":{"allow":["GET"]}}],"collection":[{"href":"https:\/\/nordicmart.andreevmaster.com\/fi\/wp-json\/wp\/v2\/product"}],"about":[{"href":"https:\/\/nordicmart.andreevmaster.com\/fi\/wp-json\/wp\/v2\/types\/product"}],"replies":[{"embeddable":true,"href":"https:\/\/nordicmart.andreevmaster.com\/fi\/wp-json\/wp\/v2\/comments?post=32682"}],"wp:featuredmedia":[{"embeddable":true,"href":"https:\/\/nordicmart.andreevmaster.com\/fi\/wp-json\/wp\/v2\/media\/41662"}],"wp:attachment":[{"href":"https:\/\/nordicmart.andreevmaster.com\/fi\/wp-json\/wp\/v2\/media?parent=32682"}],"wp:term":[{"taxonomy":"product_brand","embeddable":true,"href":"https:\/\/nordicmart.andreevmaster.com\/fi\/wp-json\/wp\/v2\/product_brand?post=32682"},{"taxonomy":"product_cat","embeddable":true,"href":"https:\/\/nordicmart.andreevmaster.com\/fi\/wp-json\/wp\/v2\/product_cat?post=32682"},{"taxonomy":"product_tag","embeddable":true,"href":"https:\/\/nordicmart.andreevmaster.com\/fi\/wp-json\/wp\/v2\/product_tag?post=32682"}],"curies":[{"name":"wp","href":"https:\/\/api.w.org\/{rel}","templated":true}]}}