{"id":32681,"date":"2026-02-27T00:18:19","date_gmt":"2026-02-27T00:18:19","guid":{"rendered":"https:\/\/nordicmart.andreevmaster.com\/product\/vasagle-kenkateline-2-hyllylla-tammibeige-klassinen-valkoinen\/"},"modified":"2026-02-27T09:39:51","modified_gmt":"2026-02-27T09:39:51","slug":"vasagle-kenkateline-2-hyllylla-tammibeige-klassinen-valkoinen","status":"publish","type":"product","link":"https:\/\/nordicmart.andreevmaster.com\/fi\/tuote\/vasagle-kenkateline-2-hyllylla-tammibeige-klassinen-valkoinen\/","title":{"rendered":"VASAGLE kenk\u00e4teline 2 hyllyll\u00e4, tammibeige-klassinen valkoinen"},"content":{"rendered":"<p>VASAGLE Hemmottele itse\u00e4si ja eteistasi t\u00e4ll\u00e4 teollisen muotoilun kenk\u00e4penkill\u00e4. 2 verkkohylly\u00e4 6\u20138 parille kenki\u00e4 ja rustiikkinen hylly laukkuille, lompakoille ja avaimille.<br \/>\nV\u00e4ri: tammibeige-klassinen valkoinen<br \/>\nMateriaali: lastulevy, ter\u00e4s<br \/>\nKoko: 30 x 73 x 45 cm (S x L x K)<br \/>\nPaino: 6,8 kg<br \/>\nPinnan maks. staattinen kantavuus: 90 kg<br \/>\nHyllyjen maks. staattinen kantavuus: 5 kg<\/p>\n","protected":false},"excerpt":{"rendered":"<p>VASAGLE Hemmottele itse\u00e4si ja eteistasi t\u00e4ll\u00e4 teollisen muotoilun kenk\u00e4penkill\u00e4. 2 verkkohylly\u00e4 6\u20138 parille kenki\u00e4 ja rustiikkinen hylly laukkuille, lompakoille ja avaimille.<\/p>\n","protected":false},"featured_media":46608,"comment_status":"open","ping_status":"closed","template":"","meta":[],"product_brand":[],"product_cat":[32],"product_tag":[],"class_list":{"0":"post-32681","1":"product","2":"type-product","3":"status-publish","4":"has-post-thumbnail","6":"product_cat-uncategorized-fi","8":"first","9":"instock","10":"shipping-taxable","11":"purchasable","12":"product-type-simple"},"_links":{"self":[{"href":"https:\/\/nordicmart.andreevmaster.com\/fi\/wp-json\/wp\/v2\/product\/32681","targetHints":{"allow":["GET"]}}],"collection":[{"href":"https:\/\/nordicmart.andreevmaster.com\/fi\/wp-json\/wp\/v2\/product"}],"about":[{"href":"https:\/\/nordicmart.andreevmaster.com\/fi\/wp-json\/wp\/v2\/types\/product"}],"replies":[{"embeddable":true,"href":"https:\/\/nordicmart.andreevmaster.com\/fi\/wp-json\/wp\/v2\/comments?post=32681"}],"wp:featuredmedia":[{"embeddable":true,"href":"https:\/\/nordicmart.andreevmaster.com\/fi\/wp-json\/wp\/v2\/media\/46608"}],"wp:attachment":[{"href":"https:\/\/nordicmart.andreevmaster.com\/fi\/wp-json\/wp\/v2\/media?parent=32681"}],"wp:term":[{"taxonomy":"product_brand","embeddable":true,"href":"https:\/\/nordicmart.andreevmaster.com\/fi\/wp-json\/wp\/v2\/product_brand?post=32681"},{"taxonomy":"product_cat","embeddable":true,"href":"https:\/\/nordicmart.andreevmaster.com\/fi\/wp-json\/wp\/v2\/product_cat?post=32681"},{"taxonomy":"product_tag","embeddable":true,"href":"https:\/\/nordicmart.andreevmaster.com\/fi\/wp-json\/wp\/v2\/product_tag?post=32681"}],"curies":[{"name":"wp","href":"https:\/\/api.w.org\/{rel}","templated":true}]}}