{"id":32680,"date":"2026-02-27T00:18:19","date_gmt":"2026-02-27T00:18:19","guid":{"rendered":"https:\/\/nordicmart.andreevmaster.com\/product\/vasagle-metallinen-kenkateline-jossa-on-2-hyllya-ja-penkki-2\/"},"modified":"2026-02-27T09:39:51","modified_gmt":"2026-02-27T09:39:51","slug":"vasagle-metallinen-kenkateline-jossa-on-2-hyllya-ja-penkki-2","status":"publish","type":"product","link":"https:\/\/nordicmart.andreevmaster.com\/fi\/tuote\/vasagle-metallinen-kenkateline-jossa-on-2-hyllya-ja-penkki-2\/","title":{"rendered":"Vasagle metallinen kenk\u00e4teline, jossa on 2 hylly\u00e4 ja penkki"},"content":{"rendered":"<p>Tyyppi:Hyllyst\u00f6Materiaali:PuuMateriaali:MetalliAsiointi:KeltainenV\u00e4ri:Ruskea, mustaMitta:73x30x45 cmMateriaali:Puu, ter\u00e4sSijoituspaikka:K\u00e4yt\u00e4v\u00e4ss\u00e4<\/p>\n","protected":false},"excerpt":{"rendered":"<p>Tyyppi:Hyllyst\u00f6Materiaali:PuuMateriaali:MetalliAsiointi:KeltainenV\u00e4ri:Ruskea, mustaMitta:73x30x45 cmMateriaali:Puu, ter\u00e4sSijoituspaikka:K\u00e4yt\u00e4v\u00e4ss\u00e4<\/p>\n","protected":false},"featured_media":0,"comment_status":"open","ping_status":"closed","template":"","meta":[],"product_brand":[],"product_cat":[32],"product_tag":[],"class_list":{"0":"post-32680","1":"product","2":"type-product","3":"status-publish","5":"product_cat-uncategorized-fi","7":"first","8":"instock","9":"shipping-taxable","10":"product-type-simple"},"_links":{"self":[{"href":"https:\/\/nordicmart.andreevmaster.com\/fi\/wp-json\/wp\/v2\/product\/32680","targetHints":{"allow":["GET"]}}],"collection":[{"href":"https:\/\/nordicmart.andreevmaster.com\/fi\/wp-json\/wp\/v2\/product"}],"about":[{"href":"https:\/\/nordicmart.andreevmaster.com\/fi\/wp-json\/wp\/v2\/types\/product"}],"replies":[{"embeddable":true,"href":"https:\/\/nordicmart.andreevmaster.com\/fi\/wp-json\/wp\/v2\/comments?post=32680"}],"wp:attachment":[{"href":"https:\/\/nordicmart.andreevmaster.com\/fi\/wp-json\/wp\/v2\/media?parent=32680"}],"wp:term":[{"taxonomy":"product_brand","embeddable":true,"href":"https:\/\/nordicmart.andreevmaster.com\/fi\/wp-json\/wp\/v2\/product_brand?post=32680"},{"taxonomy":"product_cat","embeddable":true,"href":"https:\/\/nordicmart.andreevmaster.com\/fi\/wp-json\/wp\/v2\/product_cat?post=32680"},{"taxonomy":"product_tag","embeddable":true,"href":"https:\/\/nordicmart.andreevmaster.com\/fi\/wp-json\/wp\/v2\/product_tag?post=32680"}],"curies":[{"name":"wp","href":"https:\/\/api.w.org\/{rel}","templated":true}]}}