{"id":32679,"date":"2026-02-27T00:18:19","date_gmt":"2026-02-27T00:18:19","guid":{"rendered":"https:\/\/nordicmart.andreevmaster.com\/product\/vasagle-kenkapenkki-2-ritilahyllya-30-x-73-x-45-cm-eebenpuunmusta-musta\/"},"modified":"2026-02-27T09:39:51","modified_gmt":"2026-02-27T09:39:51","slug":"vasagle-kenkapenkki-2-ritilahyllya-30-x-73-x-45-cm-eebenpuunmusta-musta","status":"publish","type":"product","link":"https:\/\/nordicmart.andreevmaster.com\/fi\/tuote\/vasagle-kenkapenkki-2-ritilahyllya-30-x-73-x-45-cm-eebenpuunmusta-musta\/","title":{"rendered":"VASAGLE kenk\u00e4penkki, 2 ritil\u00e4hylly\u00e4 30 x 73 x 45 cm eebenpuunmusta-musta"},"content":{"rendered":"<p>VASAGLE kenk\u00e4penkki, kenk\u00e4kaappi, kenk\u00e4hylly istumiseen, 73 x 30 x 45 cm, 3-tasoinen kenk\u00e4hylly, metallirunko, eteiseen, teollinen muotoilu, puun n\u00e4k\u00f6inen, hasselp\u00e4hkin\u00e4nruskea-musta LBS073B03<br \/>\nV\u00e4ri: eebenpuunmusta-musta<br \/>\nMateriaali: lastulevy, ter\u00e4s<br \/>\nKoko: 30 x 73 x 45 cm (S x L x K)<br \/>\nPaino: 6,8 kg<br \/>\nPinnan maks. staattinen kantavuus: 90 kg<br \/>\nHyllyjen maks. staattinen kantavuus: 5 kg<\/p>\n","protected":false},"excerpt":{"rendered":"<p>VASAGLE kenk\u00e4penkki, kenk\u00e4kaappi, kenk\u00e4hylly istumiseen, 73 x 30 x 45 cm, 3-tasoinen kenk\u00e4hylly, metallirunko, eteiseen, teollinen muotoilu, puun n\u00e4k\u00f6inen, hasselp\u00e4hkin\u00e4nruskea-musta LBS073B03<\/p>\n","protected":false},"featured_media":0,"comment_status":"open","ping_status":"closed","template":"","meta":[],"product_brand":[],"product_cat":[32],"product_tag":[],"class_list":{"0":"post-32679","1":"product","2":"type-product","3":"status-publish","5":"product_cat-uncategorized-fi","7":"first","8":"instock","9":"shipping-taxable","10":"purchasable","11":"product-type-simple"},"_links":{"self":[{"href":"https:\/\/nordicmart.andreevmaster.com\/fi\/wp-json\/wp\/v2\/product\/32679","targetHints":{"allow":["GET"]}}],"collection":[{"href":"https:\/\/nordicmart.andreevmaster.com\/fi\/wp-json\/wp\/v2\/product"}],"about":[{"href":"https:\/\/nordicmart.andreevmaster.com\/fi\/wp-json\/wp\/v2\/types\/product"}],"replies":[{"embeddable":true,"href":"https:\/\/nordicmart.andreevmaster.com\/fi\/wp-json\/wp\/v2\/comments?post=32679"}],"wp:attachment":[{"href":"https:\/\/nordicmart.andreevmaster.com\/fi\/wp-json\/wp\/v2\/media?parent=32679"}],"wp:term":[{"taxonomy":"product_brand","embeddable":true,"href":"https:\/\/nordicmart.andreevmaster.com\/fi\/wp-json\/wp\/v2\/product_brand?post=32679"},{"taxonomy":"product_cat","embeddable":true,"href":"https:\/\/nordicmart.andreevmaster.com\/fi\/wp-json\/wp\/v2\/product_cat?post=32679"},{"taxonomy":"product_tag","embeddable":true,"href":"https:\/\/nordicmart.andreevmaster.com\/fi\/wp-json\/wp\/v2\/product_tag?post=32679"}],"curies":[{"name":"wp","href":"https:\/\/api.w.org\/{rel}","templated":true}]}}