{"id":32678,"date":"2026-02-27T00:18:19","date_gmt":"2026-02-27T00:18:19","guid":{"rendered":"https:\/\/nordicmart.andreevmaster.com\/product\/vasagle-kenkapenkki-pahkinanruskea-musta\/"},"modified":"2026-02-27T09:39:51","modified_gmt":"2026-02-27T09:39:51","slug":"vasagle-kenkapenkki-pahkinanruskea-musta","status":"publish","type":"product","link":"https:\/\/nordicmart.andreevmaster.com\/fi\/tuote\/vasagle-kenkapenkki-pahkinanruskea-musta\/","title":{"rendered":"VASAGLE kenk\u00e4penkki  p\u00e4hkin\u00e4nruskea-musta"},"content":{"rendered":"<p>Tuotetiedot: V\u00e4ri: Greige Materiaali: Lastulevy, ter\u00e4s Koko: 73 x 30 x 45 cm (P x L x K) Paino: 8 kg Maks. staattinen kantavuus: 90 kg Toimitus sis\u00e4lt\u00e4\u00e4: 1 x kenk\u00e4teline 1 x lis\u00e4varustepussi 1 x ohjeet (DE, EN, ES, FR, IT) VASAGLE-huomautukset:Turvallisuussyist\u00e4 lapset eiv\u00e4t saa kiivet\u00e4 tuotteelle tai leikki\u00e4 sill\u00e4. Tuotteen suurin staattinen kantavuus on 90 kg. \u00c4l\u00e4 ylit\u00e4 t\u00e4t\u00e4 enimm\u00e4ispainoa.<\/p>\n","protected":false},"excerpt":{"rendered":"<p>VASAGLE kenk\u00e4penkki, kenk\u00e4kaappi, kenk\u00e4hylly istumiseen, 73 x 30 x 45 cm, 3-tasoinen kenk\u00e4hylly, metallirunko, eteiseen, teollinen muotoilu, puun n\u00e4k\u00f6inen, hasselp\u00e4hkin\u00e4nruskea-musta LBS073B03<\/p>\n","protected":false},"featured_media":41661,"comment_status":"open","ping_status":"closed","template":"","meta":[],"product_brand":[],"product_cat":[32],"product_tag":[],"class_list":{"0":"post-32678","1":"product","2":"type-product","3":"status-publish","4":"has-post-thumbnail","6":"product_cat-uncategorized-fi","8":"first","9":"instock","10":"shipping-taxable","11":"purchasable","12":"product-type-simple"},"_links":{"self":[{"href":"https:\/\/nordicmart.andreevmaster.com\/fi\/wp-json\/wp\/v2\/product\/32678","targetHints":{"allow":["GET"]}}],"collection":[{"href":"https:\/\/nordicmart.andreevmaster.com\/fi\/wp-json\/wp\/v2\/product"}],"about":[{"href":"https:\/\/nordicmart.andreevmaster.com\/fi\/wp-json\/wp\/v2\/types\/product"}],"replies":[{"embeddable":true,"href":"https:\/\/nordicmart.andreevmaster.com\/fi\/wp-json\/wp\/v2\/comments?post=32678"}],"wp:featuredmedia":[{"embeddable":true,"href":"https:\/\/nordicmart.andreevmaster.com\/fi\/wp-json\/wp\/v2\/media\/41661"}],"wp:attachment":[{"href":"https:\/\/nordicmart.andreevmaster.com\/fi\/wp-json\/wp\/v2\/media?parent=32678"}],"wp:term":[{"taxonomy":"product_brand","embeddable":true,"href":"https:\/\/nordicmart.andreevmaster.com\/fi\/wp-json\/wp\/v2\/product_brand?post=32678"},{"taxonomy":"product_cat","embeddable":true,"href":"https:\/\/nordicmart.andreevmaster.com\/fi\/wp-json\/wp\/v2\/product_cat?post=32678"},{"taxonomy":"product_tag","embeddable":true,"href":"https:\/\/nordicmart.andreevmaster.com\/fi\/wp-json\/wp\/v2\/product_tag?post=32678"}],"curies":[{"name":"wp","href":"https:\/\/api.w.org\/{rel}","templated":true}]}}