{"id":32677,"date":"2026-02-27T00:18:19","date_gmt":"2026-02-27T00:18:19","guid":{"rendered":"https:\/\/nordicmart.andreevmaster.com\/product\/songmics-kenkahylly-bambusta\/"},"modified":"2026-02-27T09:39:51","modified_gmt":"2026-02-27T09:39:51","slug":"songmics-kenkahylly-bambusta","status":"publish","type":"product","link":"https:\/\/nordicmart.andreevmaster.com\/fi\/tuote\/songmics-kenkahylly-bambusta\/","title":{"rendered":"SONGMICS kenk\u00e4hylly bambusta"},"content":{"rendered":"<p> Kaksipuolinen huonekalu Kenk\u00e4penkki: Aseta 4 paria kenki\u00e4 kenk\u00e4hyllyn kahdelle alimmalle tasolle ja istu mukavasti penkin pinnalle, kun haluat pukea yhden n\u00e4ist\u00e4 pareista. S\u00e4ilytyshylly: K\u00e4yt\u00e4 t\u00e4t\u00e4 huonekalua my\u00f6s laatikoiden, korien, peittojen, pyyhkeiden tai kirjojen s\u00e4ilytykseen ja aseta yl\u00e4osaan muutama vihre\u00e4 kasvi. Haluatko k\u00e4ytt\u00e4\u00e4 t\u00e4t\u00e4 monipuolista huonekalua makuuhuoneessa, olohuoneessa, kylpyhuoneessa tai eteisess\u00e4? Tuotetiedot: &#8211; V\u00e4ri: luonnonv\u00e4rit &#8211; Materiaali: bambu &#8211; Mitat: 70 x 45 x 28 cm (L x K x S) &#8211; Paino: 4,26 kg  Toimitus sis\u00e4lt\u00e4\u00e4: &#8211; 1 x kenk\u00e4hylly &#8211; 1 x lis\u00e4varustesarja &#8211; 1 x ohjeet (DE, EN, IT, ES, FR)SONGMICS Huomautukset:  &#8211; Poista vesiroiskeet v\u00e4litt\u00f6m\u00e4sti. &#8211; Suojaa hylly sateelta ja voimakkaalta auringonvalolta. <\/p>\n","protected":false},"excerpt":{"rendered":"<p>SONGMICS kenk\u00e4teline, bambusta valmistettu kenk\u00e4penkki, istuimella ja 3 hyllyll\u00e4, 70 x 28 x 45 cm, eteinen, kylpyhuone, olohuone LBS04N<\/p>\n","protected":false},"featured_media":41660,"comment_status":"open","ping_status":"closed","template":"","meta":[],"product_brand":[],"product_cat":[32],"product_tag":[],"class_list":{"0":"post-32677","1":"product","2":"type-product","3":"status-publish","4":"has-post-thumbnail","6":"product_cat-uncategorized-fi","8":"first","9":"instock","10":"shipping-taxable","11":"purchasable","12":"product-type-simple"},"_links":{"self":[{"href":"https:\/\/nordicmart.andreevmaster.com\/fi\/wp-json\/wp\/v2\/product\/32677","targetHints":{"allow":["GET"]}}],"collection":[{"href":"https:\/\/nordicmart.andreevmaster.com\/fi\/wp-json\/wp\/v2\/product"}],"about":[{"href":"https:\/\/nordicmart.andreevmaster.com\/fi\/wp-json\/wp\/v2\/types\/product"}],"replies":[{"embeddable":true,"href":"https:\/\/nordicmart.andreevmaster.com\/fi\/wp-json\/wp\/v2\/comments?post=32677"}],"wp:featuredmedia":[{"embeddable":true,"href":"https:\/\/nordicmart.andreevmaster.com\/fi\/wp-json\/wp\/v2\/media\/41660"}],"wp:attachment":[{"href":"https:\/\/nordicmart.andreevmaster.com\/fi\/wp-json\/wp\/v2\/media?parent=32677"}],"wp:term":[{"taxonomy":"product_brand","embeddable":true,"href":"https:\/\/nordicmart.andreevmaster.com\/fi\/wp-json\/wp\/v2\/product_brand?post=32677"},{"taxonomy":"product_cat","embeddable":true,"href":"https:\/\/nordicmart.andreevmaster.com\/fi\/wp-json\/wp\/v2\/product_cat?post=32677"},{"taxonomy":"product_tag","embeddable":true,"href":"https:\/\/nordicmart.andreevmaster.com\/fi\/wp-json\/wp\/v2\/product_tag?post=32677"}],"curies":[{"name":"wp","href":"https:\/\/api.w.org\/{rel}","templated":true}]}}