{"id":32676,"date":"2026-02-27T00:18:18","date_gmt":"2026-02-27T00:18:18","guid":{"rendered":"https:\/\/nordicmart.andreevmaster.com\/product\/songmics-kenkapenkki-bambusta-valkoinen\/"},"modified":"2026-02-27T09:39:50","modified_gmt":"2026-02-27T09:39:50","slug":"songmics-kenkapenkki-bambusta-valkoinen","status":"publish","type":"product","link":"https:\/\/nordicmart.andreevmaster.com\/fi\/tuote\/songmics-kenkapenkki-bambusta-valkoinen\/","title":{"rendered":"SONGMICS kenk\u00e4penkki bambusta, valkoinen"},"content":{"rendered":"<p>Songmicsin bambuhylly on yhdistelm\u00e4 kenk\u00e4hylly\u00e4 ja penkki\u00e4, joka  sopii moniin eri k\u00e4ytt\u00f6tarkoituksiin.  Vankka ja kest\u00e4v\u00e4 hylly on valmistettu korkealaatuisesta bambusta. Bambu on nopeasti  uudistuva raaka-aine ja siten ymp\u00e4rist\u00f6yst\u00e4v\u00e4llinen vaihtoehto. Se on hyv\u00e4 valinta ymp\u00e4rist\u00f6tietoisille henkil\u00f6ille, joilla on silm\u00e4\u00e4 eleganssille.  Bambu-levyt on hiottu sileiksi. Py\u00f6ristetyt reunat eiv\u00e4t vahingoita vaatteitasi tai kehoasi. Verrattuna muihin tuotteisiin, t\u00e4m\u00e4n hyllyn hyllylevyt on valmistettu yhdest\u00e4 bambulevyst\u00e4, jossa on urat, mik\u00e4 mahdollistaa suuremman kantavuuden ja antaa hyllylle kauniin ja modernin ilmeen. T\u00e4m\u00e4 kaunis hylly takaa mukavan viihtyvyyden.  Asennusvinkkej\u00e4\uff1a 1. Asenna ensin hyllyn jalat lyhyill\u00e4 ruuveilla ja kuusioruuveilla.  2. Aseta ruuvit reik\u00e4\u00e4n ja kierr\u00e4 pitk\u00e4t ruuvit  hyllyn jalkojen ulkopuolelta sis\u00e4\u00e4np\u00e4in. Asennuksen aikana jalat on pidett\u00e4v\u00e4  rei\u00e4t ulosp\u00e4in.  3. Hyllyjen asennuksessa suosittelemme kiinnitt\u00e4m\u00e4\u00e4n hyllyt ensin ruuveilla  diagonaalisesti, jolloin loput ruuvit on helpompi kiinnitt\u00e4\u00e4.  Huomautukset:  1. Kylpyhuoneessa vesi on poistettava ajoissa ja kenk\u00e4hyllyn on pysytt\u00e4v\u00e4 kuivana.  2. Hylly on suojattava sateelta ja voimakkaalta auringonvalolta. Tuotetiedot: &#8211; Mitat: 70 x 45 x 28 cm (L x K x S) &#8211; Materiaali: bambu &#8211; V\u00e4ri: valkoinen &#8211; Pakkauksen mitat: 72 x 5 x 31 cm (L x K x S) &#8211; Yksitt\u00e4isen tuotteen paino: 4,26 kg  Toimitus sis\u00e4lt\u00e4\u00e4: &#8211; 1 x kenk\u00e4hylly &#8211; 1 x ohjeet &#8211; 1 x lis\u00e4varustesarja <\/p>\n","protected":false},"excerpt":{"rendered":"<p>SONGMICS kenk\u00e4teline, bambusta valmistettu kenk\u00e4penkki, istuimella ja 3 hyllyll\u00e4, 70 x 28 x 45 cm, eteinen, kylpyhuone, olohuone LBS04N<\/p>\n","protected":false},"featured_media":41659,"comment_status":"open","ping_status":"closed","template":"","meta":[],"product_brand":[],"product_cat":[32],"product_tag":[],"class_list":{"0":"post-32676","1":"product","2":"type-product","3":"status-publish","4":"has-post-thumbnail","6":"product_cat-uncategorized-fi","8":"first","9":"instock","10":"shipping-taxable","11":"purchasable","12":"product-type-simple"},"_links":{"self":[{"href":"https:\/\/nordicmart.andreevmaster.com\/fi\/wp-json\/wp\/v2\/product\/32676","targetHints":{"allow":["GET"]}}],"collection":[{"href":"https:\/\/nordicmart.andreevmaster.com\/fi\/wp-json\/wp\/v2\/product"}],"about":[{"href":"https:\/\/nordicmart.andreevmaster.com\/fi\/wp-json\/wp\/v2\/types\/product"}],"replies":[{"embeddable":true,"href":"https:\/\/nordicmart.andreevmaster.com\/fi\/wp-json\/wp\/v2\/comments?post=32676"}],"wp:featuredmedia":[{"embeddable":true,"href":"https:\/\/nordicmart.andreevmaster.com\/fi\/wp-json\/wp\/v2\/media\/41659"}],"wp:attachment":[{"href":"https:\/\/nordicmart.andreevmaster.com\/fi\/wp-json\/wp\/v2\/media?parent=32676"}],"wp:term":[{"taxonomy":"product_brand","embeddable":true,"href":"https:\/\/nordicmart.andreevmaster.com\/fi\/wp-json\/wp\/v2\/product_brand?post=32676"},{"taxonomy":"product_cat","embeddable":true,"href":"https:\/\/nordicmart.andreevmaster.com\/fi\/wp-json\/wp\/v2\/product_cat?post=32676"},{"taxonomy":"product_tag","embeddable":true,"href":"https:\/\/nordicmart.andreevmaster.com\/fi\/wp-json\/wp\/v2\/product_tag?post=32676"}],"curies":[{"name":"wp","href":"https:\/\/api.w.org\/{rel}","templated":true}]}}