{"id":32673,"date":"2026-02-27T00:18:17","date_gmt":"2026-02-27T00:18:17","guid":{"rendered":"https:\/\/nordicmart.andreevmaster.com\/product\/skostativ-i-bambus-rustfrit-stal-2\/"},"modified":"2026-02-27T09:39:50","modified_gmt":"2026-02-27T09:39:50","slug":"skostativ-i-bambus-rustfrit-stal-2","status":"publish","type":"product","link":"https:\/\/nordicmart.andreevmaster.com\/fi\/tuote\/skostativ-i-bambus-rustfrit-stal-2\/","title":{"rendered":"Skostativ i bambus\/rustfrit st\u00e5l"},"content":{"rendered":"<p>Songmicsin kenk\u00e4hylly yhdist\u00e4\u00e4 modernin ulkon\u00e4\u00f6n ja k\u00e4yt\u00e4nn\u00f6lliset ominaisuudet. Pienet mitat tekev\u00e4t siit\u00e4 helpon siirt\u00e4\u00e4. Hylly\u00e4 voi k\u00e4ytt\u00e4\u00e4 monin eri tavoin: K\u00e4yt\u00e4v\u00e4ll\u00e4 sit\u00e4 voi k\u00e4ytt\u00e4\u00e4 kenk\u00e4hyllyn\u00e4 kenkien s\u00e4ilytt\u00e4miseen; olohuoneessa se on t\u00e4ydellinen hylly vaatteiden s\u00e4ilytt\u00e4miseen; toimistossa voit sijoittaa siihen kansioita. T\u00e4ss\u00e4 on muutamia lis\u00e4\u00e4 ideoita. Puhtaat, kiillotetut reunat suojaavat sinua ja perhett\u00e4si loukkaantumisilta. Songmics-tuotteet tekev\u00e4t el\u00e4m\u00e4st\u00e4si aina helpompaa ja mukavampaa. Tuotetiedot: &#8211; V\u00e4ri: luonnonv\u00e4ri (sivupaneeli), ruostumaton ter\u00e4s (ruostumattomasta ter\u00e4ksest\u00e4 valmistetut putket) &#8211; Materiaali: bambu, ruostumattomasta ter\u00e4ksest\u00e4 valmistetut putket &#8211; Kunkin tason kantavuus: 6 kg &#8211; Kokonaiskantavuus: 18 kg &#8211; Mitat: 80 x 50 x 30 cm (L x K x S) &#8211; Paino: 2,8 kg Toimitus sis\u00e4lt\u00e4\u00e4: &#8211; 1 x kenk\u00e4teline &#8211; 1 x kiinnitystarvikepussi &#8211; 1 x k\u00e4ytt\u00f6ohje (DE, EN, FR, ES, IT) Huomautukset: &#8211; Pyyhi tuote s\u00e4\u00e4nn\u00f6llisesti kuivalla liinalla. &#8211; S\u00e4ilyt\u00e4 tuotetta kuivassa ymp\u00e4rist\u00f6ss\u00e4 ja suojaa sit\u00e4 suoralta auringonvalolta tai sadevedelt\u00e4.<\/p>\n","protected":false},"excerpt":{"rendered":"<p>Songmicsin kenk\u00e4hylly yhdist\u00e4\u00e4 modernin ulkon\u00e4\u00f6n ja k\u00e4yt\u00e4nn\u00f6lliset ominaisuudet. Pienet mitat tekev\u00e4t siit\u00e4 helpon siirt\u00e4\u00e4. Hylly\u00e4 voi k\u00e4ytt\u00e4\u00e4 monin eri tavoin: K\u00e4yt\u00e4v\u00e4ll\u00e4 sit\u00e4 voi k\u00e4ytt\u00e4\u00e4 kenk\u00e4hyllyn\u00e4 kenkien s\u00e4ilytt\u00e4miseen; olohuoneessa se on t\u00e4ydellinen hylly vaatteiden s\u00e4ilytt\u00e4miseen; toimistossa voit sijoittaa siihen kansioita. T\u00e4ss\u00e4 on muutamia lis\u00e4\u00e4 ideoita. Puhtaat, kiillotetut reunat suojaavat sinua ja perhett\u00e4si loukkaantumisilta. Songmics-tuotteet tekev\u00e4t el\u00e4m\u00e4st\u00e4si [&hellip;]<\/p>\n","protected":false},"featured_media":0,"comment_status":"open","ping_status":"closed","template":"","meta":[],"product_brand":[],"product_cat":[32],"product_tag":[],"class_list":{"0":"post-32673","1":"product","2":"type-product","3":"status-publish","5":"product_cat-uncategorized-fi","7":"first","8":"instock","9":"shipping-taxable","10":"purchasable","11":"product-type-simple"},"_links":{"self":[{"href":"https:\/\/nordicmart.andreevmaster.com\/fi\/wp-json\/wp\/v2\/product\/32673","targetHints":{"allow":["GET"]}}],"collection":[{"href":"https:\/\/nordicmart.andreevmaster.com\/fi\/wp-json\/wp\/v2\/product"}],"about":[{"href":"https:\/\/nordicmart.andreevmaster.com\/fi\/wp-json\/wp\/v2\/types\/product"}],"replies":[{"embeddable":true,"href":"https:\/\/nordicmart.andreevmaster.com\/fi\/wp-json\/wp\/v2\/comments?post=32673"}],"wp:attachment":[{"href":"https:\/\/nordicmart.andreevmaster.com\/fi\/wp-json\/wp\/v2\/media?parent=32673"}],"wp:term":[{"taxonomy":"product_brand","embeddable":true,"href":"https:\/\/nordicmart.andreevmaster.com\/fi\/wp-json\/wp\/v2\/product_brand?post=32673"},{"taxonomy":"product_cat","embeddable":true,"href":"https:\/\/nordicmart.andreevmaster.com\/fi\/wp-json\/wp\/v2\/product_cat?post=32673"},{"taxonomy":"product_tag","embeddable":true,"href":"https:\/\/nordicmart.andreevmaster.com\/fi\/wp-json\/wp\/v2\/product_tag?post=32673"}],"curies":[{"name":"wp","href":"https:\/\/api.w.org\/{rel}","templated":true}]}}