{"id":32671,"date":"2026-02-27T00:18:17","date_gmt":"2026-02-27T00:18:17","guid":{"rendered":"https:\/\/nordicmart.andreevmaster.com\/product\/songmics-bambusta-valmistettu-kenkahylly-harmaa\/"},"modified":"2026-02-27T09:39:49","modified_gmt":"2026-02-27T09:39:49","slug":"songmics-bambusta-valmistettu-kenkahylly-harmaa","status":"publish","type":"product","link":"https:\/\/nordicmart.andreevmaster.com\/fi\/tuote\/songmics-bambusta-valmistettu-kenkahylly-harmaa\/","title":{"rendered":"SONGMICS bambusta valmistettu kenk\u00e4hylly, harmaa"},"content":{"rendered":"<p>Songmics-keng\u00e4hylly on ihanteellinen apuv\u00e4line eteisen tai k\u00e4yt\u00e4v\u00e4n siisteyden yll\u00e4pit\u00e4miseen. Saat tyylikk\u00e4\u00e4n keng\u00e4hyllyn, joka vakuuttaa hyv\u00e4ll\u00e4 valmistuslaadullaan ja on eritt\u00e4in koristeellinen. Se ei vain tuo j\u00e4rjestyst\u00e4 kotiin, vaan sit\u00e4 voi k\u00e4ytt\u00e4\u00e4 my\u00f6s kenkien ja koriste-esineiden esillepanoon kaupassa. Nelj\u00e4\u00e4n s\u00e4ilytystilaan voi laittaa kenki\u00e4, laukkuja, kasveja, koreja ja kylpyhuonetarvikkeita, kuten pyyhkeit\u00e4. T\u00e4\u00e4lt\u00e4 l\u00f6yd\u00e4t lis\u00e4\u00e4 ideoita. Miksi sinun pit\u00e4isi valita Songmics-keng\u00e4hylly? Songmics on aina asiakasl\u00e4ht\u00f6inen ja sitoutunut tarjoamaan korkealaatuisia tuotteita, joilla on hyv\u00e4 hinta-laatusuhde. Meill\u00e4 on erinomainen asiakaspalvelu, ja teemme kaikkemme ratkaistaksemme ongelmasi. Tuotetiedot: &#8211; V\u00e4ri: harmaa &#8211; Materiaali: bambu &#8211; Mitat: 70 x 55 x 26 cm (L x K x S) &#8211; Paino: 3,4 kg Toimitus sis\u00e4lt\u00e4\u00e4: &#8211; 1 x 3-tasoinen kenk\u00e4teline &#8211; 1 x lis\u00e4varustepussi (sis. kuusiokoloavain) &#8211; 1 x ohjeet (DE, EN, FR, IT, ES)<\/p>\n","protected":false},"excerpt":{"rendered":"<p>SONGMICS kenk\u00e4teline 3 tasolla, kenk\u00e4teline hyllyill\u00e4, 80 x 50 x 30 cm, luonnonv\u00e4ri LBS03N<\/p>\n","protected":false},"featured_media":41655,"comment_status":"open","ping_status":"closed","template":"","meta":[],"product_brand":[],"product_cat":[32],"product_tag":[],"class_list":{"0":"post-32671","1":"product","2":"type-product","3":"status-publish","4":"has-post-thumbnail","6":"product_cat-uncategorized-fi","8":"first","9":"instock","10":"shipping-taxable","11":"purchasable","12":"product-type-simple"},"_links":{"self":[{"href":"https:\/\/nordicmart.andreevmaster.com\/fi\/wp-json\/wp\/v2\/product\/32671","targetHints":{"allow":["GET"]}}],"collection":[{"href":"https:\/\/nordicmart.andreevmaster.com\/fi\/wp-json\/wp\/v2\/product"}],"about":[{"href":"https:\/\/nordicmart.andreevmaster.com\/fi\/wp-json\/wp\/v2\/types\/product"}],"replies":[{"embeddable":true,"href":"https:\/\/nordicmart.andreevmaster.com\/fi\/wp-json\/wp\/v2\/comments?post=32671"}],"wp:featuredmedia":[{"embeddable":true,"href":"https:\/\/nordicmart.andreevmaster.com\/fi\/wp-json\/wp\/v2\/media\/41655"}],"wp:attachment":[{"href":"https:\/\/nordicmart.andreevmaster.com\/fi\/wp-json\/wp\/v2\/media?parent=32671"}],"wp:term":[{"taxonomy":"product_brand","embeddable":true,"href":"https:\/\/nordicmart.andreevmaster.com\/fi\/wp-json\/wp\/v2\/product_brand?post=32671"},{"taxonomy":"product_cat","embeddable":true,"href":"https:\/\/nordicmart.andreevmaster.com\/fi\/wp-json\/wp\/v2\/product_cat?post=32671"},{"taxonomy":"product_tag","embeddable":true,"href":"https:\/\/nordicmart.andreevmaster.com\/fi\/wp-json\/wp\/v2\/product_tag?post=32671"}],"curies":[{"name":"wp","href":"https:\/\/api.w.org\/{rel}","templated":true}]}}