{"id":32670,"date":"2026-02-27T00:18:17","date_gmt":"2026-02-27T00:18:17","guid":{"rendered":"https:\/\/nordicmart.andreevmaster.com\/product\/vasagle-kenkahylly-5-tasoa-saadettavat-ritilahyllyt\/"},"modified":"2026-02-27T09:39:49","modified_gmt":"2026-02-27T09:39:49","slug":"vasagle-kenkahylly-5-tasoa-saadettavat-ritilahyllyt","status":"publish","type":"product","link":"https:\/\/nordicmart.andreevmaster.com\/fi\/tuote\/vasagle-kenkahylly-5-tasoa-saadettavat-ritilahyllyt\/","title":{"rendered":"VASAGLE kenk\u00e4hylly 5 tasoa, s\u00e4\u00e4dett\u00e4v\u00e4t ritil\u00e4hyllyt"},"content":{"rendered":"<p>VASAGLE kenk\u00e4hylly, 5-tasoinen kenk\u00e4hylly ja tilava pinta laukkuille, eteiseen, k\u00e4yt\u00e4v\u00e4\u00e4n, metalli, teollinen muotoilu, vintage-ruskea-musta LBS038B01<br \/>\nV\u00e4ri: hunajanruskea-mustanmusta<br \/>\nMateriaali: lastulevy, ter\u00e4s<br \/>\nKoko: 30 x 75 x 93 cm (S x L x K)<br \/>\nPaino: 7,6 kg<br \/>\nPinnan maks. staattinen kantavuus: 27 kg<br \/>\nMaks. staattinen kantavuus per ritil\u00e4hylly: 11 kg<\/p>\n","protected":false},"excerpt":{"rendered":"<p>VASAGLE kenk\u00e4hylly, 5-tasoinen kenk\u00e4hylly ja tilava pinta laukkuille, eteiseen, k\u00e4yt\u00e4v\u00e4\u00e4n, metalli, teollinen muotoilu, vintage-ruskea-musta LBS038B01<\/p>\n","protected":false},"featured_media":41654,"comment_status":"open","ping_status":"closed","template":"","meta":[],"product_brand":[],"product_cat":[32],"product_tag":[],"class_list":{"0":"post-32670","1":"product","2":"type-product","3":"status-publish","4":"has-post-thumbnail","6":"product_cat-uncategorized-fi","8":"first","9":"instock","10":"shipping-taxable","11":"purchasable","12":"product-type-simple"},"_links":{"self":[{"href":"https:\/\/nordicmart.andreevmaster.com\/fi\/wp-json\/wp\/v2\/product\/32670","targetHints":{"allow":["GET"]}}],"collection":[{"href":"https:\/\/nordicmart.andreevmaster.com\/fi\/wp-json\/wp\/v2\/product"}],"about":[{"href":"https:\/\/nordicmart.andreevmaster.com\/fi\/wp-json\/wp\/v2\/types\/product"}],"replies":[{"embeddable":true,"href":"https:\/\/nordicmart.andreevmaster.com\/fi\/wp-json\/wp\/v2\/comments?post=32670"}],"wp:featuredmedia":[{"embeddable":true,"href":"https:\/\/nordicmart.andreevmaster.com\/fi\/wp-json\/wp\/v2\/media\/41654"}],"wp:attachment":[{"href":"https:\/\/nordicmart.andreevmaster.com\/fi\/wp-json\/wp\/v2\/media?parent=32670"}],"wp:term":[{"taxonomy":"product_brand","embeddable":true,"href":"https:\/\/nordicmart.andreevmaster.com\/fi\/wp-json\/wp\/v2\/product_brand?post=32670"},{"taxonomy":"product_cat","embeddable":true,"href":"https:\/\/nordicmart.andreevmaster.com\/fi\/wp-json\/wp\/v2\/product_cat?post=32670"},{"taxonomy":"product_tag","embeddable":true,"href":"https:\/\/nordicmart.andreevmaster.com\/fi\/wp-json\/wp\/v2\/product_tag?post=32670"}],"curies":[{"name":"wp","href":"https:\/\/api.w.org\/{rel}","templated":true}]}}