{"id":32669,"date":"2026-02-27T00:18:17","date_gmt":"2026-02-27T00:18:17","guid":{"rendered":"https:\/\/nordicmart.andreevmaster.com\/product\/vasagle-5-tasoinen-teollisuustyylinen-kenkahylly\/"},"modified":"2026-02-27T09:39:49","modified_gmt":"2026-02-27T09:39:49","slug":"vasagle-5-tasoinen-teollisuustyylinen-kenkahylly","status":"publish","type":"product","link":"https:\/\/nordicmart.andreevmaster.com\/fi\/tuote\/vasagle-5-tasoinen-teollisuustyylinen-kenkahylly\/","title":{"rendered":"VASAGLE 5-tasoinen teollisuustyylinen kenk\u00e4hylly"},"content":{"rendered":"<p>VASAGLE kenk\u00e4hylly, 5-tasoinen kenk\u00e4hylly ja tilava pinta laukkuille, eteiseen, k\u00e4yt\u00e4v\u00e4\u00e4n, metalli, teollinen muotoilu, vintage-ruskea-musta LBS038B01<br \/>\nV\u00e4ri: musta-hopea<br \/>\nMateriaali: lastulevy, ter\u00e4s<br \/>\nKoko: 28 x 75 x 93 cm (S x L x K)<br \/>\nPaino: 6,6 kg<br \/>\nPinnan maks. staattinen kantavuus: 27 kg<br \/>\nHyllyjen maks. staattinen kantavuus: 11 kg<\/p>\n","protected":false},"excerpt":{"rendered":"<p>VASAGLE kenk\u00e4hylly, 5-tasoinen kenk\u00e4hylly ja tilava pinta laukkuille, eteiseen, k\u00e4yt\u00e4v\u00e4\u00e4n, metalli, teollinen muotoilu, vintage-ruskea-musta LBS038B01<\/p>\n","protected":false},"featured_media":41653,"comment_status":"open","ping_status":"closed","template":"","meta":[],"product_brand":[],"product_cat":[32],"product_tag":[],"class_list":{"0":"post-32669","1":"product","2":"type-product","3":"status-publish","4":"has-post-thumbnail","6":"product_cat-uncategorized-fi","8":"first","9":"instock","10":"shipping-taxable","11":"purchasable","12":"product-type-simple"},"_links":{"self":[{"href":"https:\/\/nordicmart.andreevmaster.com\/fi\/wp-json\/wp\/v2\/product\/32669","targetHints":{"allow":["GET"]}}],"collection":[{"href":"https:\/\/nordicmart.andreevmaster.com\/fi\/wp-json\/wp\/v2\/product"}],"about":[{"href":"https:\/\/nordicmart.andreevmaster.com\/fi\/wp-json\/wp\/v2\/types\/product"}],"replies":[{"embeddable":true,"href":"https:\/\/nordicmart.andreevmaster.com\/fi\/wp-json\/wp\/v2\/comments?post=32669"}],"wp:featuredmedia":[{"embeddable":true,"href":"https:\/\/nordicmart.andreevmaster.com\/fi\/wp-json\/wp\/v2\/media\/41653"}],"wp:attachment":[{"href":"https:\/\/nordicmart.andreevmaster.com\/fi\/wp-json\/wp\/v2\/media?parent=32669"}],"wp:term":[{"taxonomy":"product_brand","embeddable":true,"href":"https:\/\/nordicmart.andreevmaster.com\/fi\/wp-json\/wp\/v2\/product_brand?post=32669"},{"taxonomy":"product_cat","embeddable":true,"href":"https:\/\/nordicmart.andreevmaster.com\/fi\/wp-json\/wp\/v2\/product_cat?post=32669"},{"taxonomy":"product_tag","embeddable":true,"href":"https:\/\/nordicmart.andreevmaster.com\/fi\/wp-json\/wp\/v2\/product_tag?post=32669"}],"curies":[{"name":"wp","href":"https:\/\/api.w.org\/{rel}","templated":true}]}}