{"id":32661,"date":"2026-02-27T00:18:15","date_gmt":"2026-02-27T00:18:15","guid":{"rendered":"https:\/\/nordicmart.andreevmaster.com\/product\/vasagle-kenkahylly-3-hyllya\/"},"modified":"2026-02-27T09:39:47","modified_gmt":"2026-02-27T09:39:47","slug":"vasagle-kenkahylly-3-hyllya","status":"publish","type":"product","link":"https:\/\/nordicmart.andreevmaster.com\/fi\/tuote\/vasagle-kenkahylly-3-hyllya\/","title":{"rendered":"VASAGLE kenk\u00e4hylly, 3 hylly\u00e4"},"content":{"rendered":"<p>Tuotetiedot: &#8211; V\u00e4ri: vintage-ruskea-musta &#8211; Materiaali: lastulevy, ter\u00e4s &#8211; Koko: 80 x 30 x 55 cm (P x L x K) &#8211; Hyllyjen v\u00e4linen et\u00e4isyys: 18 cm &#8211; Paino: 5,9 kg &#8211; Pinnan maks. staattinen kantavuus: 20 kg &#8211; Maks. Staattinen kuormitus per hylly: 5 kg &#8211; Maks. staattinen kokonaiskuormitus: 30 kg Toimitus sis\u00e4lt\u00e4\u00e4: &#8211; 1 x kenk\u00e4hylly &#8211; 1 x lis\u00e4varustepaketti &#8211; 1 x ohjeet VASAGLE Huomautukset: &#8211; Turvallisuussyist\u00e4 lapset eiv\u00e4t saa kiivet\u00e4 tuotteelle tai leikki\u00e4 sill\u00e4. &#8211; Tuotteen maksimaalinen staattinen kuormitus on 30 kg. \u00c4l\u00e4 ylit\u00e4 t\u00e4t\u00e4 enimm\u00e4ispainoa.<\/p>\n","protected":false},"excerpt":{"rendered":"<p>VASAGLE kenk\u00e4hylly, kenk\u00e4organisaattori, 3 hyllyll\u00e4, 6 parille kenki\u00e4, tossuille, urheilukenki\u00e4, saapikkaille, sandaaleille, eteiseen, makuuhuoneeseen, teollinen tyyli, vintage-ruskea-musta LBS025B01<\/p>\n","protected":false},"featured_media":41645,"comment_status":"open","ping_status":"closed","template":"","meta":[],"product_brand":[],"product_cat":[32],"product_tag":[],"class_list":{"0":"post-32661","1":"product","2":"type-product","3":"status-publish","4":"has-post-thumbnail","6":"product_cat-uncategorized-fi","8":"first","9":"instock","10":"shipping-taxable","11":"purchasable","12":"product-type-simple"},"_links":{"self":[{"href":"https:\/\/nordicmart.andreevmaster.com\/fi\/wp-json\/wp\/v2\/product\/32661","targetHints":{"allow":["GET"]}}],"collection":[{"href":"https:\/\/nordicmart.andreevmaster.com\/fi\/wp-json\/wp\/v2\/product"}],"about":[{"href":"https:\/\/nordicmart.andreevmaster.com\/fi\/wp-json\/wp\/v2\/types\/product"}],"replies":[{"embeddable":true,"href":"https:\/\/nordicmart.andreevmaster.com\/fi\/wp-json\/wp\/v2\/comments?post=32661"}],"wp:featuredmedia":[{"embeddable":true,"href":"https:\/\/nordicmart.andreevmaster.com\/fi\/wp-json\/wp\/v2\/media\/41645"}],"wp:attachment":[{"href":"https:\/\/nordicmart.andreevmaster.com\/fi\/wp-json\/wp\/v2\/media?parent=32661"}],"wp:term":[{"taxonomy":"product_brand","embeddable":true,"href":"https:\/\/nordicmart.andreevmaster.com\/fi\/wp-json\/wp\/v2\/product_brand?post=32661"},{"taxonomy":"product_cat","embeddable":true,"href":"https:\/\/nordicmart.andreevmaster.com\/fi\/wp-json\/wp\/v2\/product_cat?post=32661"},{"taxonomy":"product_tag","embeddable":true,"href":"https:\/\/nordicmart.andreevmaster.com\/fi\/wp-json\/wp\/v2\/product_tag?post=32661"}],"curies":[{"name":"wp","href":"https:\/\/api.w.org\/{rel}","templated":true}]}}