{"id":32656,"date":"2026-02-27T00:18:14","date_gmt":"2026-02-27T00:18:14","guid":{"rendered":"https:\/\/nordicmart.andreevmaster.com\/product\/vasagle-kenkahylly\/"},"modified":"2026-02-27T09:39:46","modified_gmt":"2026-02-27T09:39:46","slug":"vasagle-kenkahylly","status":"publish","type":"product","link":"https:\/\/nordicmart.andreevmaster.com\/fi\/tuote\/vasagle-kenkahylly\/","title":{"rendered":"VASAGLE kenk\u00e4hylly"},"content":{"rendered":"<p>Tuotetiedot: &#8211; V\u00e4ri: vintage-ruskea-musta &#8211; Materiaali: lastulevy, ter\u00e4s &#8211; Koko: 100 x 30 x 110 cm (P x L x K) &#8211; Paino: 11,2 kg &#8211; Pinnan maks. staattinen kantavuus: 10 kg &#8211; Hyllyk\u00f6n maks. staattinen kantavuus: 5 kg Toimitus sis\u00e4lt\u00e4\u00e4:- 1 x kenk\u00e4hylly &#8211; 1 x lis\u00e4varustepaketti &#8211; 1 x kaatumissuoja &#8211; 1 x ohjeet (DE, EN, ES, FR, IT) VASAGLE-ohjeet: &#8211; Lapset eiv\u00e4t saa kiivet\u00e4 tuotteen p\u00e4\u00e4lle. &#8211; Kiinnit\u00e4 t\u00e4m\u00e4 tuote sein\u00e4\u00e4n mukana toimitetulla kaatumissuojalla turvallisen k\u00e4yt\u00f6n varmistamiseksi. Tuotekuvaus<\/p>\n","protected":false},"excerpt":{"rendered":"<p>VASAGLE kenk\u00e4hylly, kenk\u00e4hylly 5 hyllyll\u00e4 ja tilavalla pinnalla, eteiseen, k\u00e4yt\u00e4v\u00e4\u00e4n, metallirunko, teollinen muotoilu, vintage-ruskea-musta LBS016B01<\/p>\n","protected":false},"featured_media":41640,"comment_status":"open","ping_status":"closed","template":"","meta":[],"product_brand":[],"product_cat":[32],"product_tag":[],"class_list":{"0":"post-32656","1":"product","2":"type-product","3":"status-publish","4":"has-post-thumbnail","6":"product_cat-uncategorized-fi","8":"first","9":"instock","10":"shipping-taxable","11":"purchasable","12":"product-type-simple"},"_links":{"self":[{"href":"https:\/\/nordicmart.andreevmaster.com\/fi\/wp-json\/wp\/v2\/product\/32656","targetHints":{"allow":["GET"]}}],"collection":[{"href":"https:\/\/nordicmart.andreevmaster.com\/fi\/wp-json\/wp\/v2\/product"}],"about":[{"href":"https:\/\/nordicmart.andreevmaster.com\/fi\/wp-json\/wp\/v2\/types\/product"}],"replies":[{"embeddable":true,"href":"https:\/\/nordicmart.andreevmaster.com\/fi\/wp-json\/wp\/v2\/comments?post=32656"}],"wp:featuredmedia":[{"embeddable":true,"href":"https:\/\/nordicmart.andreevmaster.com\/fi\/wp-json\/wp\/v2\/media\/41640"}],"wp:attachment":[{"href":"https:\/\/nordicmart.andreevmaster.com\/fi\/wp-json\/wp\/v2\/media?parent=32656"}],"wp:term":[{"taxonomy":"product_brand","embeddable":true,"href":"https:\/\/nordicmart.andreevmaster.com\/fi\/wp-json\/wp\/v2\/product_brand?post=32656"},{"taxonomy":"product_cat","embeddable":true,"href":"https:\/\/nordicmart.andreevmaster.com\/fi\/wp-json\/wp\/v2\/product_cat?post=32656"},{"taxonomy":"product_tag","embeddable":true,"href":"https:\/\/nordicmart.andreevmaster.com\/fi\/wp-json\/wp\/v2\/product_tag?post=32656"}],"curies":[{"name":"wp","href":"https:\/\/api.w.org\/{rel}","templated":true}]}}