{"id":32653,"date":"2026-02-27T00:18:13","date_gmt":"2026-02-27T00:18:13","guid":{"rendered":"https:\/\/nordicmart.andreevmaster.com\/product\/vasagle-kenkateline-greige-musta\/"},"modified":"2026-02-27T09:39:46","modified_gmt":"2026-02-27T09:39:46","slug":"vasagle-kenkateline-greige-musta","status":"publish","type":"product","link":"https:\/\/nordicmart.andreevmaster.com\/fi\/tuote\/vasagle-kenkateline-greige-musta\/","title":{"rendered":"VASAGLE kenk\u00e4teline, greige-musta"},"content":{"rendered":"<p>Tuotetiedot: &#8211; V\u00e4ri: greige-musta &#8211; Materiaali: lastulevy, ter\u00e4s &#8211; Koko: 100 x 30 x 92,5 cm (P x L x K) &#8211; Paino: 10,6 kg &#8211; Pinnan maks. staattinen kantavuus: 10 kg &#8211; Hyllylevyn maks. staattinen kantavuus: 5 kg Toimitus sis\u00e4lt\u00e4\u00e4:- 1 x kenk\u00e4hylly &#8211; 1 x lis\u00e4varustepaketti &#8211; 1 x ohjeet (DE, EN, ES, FR, IT) VASAGLE Huomautukset: &#8211; Aseta tuote siten, ett\u00e4 se ei ole alttiina l\u00e4mm\u00f6nl\u00e4hteille, suoralle auringonvalolle tai kosteudelle. &#8211; Lapset eiv\u00e4t saa kiivet\u00e4 tuotteen p\u00e4\u00e4lle.<\/p>\n","protected":false},"excerpt":{"rendered":"<p>VASAGLE kenk\u00e4hylly, kenk\u00e4teline, jossa 4 hyllytasoa ja tilava pinta laukkuille, 100 x 30 x 92,5 cm, 16\u201320 paria kenki\u00e4, teollinen muotoilu, p\u00e4hkin\u00e4nruskea-musta LBS015B03<\/p>\n","protected":false},"featured_media":41637,"comment_status":"open","ping_status":"closed","template":"","meta":[],"product_brand":[],"product_cat":[32],"product_tag":[],"class_list":{"0":"post-32653","1":"product","2":"type-product","3":"status-publish","4":"has-post-thumbnail","6":"product_cat-uncategorized-fi","8":"first","9":"instock","10":"shipping-taxable","11":"purchasable","12":"product-type-simple"},"_links":{"self":[{"href":"https:\/\/nordicmart.andreevmaster.com\/fi\/wp-json\/wp\/v2\/product\/32653","targetHints":{"allow":["GET"]}}],"collection":[{"href":"https:\/\/nordicmart.andreevmaster.com\/fi\/wp-json\/wp\/v2\/product"}],"about":[{"href":"https:\/\/nordicmart.andreevmaster.com\/fi\/wp-json\/wp\/v2\/types\/product"}],"replies":[{"embeddable":true,"href":"https:\/\/nordicmart.andreevmaster.com\/fi\/wp-json\/wp\/v2\/comments?post=32653"}],"wp:featuredmedia":[{"embeddable":true,"href":"https:\/\/nordicmart.andreevmaster.com\/fi\/wp-json\/wp\/v2\/media\/41637"}],"wp:attachment":[{"href":"https:\/\/nordicmart.andreevmaster.com\/fi\/wp-json\/wp\/v2\/media?parent=32653"}],"wp:term":[{"taxonomy":"product_brand","embeddable":true,"href":"https:\/\/nordicmart.andreevmaster.com\/fi\/wp-json\/wp\/v2\/product_brand?post=32653"},{"taxonomy":"product_cat","embeddable":true,"href":"https:\/\/nordicmart.andreevmaster.com\/fi\/wp-json\/wp\/v2\/product_cat?post=32653"},{"taxonomy":"product_tag","embeddable":true,"href":"https:\/\/nordicmart.andreevmaster.com\/fi\/wp-json\/wp\/v2\/product_tag?post=32653"}],"curies":[{"name":"wp","href":"https:\/\/api.w.org\/{rel}","templated":true}]}}