{"id":32649,"date":"2026-02-27T00:18:12","date_gmt":"2026-02-27T00:18:12","guid":{"rendered":"https:\/\/nordicmart.andreevmaster.com\/product\/vasagle-teollisuustyylinen-senkki-vintage-ruskea\/"},"modified":"2026-02-27T09:39:45","modified_gmt":"2026-02-27T09:39:45","slug":"vasagle-teollisuustyylinen-senkki-vintage-ruskea","status":"publish","type":"product","link":"https:\/\/nordicmart.andreevmaster.com\/fi\/tuote\/vasagle-teollisuustyylinen-senkki-vintage-ruskea\/","title":{"rendered":"VASAGLE Teollisuustyylinen senkki Vintage-ruskea"},"content":{"rendered":"<p>Tuotetiedot: V\u00e4ri: Vintage-ruskea Materiaali: Lastulevy Koko: 80 x 35 x 83 cm (P x L x K) Paino: 21,7 kgPinnan maks. staattinen kantavuus: 30 kgHyllylevyn maks. staattinen kantavuus: 10 kgToimitus sis\u00e4lt\u00e4\u00e4:1 x sivup\u00f6yt\u00e41 x lis\u00e4varustepaketti1 x kaatumissuoja1 x ohjeetVASAGLE Huomautukset:Turvallisuussyist\u00e4 lapset eiv\u00e4t saa kiivet\u00e4 tuotteelle tai leikki\u00e4 sill\u00e4.Kiinnit\u00e4 t\u00e4m\u00e4 tuote sein\u00e4\u00e4n mukana toimitetulla kaatumissuojalla kaatumisen est\u00e4miseksi.<\/p>\n","protected":false},"excerpt":{"rendered":"<p>VASAGLE senkki, keitti\u00f6nkaappi lamelliovilla ja s\u00e4\u00e4dett\u00e4vill\u00e4 hyllytasoilla, kylpyhuoneen kaappi, olohuone, eteinen, keitti\u00f6, kotitoimisto, ruokasali, vintage-ruskea LBF001X01<\/p>\n","protected":false},"featured_media":41633,"comment_status":"open","ping_status":"closed","template":"","meta":[],"product_brand":[],"product_cat":[32],"product_tag":[],"class_list":{"0":"post-32649","1":"product","2":"type-product","3":"status-publish","4":"has-post-thumbnail","6":"product_cat-uncategorized-fi","8":"first","9":"instock","10":"shipping-taxable","11":"purchasable","12":"product-type-simple"},"_links":{"self":[{"href":"https:\/\/nordicmart.andreevmaster.com\/fi\/wp-json\/wp\/v2\/product\/32649","targetHints":{"allow":["GET"]}}],"collection":[{"href":"https:\/\/nordicmart.andreevmaster.com\/fi\/wp-json\/wp\/v2\/product"}],"about":[{"href":"https:\/\/nordicmart.andreevmaster.com\/fi\/wp-json\/wp\/v2\/types\/product"}],"replies":[{"embeddable":true,"href":"https:\/\/nordicmart.andreevmaster.com\/fi\/wp-json\/wp\/v2\/comments?post=32649"}],"wp:featuredmedia":[{"embeddable":true,"href":"https:\/\/nordicmart.andreevmaster.com\/fi\/wp-json\/wp\/v2\/media\/41633"}],"wp:attachment":[{"href":"https:\/\/nordicmart.andreevmaster.com\/fi\/wp-json\/wp\/v2\/media?parent=32649"}],"wp:term":[{"taxonomy":"product_brand","embeddable":true,"href":"https:\/\/nordicmart.andreevmaster.com\/fi\/wp-json\/wp\/v2\/product_brand?post=32649"},{"taxonomy":"product_cat","embeddable":true,"href":"https:\/\/nordicmart.andreevmaster.com\/fi\/wp-json\/wp\/v2\/product_cat?post=32649"},{"taxonomy":"product_tag","embeddable":true,"href":"https:\/\/nordicmart.andreevmaster.com\/fi\/wp-json\/wp\/v2\/product_tag?post=32649"}],"curies":[{"name":"wp","href":"https:\/\/api.w.org\/{rel}","templated":true}]}}