{"id":32646,"date":"2026-02-27T00:18:12","date_gmt":"2026-02-27T00:18:12","guid":{"rendered":"https:\/\/nordicmart.andreevmaster.com\/product\/vasagle-vasagle-kirjahyllyt-6-osainen-kirjahylly-huoneenjakaja\/"},"modified":"2026-02-27T09:39:44","modified_gmt":"2026-02-27T09:39:44","slug":"vasagle-vasagle-kirjahyllyt-6-osainen-kirjahylly-huoneenjakaja","status":"publish","type":"product","link":"https:\/\/nordicmart.andreevmaster.com\/fi\/tuote\/vasagle-vasagle-kirjahyllyt-6-osainen-kirjahylly-huoneenjakaja\/","title":{"rendered":"VASAGLE VASAGLE Kirjahyllyt, 6-osainen kirjahylly, huoneenjakaja"},"content":{"rendered":"<p>Pystyinen arkistohylly tai kirjahylly on huonekalu, joka laajentaa ja maksimoi s\u00e4ilytystilan ottamatta paljon tilaa toimistossasi, kirjastossasi, ty\u00f6paikallasi tai lukunurkkauksessasi.T\u00e4m\u00e4 VASAGLE-kirjahylly tarjoaa useita tasoja ja tyylikk\u00e4\u00e4n S-muotoisen muotoilun, joka antaa sinulle DIY-suunnittelijoiden ja sisustussuunnittelijoiden etsim\u00e4n monipuolisuuden ja mukavuuden. Valmistettu tukevasta lastulevyst\u00e4 ja koristeltu tummanruskealla viimeistelyll\u00e4, hylly\u00e4mme voidaan k\u00e4ytt\u00e4\u00e4 kirjahyllyn\u00e4, DVD-hyllyn\u00e4, toimistohyllyn\u00e4 tai leluhyllyn\u00e4.Se voidaan koristella matkamuistoilla, koruilla ja aarteilla tai k\u00e4ytt\u00e4\u00e4 koulukirjojen, romaanien, lehtien ja monen muun s\u00e4ilytt\u00e4miseen. Miksi viel\u00e4 odottaa? Tilaa 6-tasoinen hylly jo t\u00e4n\u00e4\u00e4n. Tuotetiedot: &#8211; V\u00e4ri: tummanruskea\/vintage &#8211; Materiaali: puupaneeli, melamiiniviilu &#8211; Koko: 70 x 24 x 190,5 cm (P x L x K) &#8211; Paino: 22 kg &#8211; Kunkin tason kantavuus: 15 kgToimitus sis\u00e4lt\u00e4\u00e4: &#8211; 1 x kirjahylly &#8211; 1 x lis\u00e4varustepussi &#8211; 1 x ohjeet (DE, EN, FR, ES, IT)VASAGLE-ohjeet: &#8211; Puhdista kostealla, pehme\u00e4ll\u00e4 liinalla ja kuivaa puhtaalla liinalla.<\/p>\n","protected":false},"excerpt":{"rendered":"<p>VASAGLE kirjahylly, hylly, esittelyhylly, vapaasti seisova kaappi, koristehylly, 6 tasoa, valkoinen LBC61WT<\/p>\n","protected":false},"featured_media":0,"comment_status":"open","ping_status":"closed","template":"","meta":[],"product_brand":[],"product_cat":[32],"product_tag":[],"class_list":{"0":"post-32646","1":"product","2":"type-product","3":"status-publish","5":"product_cat-uncategorized-fi","7":"first","8":"instock","9":"shipping-taxable","10":"purchasable","11":"product-type-simple"},"_links":{"self":[{"href":"https:\/\/nordicmart.andreevmaster.com\/fi\/wp-json\/wp\/v2\/product\/32646","targetHints":{"allow":["GET"]}}],"collection":[{"href":"https:\/\/nordicmart.andreevmaster.com\/fi\/wp-json\/wp\/v2\/product"}],"about":[{"href":"https:\/\/nordicmart.andreevmaster.com\/fi\/wp-json\/wp\/v2\/types\/product"}],"replies":[{"embeddable":true,"href":"https:\/\/nordicmart.andreevmaster.com\/fi\/wp-json\/wp\/v2\/comments?post=32646"}],"wp:attachment":[{"href":"https:\/\/nordicmart.andreevmaster.com\/fi\/wp-json\/wp\/v2\/media?parent=32646"}],"wp:term":[{"taxonomy":"product_brand","embeddable":true,"href":"https:\/\/nordicmart.andreevmaster.com\/fi\/wp-json\/wp\/v2\/product_brand?post=32646"},{"taxonomy":"product_cat","embeddable":true,"href":"https:\/\/nordicmart.andreevmaster.com\/fi\/wp-json\/wp\/v2\/product_cat?post=32646"},{"taxonomy":"product_tag","embeddable":true,"href":"https:\/\/nordicmart.andreevmaster.com\/fi\/wp-json\/wp\/v2\/product_tag?post=32646"}],"curies":[{"name":"wp","href":"https:\/\/api.w.org\/{rel}","templated":true}]}}