{"id":32645,"date":"2026-02-27T00:18:11","date_gmt":"2026-02-27T00:18:11","guid":{"rendered":"https:\/\/nordicmart.andreevmaster.com\/product\/songmics-kulmahylly-5-tasoa-erittain-nopea-asennus-ilman-tyokaluja-lattialla-seisova-hylly\/"},"modified":"2026-02-27T09:39:44","modified_gmt":"2026-02-27T09:39:44","slug":"songmics-kulmahylly-5-tasoa-erittain-nopea-asennus-ilman-tyokaluja-lattialla-seisova-hylly","status":"publish","type":"product","link":"https:\/\/nordicmart.andreevmaster.com\/fi\/tuote\/songmics-kulmahylly-5-tasoa-erittain-nopea-asennus-ilman-tyokaluja-lattialla-seisova-hylly\/","title":{"rendered":"SONGMICS kulmahylly, 5 tasoa, eritt\u00e4in nopea asennus ilman ty\u00f6kaluja, lattialla seisova hylly"},"content":{"rendered":"<p>SONGMICS HOME Eritt\u00e4in nopea ty\u00f6kaluton asennus, 5-tasoinen kulmahylly, lattialla seisova hylly, hylly, 38,3 x 27 x 139 cm, olohuone, makuuhuone, keitti\u00f6, vintage-ruskea LBC610K01<br \/>\nTekniset tiedot:<br \/>\n&#8211; Mitat: 38,3 x 27 x 139 cm (S x L x K)<br \/>\n&#8211; Paino: 3,8 kg<br \/>\n&#8211; Maks. staattinen kantavuus hylly\u00e4 kohti: 10 kg<br \/>\n&#8211; Maks. staattinen kantavuus yhteens\u00e4: 50 kg<br \/>\n&#8211; Materiaali: lastulevy, ter\u00e4s<br \/>\n&#8211; V\u00e4ri: vintage-ruskea<\/p>\n","protected":false},"excerpt":{"rendered":"<p>SONGMICS HOME Eritt\u00e4in nopea ty\u00f6kaluton asennus, 5-tasoinen kulmahylly, lattialla seisova hylly, hylly, 38,3 x 27 x 139 cm, olohuone, makuuhuone, keitti\u00f6, vintage-ruskea LBC610K01<\/p>\n","protected":false},"featured_media":41630,"comment_status":"open","ping_status":"closed","template":"","meta":[],"product_brand":[],"product_cat":[32],"product_tag":[],"class_list":{"0":"post-32645","1":"product","2":"type-product","3":"status-publish","4":"has-post-thumbnail","6":"product_cat-uncategorized-fi","8":"first","9":"instock","10":"shipping-taxable","11":"purchasable","12":"product-type-simple"},"_links":{"self":[{"href":"https:\/\/nordicmart.andreevmaster.com\/fi\/wp-json\/wp\/v2\/product\/32645","targetHints":{"allow":["GET"]}}],"collection":[{"href":"https:\/\/nordicmart.andreevmaster.com\/fi\/wp-json\/wp\/v2\/product"}],"about":[{"href":"https:\/\/nordicmart.andreevmaster.com\/fi\/wp-json\/wp\/v2\/types\/product"}],"replies":[{"embeddable":true,"href":"https:\/\/nordicmart.andreevmaster.com\/fi\/wp-json\/wp\/v2\/comments?post=32645"}],"wp:featuredmedia":[{"embeddable":true,"href":"https:\/\/nordicmart.andreevmaster.com\/fi\/wp-json\/wp\/v2\/media\/41630"}],"wp:attachment":[{"href":"https:\/\/nordicmart.andreevmaster.com\/fi\/wp-json\/wp\/v2\/media?parent=32645"}],"wp:term":[{"taxonomy":"product_brand","embeddable":true,"href":"https:\/\/nordicmart.andreevmaster.com\/fi\/wp-json\/wp\/v2\/product_brand?post=32645"},{"taxonomy":"product_cat","embeddable":true,"href":"https:\/\/nordicmart.andreevmaster.com\/fi\/wp-json\/wp\/v2\/product_cat?post=32645"},{"taxonomy":"product_tag","embeddable":true,"href":"https:\/\/nordicmart.andreevmaster.com\/fi\/wp-json\/wp\/v2\/product_tag?post=32645"}],"curies":[{"name":"wp","href":"https:\/\/api.w.org\/{rel}","templated":true}]}}