{"id":32639,"date":"2026-02-27T00:18:10","date_gmt":"2026-02-27T00:18:10","guid":{"rendered":"https:\/\/nordicmart.andreevmaster.com\/product\/vasagle-pyorea-sohvapoyta-2-kpl-olohuoneen-poyta\/"},"modified":"2026-02-27T09:39:43","modified_gmt":"2026-02-27T09:39:43","slug":"vasagle-pyorea-sohvapoyta-2-kpl-olohuoneen-poyta","status":"publish","type":"product","link":"https:\/\/nordicmart.andreevmaster.com\/fi\/tuote\/vasagle-pyorea-sohvapoyta-2-kpl-olohuoneen-poyta\/","title":{"rendered":"VASAGLE py\u00f6re\u00e4 sohvap\u00f6yt\u00e4, 2 kpl, olohuoneen p\u00f6yt\u00e4"},"content":{"rendered":"<p>Py\u00f6re\u00e4 sohvap\u00f6yt\u00e4, 2 kpl, olohuoneen p\u00f6yt\u00e4, sivup\u00f6yt\u00e4, moderni, irrotettava p\u00f6yt\u00e4levy, olohuone, vintage-ruskea-mustanmusta<br \/>\n&#8211; V\u00e4ri: musta<br \/>\n&#8211; Materiaali: lastulevy, ter\u00e4s<br \/>\n&#8211; Suuren p\u00f6yd\u00e4n koko: 50 cm (halkaisija), 40 cm (korkeus)<br \/>\n&#8211; Pienen p\u00f6yd\u00e4n koko: 40 cm (halkaisija), 36 cm (korkeus)<br \/>\n&#8211; Kokonaispaino: 7 kg<br \/>\n&#8211; Maks. staattinen kantavuus per p\u00f6yt\u00e4: 20 kg<\/p>\n","protected":false},"excerpt":{"rendered":"<p>Py\u00f6re\u00e4 sohvap\u00f6yt\u00e4, 2 kpl, olohuoneen p\u00f6yt\u00e4, sivup\u00f6yt\u00e4, moderni, irrotettava p\u00f6yt\u00e4levy, olohuone, vintage-ruskea-mustanmusta<\/p>\n","protected":false},"featured_media":46606,"comment_status":"open","ping_status":"closed","template":"","meta":[],"product_brand":[],"product_cat":[32],"product_tag":[],"class_list":{"0":"post-32639","1":"product","2":"type-product","3":"status-publish","4":"has-post-thumbnail","6":"product_cat-uncategorized-fi","8":"first","9":"instock","10":"shipping-taxable","11":"purchasable","12":"product-type-simple"},"_links":{"self":[{"href":"https:\/\/nordicmart.andreevmaster.com\/fi\/wp-json\/wp\/v2\/product\/32639","targetHints":{"allow":["GET"]}}],"collection":[{"href":"https:\/\/nordicmart.andreevmaster.com\/fi\/wp-json\/wp\/v2\/product"}],"about":[{"href":"https:\/\/nordicmart.andreevmaster.com\/fi\/wp-json\/wp\/v2\/types\/product"}],"replies":[{"embeddable":true,"href":"https:\/\/nordicmart.andreevmaster.com\/fi\/wp-json\/wp\/v2\/comments?post=32639"}],"wp:featuredmedia":[{"embeddable":true,"href":"https:\/\/nordicmart.andreevmaster.com\/fi\/wp-json\/wp\/v2\/media\/46606"}],"wp:attachment":[{"href":"https:\/\/nordicmart.andreevmaster.com\/fi\/wp-json\/wp\/v2\/media?parent=32639"}],"wp:term":[{"taxonomy":"product_brand","embeddable":true,"href":"https:\/\/nordicmart.andreevmaster.com\/fi\/wp-json\/wp\/v2\/product_brand?post=32639"},{"taxonomy":"product_cat","embeddable":true,"href":"https:\/\/nordicmart.andreevmaster.com\/fi\/wp-json\/wp\/v2\/product_cat?post=32639"},{"taxonomy":"product_tag","embeddable":true,"href":"https:\/\/nordicmart.andreevmaster.com\/fi\/wp-json\/wp\/v2\/product_tag?post=32639"}],"curies":[{"name":"wp","href":"https:\/\/api.w.org\/{rel}","templated":true}]}}