{"id":32635,"date":"2026-02-27T00:18:09","date_gmt":"2026-02-27T00:18:09","guid":{"rendered":"https:\/\/nordicmart.andreevmaster.com\/product\/vasagle-kirjahylly-5-tasoa-puumainen-lattiakirjahylly-tilaa-saastava-kulmakirjahylly\/"},"modified":"2026-02-27T09:39:42","modified_gmt":"2026-02-27T09:39:42","slug":"vasagle-kirjahylly-5-tasoa-puumainen-lattiakirjahylly-tilaa-saastava-kulmakirjahylly","status":"publish","type":"product","link":"https:\/\/nordicmart.andreevmaster.com\/fi\/tuote\/vasagle-kirjahylly-5-tasoa-puumainen-lattiakirjahylly-tilaa-saastava-kulmakirjahylly\/","title":{"rendered":"VASAGLE kirjahylly 5 tasoa, puumainen lattiakirjahylly, tilaa s\u00e4\u00e4st\u00e4v\u00e4 kulmakirjahylly"},"content":{"rendered":"<p>Kirjahylly 9 tasoa, puumainen seisomahylly, tilaa s\u00e4\u00e4st\u00e4v\u00e4 kulmahylly, makuuhuoneeseen, olohuoneeseen, kotitoimistoon, vintage-ruskea<br \/>\nTekniset tiedot:<\/p>\n<p>&#8211; Mitat: 17,2 x 30 x 51 cm (S x L x K)<br \/>\n&#8211; Paino: 3,2 kg<br \/>\n&#8211; Maks. staattinen kokonaiskantavuus: 3,7 kg<br \/>\n&#8211; Materiaali: lastulevy<br \/>\n&#8211; V\u00e4ri: valkoinen<\/p>\n","protected":false},"excerpt":{"rendered":"<p>Kirjahylly 9 tasoa, puumainen seisomahylly, tilaa s\u00e4\u00e4st\u00e4v\u00e4 kulmahylly, makuuhuoneeseen, olohuoneeseen, kotitoimistoon, vintage-ruskea<\/p>\n","protected":false},"featured_media":41624,"comment_status":"open","ping_status":"closed","template":"","meta":[],"product_brand":[],"product_cat":[32],"product_tag":[],"class_list":{"0":"post-32635","1":"product","2":"type-product","3":"status-publish","4":"has-post-thumbnail","6":"product_cat-uncategorized-fi","8":"first","9":"instock","10":"shipping-taxable","11":"purchasable","12":"product-type-simple"},"_links":{"self":[{"href":"https:\/\/nordicmart.andreevmaster.com\/fi\/wp-json\/wp\/v2\/product\/32635","targetHints":{"allow":["GET"]}}],"collection":[{"href":"https:\/\/nordicmart.andreevmaster.com\/fi\/wp-json\/wp\/v2\/product"}],"about":[{"href":"https:\/\/nordicmart.andreevmaster.com\/fi\/wp-json\/wp\/v2\/types\/product"}],"replies":[{"embeddable":true,"href":"https:\/\/nordicmart.andreevmaster.com\/fi\/wp-json\/wp\/v2\/comments?post=32635"}],"wp:featuredmedia":[{"embeddable":true,"href":"https:\/\/nordicmart.andreevmaster.com\/fi\/wp-json\/wp\/v2\/media\/41624"}],"wp:attachment":[{"href":"https:\/\/nordicmart.andreevmaster.com\/fi\/wp-json\/wp\/v2\/media?parent=32635"}],"wp:term":[{"taxonomy":"product_brand","embeddable":true,"href":"https:\/\/nordicmart.andreevmaster.com\/fi\/wp-json\/wp\/v2\/product_brand?post=32635"},{"taxonomy":"product_cat","embeddable":true,"href":"https:\/\/nordicmart.andreevmaster.com\/fi\/wp-json\/wp\/v2\/product_cat?post=32635"},{"taxonomy":"product_tag","embeddable":true,"href":"https:\/\/nordicmart.andreevmaster.com\/fi\/wp-json\/wp\/v2\/product_tag?post=32635"}],"curies":[{"name":"wp","href":"https:\/\/api.w.org\/{rel}","templated":true}]}}