{"id":32631,"date":"2026-02-27T00:18:08","date_gmt":"2026-02-27T00:18:08","guid":{"rendered":"https:\/\/nordicmart.andreevmaster.com\/product\/vasagle-6-tasoinen-kirjahylly-skandinaavistyylinen-hyllykko-olohuoneeseen\/"},"modified":"2026-02-27T09:39:42","modified_gmt":"2026-02-27T09:39:42","slug":"vasagle-6-tasoinen-kirjahylly-skandinaavistyylinen-hyllykko-olohuoneeseen","status":"publish","type":"product","link":"https:\/\/nordicmart.andreevmaster.com\/fi\/tuote\/vasagle-6-tasoinen-kirjahylly-skandinaavistyylinen-hyllykko-olohuoneeseen\/","title":{"rendered":"VASAGLE 6-tasoinen kirjahylly, skandinaavistyylinen hyllykk\u00f6 olohuoneeseen"},"content":{"rendered":"<p>Tuotetiedot: &#8211; V\u00e4ri: valkoinen &#8211; Materiaali: lastulevy &#8211; Koko: 40 x 24 x 178,5 cm (P x L x K) &#8211; Paino: 17,2 kg &#8211; Maks. staattinen kantavuus per taso: 5 kg  Toimitus sis\u00e4lt\u00e4\u00e4: &#8211; 1 x hyllykk\u00f6 &#8211; 1 x lis\u00e4varustepaketti &#8211; 1 x kaatumissuoja &#8211; 1 x ohjeet VASAGLE Huomautukset: &#8211; Turvallisuussyist\u00e4 lapset eiv\u00e4t saa kiivet\u00e4 tuotteelle tai leikki\u00e4 sill\u00e4. &#8211; Kiinnit\u00e4 t\u00e4m\u00e4 tuote sein\u00e4\u00e4n mukana toimitetulla kaatumissuojalla turvallisen k\u00e4yt\u00f6n varmistamiseksi.<\/p>\n","protected":false},"excerpt":{"rendered":"<p>VASAGLE kirjahylly, 6 tasoa, lattialla seisova hylly, s\u00e4ilytyshylly, olohuoneeseen, toimistoon, makuuhuoneeseen, ty\u00f6huoneeseen, skandinaavinen tyyli, 40 x 24 x 178,5 cm, valkoinen LBC167T14<\/p>\n","protected":false},"featured_media":41620,"comment_status":"open","ping_status":"closed","template":"","meta":[],"product_brand":[],"product_cat":[32],"product_tag":[],"class_list":{"0":"post-32631","1":"product","2":"type-product","3":"status-publish","4":"has-post-thumbnail","6":"product_cat-uncategorized-fi","8":"first","9":"instock","10":"shipping-taxable","11":"purchasable","12":"product-type-simple"},"_links":{"self":[{"href":"https:\/\/nordicmart.andreevmaster.com\/fi\/wp-json\/wp\/v2\/product\/32631","targetHints":{"allow":["GET"]}}],"collection":[{"href":"https:\/\/nordicmart.andreevmaster.com\/fi\/wp-json\/wp\/v2\/product"}],"about":[{"href":"https:\/\/nordicmart.andreevmaster.com\/fi\/wp-json\/wp\/v2\/types\/product"}],"replies":[{"embeddable":true,"href":"https:\/\/nordicmart.andreevmaster.com\/fi\/wp-json\/wp\/v2\/comments?post=32631"}],"wp:featuredmedia":[{"embeddable":true,"href":"https:\/\/nordicmart.andreevmaster.com\/fi\/wp-json\/wp\/v2\/media\/41620"}],"wp:attachment":[{"href":"https:\/\/nordicmart.andreevmaster.com\/fi\/wp-json\/wp\/v2\/media?parent=32631"}],"wp:term":[{"taxonomy":"product_brand","embeddable":true,"href":"https:\/\/nordicmart.andreevmaster.com\/fi\/wp-json\/wp\/v2\/product_brand?post=32631"},{"taxonomy":"product_cat","embeddable":true,"href":"https:\/\/nordicmart.andreevmaster.com\/fi\/wp-json\/wp\/v2\/product_cat?post=32631"},{"taxonomy":"product_tag","embeddable":true,"href":"https:\/\/nordicmart.andreevmaster.com\/fi\/wp-json\/wp\/v2\/product_tag?post=32631"}],"curies":[{"name":"wp","href":"https:\/\/api.w.org\/{rel}","templated":true}]}}