{"id":32629,"date":"2026-02-27T00:18:08","date_gmt":"2026-02-27T00:18:08","guid":{"rendered":"https:\/\/nordicmart.andreevmaster.com\/product\/kirjahylly-9-tasoa-seisova-hylly-puun-muoto-kulmahylly-tilaa-saastavasti-2\/"},"modified":"2026-02-27T09:39:42","modified_gmt":"2026-02-27T09:39:42","slug":"kirjahylly-9-tasoa-seisova-hylly-puun-muoto-kulmahylly-tilaa-saastavasti-2","status":"publish","type":"product","link":"https:\/\/nordicmart.andreevmaster.com\/fi\/tuote\/kirjahylly-9-tasoa-seisova-hylly-puun-muoto-kulmahylly-tilaa-saastavasti-2\/","title":{"rendered":"Kirjahylly 9 tasoa, seisova hylly puun muoto, kulmahylly tilaa s\u00e4\u00e4st\u00e4v\u00e4sti"},"content":{"rendered":"<p>Ainutlaatuinen muotoilu moderniin sisustukseenKirjahyllyss\u00e4 on 8 hylly\u00e4, jotka tarjoavat runsaasti tilaa suurelle m\u00e4\u00e4r\u00e4lle kirjoja ja ovat samalla tyylik\u00e4s ja houkutteleva huonekalu huoneeseesi.Vakaa ja turvallinenLastulevyrunko, jossa on mukana kallistumisenestolaite, takaa vakauden ja tukevuuden my\u00f6s silloin, kun se on t\u00e4ynn\u00e4 kirjoja. MonipuolinenAvoinna oleva kirjahylly tarjoaa selke\u00e4n n\u00e4kym\u00e4n ja helpon p\u00e4\u00e4syn kirjoihin, ja se sopii jokaiseen huoneeseen: olohuoneeseen, makuuhuoneeseen, leikkihuoneeseen, sis\u00e4\u00e4ntulotilaan ja parvekkeelle (ei s\u00e4\u00e4nkest\u00e4v\u00e4).Tuotetiedot:- V\u00e4ri: Valkoinen- Materiaali: Lastulevy- Mitat: 50 x 141,5 x 25 cm (L x K x S)- Paino: 13 kg- Maks. kantavuus: 10 kg per hylly. Kantavuus: 10 kg hylly\u00e4 kohdenToimituksen laajuus:- 1 x kirjahylly- 1 x tarvikelaukku- 1 x k\u00e4ytt\u00f6ohje (DE, EN, FR, IT, ES)VASAGLE Huomautuksia:- Puhdista kirjahylly kostealla liinalla ja pyyhi se kuivaksi.- Kiinnit\u00e4 tuote sein\u00e4\u00e4n kallistuksenestosuojalla turvallisuuden vuoksi.<\/p>\n","protected":false},"excerpt":{"rendered":"<p>Ainutlaatuinen muotoilu moderniin sisustukseenKirjahyllyss\u00e4 on 8 hylly\u00e4, jotka tarjoavat runsaasti tilaa suurelle m\u00e4\u00e4r\u00e4lle kirjoja ja ovat samalla tyylik\u00e4s ja houkutteleva huonekalu huoneeseesi.Vakaa ja turvallinenLastulevyrunko, jossa on mukana kallistumisenestolaite, takaa vakauden ja tukevuuden my\u00f6s silloin, kun se on t\u00e4ynn\u00e4 kirjoja. MonipuolinenAvoinna oleva kirjahylly tarjoaa selke\u00e4n n\u00e4kym\u00e4n ja helpon p\u00e4\u00e4syn kirjoihin, ja se sopii jokaiseen huoneeseen: olohuoneeseen, [&hellip;]<\/p>\n","protected":false},"featured_media":0,"comment_status":"open","ping_status":"closed","template":"","meta":[],"product_brand":[],"product_cat":[32],"product_tag":[],"class_list":{"0":"post-32629","1":"product","2":"type-product","3":"status-publish","5":"product_cat-uncategorized-fi","7":"first","8":"instock","9":"shipping-taxable","10":"product-type-simple"},"_links":{"self":[{"href":"https:\/\/nordicmart.andreevmaster.com\/fi\/wp-json\/wp\/v2\/product\/32629","targetHints":{"allow":["GET"]}}],"collection":[{"href":"https:\/\/nordicmart.andreevmaster.com\/fi\/wp-json\/wp\/v2\/product"}],"about":[{"href":"https:\/\/nordicmart.andreevmaster.com\/fi\/wp-json\/wp\/v2\/types\/product"}],"replies":[{"embeddable":true,"href":"https:\/\/nordicmart.andreevmaster.com\/fi\/wp-json\/wp\/v2\/comments?post=32629"}],"wp:attachment":[{"href":"https:\/\/nordicmart.andreevmaster.com\/fi\/wp-json\/wp\/v2\/media?parent=32629"}],"wp:term":[{"taxonomy":"product_brand","embeddable":true,"href":"https:\/\/nordicmart.andreevmaster.com\/fi\/wp-json\/wp\/v2\/product_brand?post=32629"},{"taxonomy":"product_cat","embeddable":true,"href":"https:\/\/nordicmart.andreevmaster.com\/fi\/wp-json\/wp\/v2\/product_cat?post=32629"},{"taxonomy":"product_tag","embeddable":true,"href":"https:\/\/nordicmart.andreevmaster.com\/fi\/wp-json\/wp\/v2\/product_tag?post=32629"}],"curies":[{"name":"wp","href":"https:\/\/api.w.org\/{rel}","templated":true}]}}