{"id":32628,"date":"2026-02-27T00:18:07","date_gmt":"2026-02-27T00:18:07","guid":{"rendered":"https:\/\/nordicmart.andreevmaster.com\/product\/vasagle-kirjahylly-9-tasoa-puumainen-hylly-tilaa-saastava-kulmahylly\/"},"modified":"2026-02-27T09:39:41","modified_gmt":"2026-02-27T09:39:41","slug":"vasagle-kirjahylly-9-tasoa-puumainen-hylly-tilaa-saastava-kulmahylly","status":"publish","type":"product","link":"https:\/\/nordicmart.andreevmaster.com\/fi\/tuote\/vasagle-kirjahylly-9-tasoa-puumainen-hylly-tilaa-saastava-kulmahylly\/","title":{"rendered":"VASAGLE kirjahylly 9 tasoa, puumainen hylly, tilaa s\u00e4\u00e4st\u00e4v\u00e4 kulmahylly"},"content":{"rendered":"<p>Ainutlaatuinen muotoilu moderniin sisustukseen Ainutlaatuisella puumaisella muotoilulla varustetussa kirjahyllyss\u00e4 on 8 hylly\u00e4, jotka tarjoavat runsaasti tilaa suurelle m\u00e4\u00e4r\u00e4lle kirjoja ja ovat samalla tyylik\u00e4s ja houkutteleva huonekalu huoneeseesi.   Vakaa ja turvallinen Lastulevykehys ja mukana toimitettu kaatumissuoja takaavat vakauden ja kest\u00e4vyyden my\u00f6s t\u00e4yteen ladattuna kirjoilla. Turvallinen lapsille.  Monipuolinen Avoin kirjahylly tarjoaa esteett\u00f6m\u00e4n n\u00e4kym\u00e4n ja helpon p\u00e4\u00e4syn kirjoihin, ja se sopii mihin tahansa huoneeseen: olohuoneeseen, makuuhuoneeseen, leikkihuoneeseen, eteiseen ja parvekkeelle (ei s\u00e4\u00e4nkest\u00e4v\u00e4).  Tuotetiedot: &#8211; V\u00e4ri: tummanruskea\/vintage &#8211; Materiaali: puukuitulevy &#8211; Mitat: 50 x 25 x 141,5 cm (P x L x K) &#8211; Paino: 13 kg &#8211; Maks. kantavuus: 10 kg per hylly  Toimitus sis\u00e4lt\u00e4\u00e4: &#8211; 1 x kirjahylly &#8211; 1 x lis\u00e4varustepussi &#8211; 1 x ohjeet (DE, EN, FR, IT, ES)  VASAGLE-ohjeet: &#8211; Puhdista kirjahylly kostealla liinalla ja kuivaa se. &#8211; Kiinnit\u00e4 tuote turvallisuuden vuoksi sein\u00e4\u00e4n kaatumissuojalla.<\/p>\n","protected":false},"excerpt":{"rendered":"<p>Kirjahylly 9 tasoa, puumainen seisomahylly, tilaa s\u00e4\u00e4st\u00e4v\u00e4 kulmahylly, makuuhuoneeseen, olohuoneeseen, kotitoimistoon, vintage-ruskea<\/p>\n","protected":false},"featured_media":46603,"comment_status":"open","ping_status":"closed","template":"","meta":[],"product_brand":[],"product_cat":[32],"product_tag":[],"class_list":{"0":"post-32628","1":"product","2":"type-product","3":"status-publish","4":"has-post-thumbnail","6":"product_cat-uncategorized-fi","8":"first","9":"instock","10":"shipping-taxable","11":"purchasable","12":"product-type-simple"},"_links":{"self":[{"href":"https:\/\/nordicmart.andreevmaster.com\/fi\/wp-json\/wp\/v2\/product\/32628","targetHints":{"allow":["GET"]}}],"collection":[{"href":"https:\/\/nordicmart.andreevmaster.com\/fi\/wp-json\/wp\/v2\/product"}],"about":[{"href":"https:\/\/nordicmart.andreevmaster.com\/fi\/wp-json\/wp\/v2\/types\/product"}],"replies":[{"embeddable":true,"href":"https:\/\/nordicmart.andreevmaster.com\/fi\/wp-json\/wp\/v2\/comments?post=32628"}],"wp:featuredmedia":[{"embeddable":true,"href":"https:\/\/nordicmart.andreevmaster.com\/fi\/wp-json\/wp\/v2\/media\/46603"}],"wp:attachment":[{"href":"https:\/\/nordicmart.andreevmaster.com\/fi\/wp-json\/wp\/v2\/media?parent=32628"}],"wp:term":[{"taxonomy":"product_brand","embeddable":true,"href":"https:\/\/nordicmart.andreevmaster.com\/fi\/wp-json\/wp\/v2\/product_brand?post=32628"},{"taxonomy":"product_cat","embeddable":true,"href":"https:\/\/nordicmart.andreevmaster.com\/fi\/wp-json\/wp\/v2\/product_cat?post=32628"},{"taxonomy":"product_tag","embeddable":true,"href":"https:\/\/nordicmart.andreevmaster.com\/fi\/wp-json\/wp\/v2\/product_tag?post=32628"}],"curies":[{"name":"wp","href":"https:\/\/api.w.org\/{rel}","templated":true}]}}