{"id":32627,"date":"2026-02-27T00:18:07","date_gmt":"2026-02-27T00:18:07","guid":{"rendered":"https:\/\/nordicmart.andreevmaster.com\/product\/kirjahylly-jossa-on-10-lokeroa-avoin-hylly-porrastettu-hylly-2\/"},"modified":"2026-02-27T09:39:41","modified_gmt":"2026-02-27T09:39:41","slug":"kirjahylly-jossa-on-10-lokeroa-avoin-hylly-porrastettu-hylly-2","status":"publish","type":"product","link":"https:\/\/nordicmart.andreevmaster.com\/fi\/tuote\/kirjahylly-jossa-on-10-lokeroa-avoin-hylly-porrastettu-hylly-2\/","title":{"rendered":"Kirjahylly, jossa on 10 lokeroa, avoin hylly, porrastettu hylly"},"content":{"rendered":"<p>Tyylik\u00e4s ja k\u00e4yt\u00e4nn\u00f6llinen T\u00e4ss\u00e4 kirjahyllyss\u00e4 on runsaasti tilaa koriste-esineille, taloustavaroille ja kirjoille, ja se sopii kauniisti olohuoneeseesi.  Vapaasti seisova hylly soveltuu my\u00f6s monenlaisten tavaroiden, kuten lelujen, vaatteiden, kansioiden, kirjojen jne. s\u00e4ilytt\u00e4miseen. Sijoita se lastenhuoneeseen, olohuoneeseen, toimistoon tai kotitoimistoon.  Helppo kokoonpano T\u00e4m\u00e4n hyllyn kaikki yksitt\u00e4iset osat on numeroitu ja mukana on my\u00f6s yksityiskohtaiset ohjeet. T\u00e4m\u00e4 tekee kokoamisesta nopeaa ja helppoa. Lis\u00e4ksi kaikki reunat on sinet\u00f6ity, joten sinun ei tarvitse huolehtia sirpaleista. Tuotetiedot: Hyllykk\u00f6 on suunniteltu ja varustettu siten, ett\u00e4 se on helppo asentaa: &#8211; V\u00e4ri: valkoinen &#8211; Materiaali: lastulevy, jossa on melamiiniviilua &#8211; Tuotteen mitat: 1,5 mm: 129,5 x 29 cm x 129,5 (L x S x K) &#8211; Paino: 27,3 kg &#8211; Staattinen kantavuus kuutiota kohti: 15 kgToimituksen laajuus: &#8211; 1 x kirjahylly &#8211; 1 x tarvikepakkaus &#8211; 1 x k\u00e4ytt\u00f6ohje (DE, EN, FR, ES, IT)VASAGLE Huomautuksia: &#8211; 1 x kirjahylly &#8211; 1 x lis\u00e4varustepakkaus &#8211; 1 x k\u00e4ytt\u00f6ohje (DE, EN, FR, ES, IT)VASAGLE Huom: &#8211; Puhdista kirjahylly kostealla liinalla ja pyyhi se sitten kuivaksi. &#8211; Kiinnit\u00e4 t\u00e4m\u00e4 tuote sein\u00e4\u00e4n oheisella kallistumisenestolaitteella turvallisen k\u00e4yt\u00f6n varmistamiseksi.<\/p>\n","protected":false},"excerpt":{"rendered":"<p>Tyylik\u00e4s ja k\u00e4yt\u00e4nn\u00f6llinen T\u00e4ss\u00e4 kirjahyllyss\u00e4 on runsaasti tilaa koriste-esineille, taloustavaroille ja kirjoille, ja se sopii kauniisti olohuoneeseesi. Vapaasti seisova hylly soveltuu my\u00f6s monenlaisten tavaroiden, kuten lelujen, vaatteiden, kansioiden, kirjojen jne. s\u00e4ilytt\u00e4miseen. Sijoita se lastenhuoneeseen, olohuoneeseen, toimistoon tai kotitoimistoon. Helppo kokoonpano T\u00e4m\u00e4n hyllyn kaikki yksitt\u00e4iset osat on numeroitu ja mukana on my\u00f6s yksityiskohtaiset ohjeet. T\u00e4m\u00e4 tekee [&hellip;]<\/p>\n","protected":false},"featured_media":0,"comment_status":"open","ping_status":"closed","template":"","meta":[],"product_brand":[],"product_cat":[32],"product_tag":[],"class_list":{"0":"post-32627","1":"product","2":"type-product","3":"status-publish","5":"product_cat-uncategorized-fi","7":"first","8":"instock","9":"shipping-taxable","10":"product-type-simple"},"_links":{"self":[{"href":"https:\/\/nordicmart.andreevmaster.com\/fi\/wp-json\/wp\/v2\/product\/32627","targetHints":{"allow":["GET"]}}],"collection":[{"href":"https:\/\/nordicmart.andreevmaster.com\/fi\/wp-json\/wp\/v2\/product"}],"about":[{"href":"https:\/\/nordicmart.andreevmaster.com\/fi\/wp-json\/wp\/v2\/types\/product"}],"replies":[{"embeddable":true,"href":"https:\/\/nordicmart.andreevmaster.com\/fi\/wp-json\/wp\/v2\/comments?post=32627"}],"wp:attachment":[{"href":"https:\/\/nordicmart.andreevmaster.com\/fi\/wp-json\/wp\/v2\/media?parent=32627"}],"wp:term":[{"taxonomy":"product_brand","embeddable":true,"href":"https:\/\/nordicmart.andreevmaster.com\/fi\/wp-json\/wp\/v2\/product_brand?post=32627"},{"taxonomy":"product_cat","embeddable":true,"href":"https:\/\/nordicmart.andreevmaster.com\/fi\/wp-json\/wp\/v2\/product_cat?post=32627"},{"taxonomy":"product_tag","embeddable":true,"href":"https:\/\/nordicmart.andreevmaster.com\/fi\/wp-json\/wp\/v2\/product_tag?post=32627"}],"curies":[{"name":"wp","href":"https:\/\/api.w.org\/{rel}","templated":true}]}}