{"id":32622,"date":"2026-02-27T00:18:06","date_gmt":"2026-02-27T00:18:06","guid":{"rendered":"https:\/\/nordicmart.andreevmaster.com\/product\/vasagle-2-kpl-baarituolit-selkanojalla\/"},"modified":"2026-02-27T09:39:41","modified_gmt":"2026-02-27T09:39:41","slug":"vasagle-2-kpl-baarituolit-selkanojalla","status":"publish","type":"product","link":"https:\/\/nordicmart.andreevmaster.com\/fi\/tuote\/vasagle-2-kpl-baarituolit-selkanojalla\/","title":{"rendered":"VASAGLE 2 kpl baarituolit selk\u00e4nojalla"},"content":{"rendered":"<p>Tuotetiedot: &#8211; V\u00e4ri: vintage-ruskea-musta &#8211; Materiaali: lastulevy, ter\u00e4s &#8211; Koko per jakkara: 45,4 x 45,4 x 102,2 cm (S x L x K) &#8211; Istuimen koko: 34 x 34 cm (S x L) &#8211; Istuimen korkeus (lattiasta): 74 cm &#8211; Jalkatuen korkeus (lattiasta): 30,5 cm &#8211; Selk\u00e4nojan korkeus (istuinpinnasta): 28,2 cm &#8211; Selk\u00e4nojan koko: 34 x 15 cm (S x L) &#8211; Selk\u00e4nojan kallistuskulma: 103\u00b0 &#8211; Paino per jakkara: 13,8 kg &#8211; Maks. staattinen kantavuus per jakkara: 136 kgToimitus sis\u00e4lt\u00e4\u00e4:- 2 x baarijakkara- 1 x lis\u00e4varustepaketti- 1 x ohjeetVASAGLE-ohjeet:- Turvallisuussyist\u00e4 lapset eiv\u00e4t saa kiivet\u00e4 tuotteelle tai leikki\u00e4 sill\u00e4.- Istuimen maksimaalinen staattinen kantavuus on 136 kg. \u00c4l\u00e4 ylit\u00e4 t\u00e4t\u00e4 enimm\u00e4ispainoa.<\/p>\n","protected":false},"excerpt":{"rendered":"<p>VASAGLE baarituoli, 2 kpl, baarituolit, keitti\u00f6tuolit, selk\u00e4nojalla, ter\u00e4srunko, helppo asentaa, teollinen muotoilu, vintage-ruskea-musta LBC078B01<\/p>\n","protected":false},"featured_media":41614,"comment_status":"open","ping_status":"closed","template":"","meta":[],"product_brand":[],"product_cat":[32],"product_tag":[],"class_list":{"0":"post-32622","1":"product","2":"type-product","3":"status-publish","4":"has-post-thumbnail","6":"product_cat-uncategorized-fi","8":"first","9":"instock","10":"shipping-taxable","11":"purchasable","12":"product-type-simple"},"_links":{"self":[{"href":"https:\/\/nordicmart.andreevmaster.com\/fi\/wp-json\/wp\/v2\/product\/32622","targetHints":{"allow":["GET"]}}],"collection":[{"href":"https:\/\/nordicmart.andreevmaster.com\/fi\/wp-json\/wp\/v2\/product"}],"about":[{"href":"https:\/\/nordicmart.andreevmaster.com\/fi\/wp-json\/wp\/v2\/types\/product"}],"replies":[{"embeddable":true,"href":"https:\/\/nordicmart.andreevmaster.com\/fi\/wp-json\/wp\/v2\/comments?post=32622"}],"wp:featuredmedia":[{"embeddable":true,"href":"https:\/\/nordicmart.andreevmaster.com\/fi\/wp-json\/wp\/v2\/media\/41614"}],"wp:attachment":[{"href":"https:\/\/nordicmart.andreevmaster.com\/fi\/wp-json\/wp\/v2\/media?parent=32622"}],"wp:term":[{"taxonomy":"product_brand","embeddable":true,"href":"https:\/\/nordicmart.andreevmaster.com\/fi\/wp-json\/wp\/v2\/product_brand?post=32622"},{"taxonomy":"product_cat","embeddable":true,"href":"https:\/\/nordicmart.andreevmaster.com\/fi\/wp-json\/wp\/v2\/product_cat?post=32622"},{"taxonomy":"product_tag","embeddable":true,"href":"https:\/\/nordicmart.andreevmaster.com\/fi\/wp-json\/wp\/v2\/product_tag?post=32622"}],"curies":[{"name":"wp","href":"https:\/\/api.w.org\/{rel}","templated":true}]}}