{"id":32615,"date":"2026-02-27T00:18:04","date_gmt":"2026-02-27T00:18:04","guid":{"rendered":"https:\/\/nordicmart.andreevmaster.com\/product\/vasagle-kenkakaappi-2-luukkua-kenkakaappi-kenkahylly\/"},"modified":"2026-02-27T09:39:39","modified_gmt":"2026-02-27T09:39:39","slug":"vasagle-kenkakaappi-2-luukkua-kenkakaappi-kenkahylly","status":"publish","type":"product","link":"https:\/\/nordicmart.andreevmaster.com\/fi\/tuote\/vasagle-kenkakaappi-2-luukkua-kenkakaappi-kenkahylly\/","title":{"rendered":"VASAGLE kenk\u00e4kaappi 2 luukkua, kenk\u00e4kaappi, kenk\u00e4hylly"},"content":{"rendered":"<p>Kaikkien kenkien pit\u00e4minen j\u00e4rjestyksess\u00e4 ei ole helppoa. Heti kun olet laittanut ne pois, ne ovat jo taas sekaisin eteisess\u00e4. Sijoita ne siksi t\u00e4h\u00e4n VASAGLE-keng\u00e4telineeseen, jotta ne eiv\u00e4t en\u00e4\u00e4 levi\u00e4 kuin taikaiskusta ymp\u00e4ri taloa. Sopii kaikenlaisille kengille T\u00e4m\u00e4 60 x 24 x 102 cm kokoinen kenk\u00e4kaappi on varustettu 2 l\u00e4pp\u00e4osastolla korkokengille, saappaille ja saappaille. Voit jakaa n\u00e4m\u00e4 osastot kahtia mukana toimitettujen v\u00e4liseinien avulla, jos haluat s\u00e4ilytt\u00e4\u00e4 niiss\u00e4 tasaisia kenki\u00e4, kuten lenkkareita, tossuja tai ballerinoja. N\u00e4in k\u00e4yt\u00e4nn\u00f6lliseen kaappiin mahtuu viel\u00e4 enemm\u00e4n kenki\u00e4. Lis\u00e4s\u00e4ilytystilaa T\u00e4m\u00e4 kenk\u00e4kaappi on varustettu my\u00f6s avoimella lokerolla, johon voit s\u00e4ilytt\u00e4\u00e4 avaimia, muistiinpanoja, huivia, pipoja tai k\u00e4sineit\u00e4. Aika on kallista Emme halua, ett\u00e4 joudut viett\u00e4m\u00e4\u00e4n koko p\u00e4iv\u00e4\u00e4 t\u00e4m\u00e4n kenk\u00e4kaapin kokoamiseen! Helppotajuisen ohjeen ja numeroitujen osien ansiosta se ei olekaan tarpeen. Kokoonpano onnistuu hetkess\u00e4! Tuotetiedot: &#8211; V\u00e4ri: valkoinen &#8211; Materiaali: melamiinipinnoitettu lastulevy &#8211; Koko: 60 x 24 x 102 cm (P x L x K) &#8211; Paino: 17 kg &#8211; Maks. staattinen kantavuus: 19 kg Toimitus sis\u00e4lt\u00e4\u00e4:- 1 x kenk\u00e4kaappi &#8211; 1 x s\u00e4ilytyslaatikko lis\u00e4varusteilla &#8211; 1 x ohjeet (DE, EN, FR, IT, ES) VASAGLE-ohjeet: &#8211; Kokoa tuote tarkasti ohjeiden mukaisesti. &#8211; Kiinnit\u00e4 tuote sein\u00e4\u00e4n mukana toimitetulla kaatumissuojalla. &#8211; Lapset eiv\u00e4t saa kiivet\u00e4 tuotteen p\u00e4\u00e4lle tai leikki\u00e4 sill\u00e4.- Tuote ei saa joutua kosketuksiin veden kanssa. &#8211; Pid\u00e4 tuote poissa ter\u00e4vien tai ter\u00e4vien esineiden l\u00e4heisyydest\u00e4 vahingoittumisen v\u00e4ltt\u00e4miseksi.<\/p>\n","protected":false},"excerpt":{"rendered":"<p>VASAGLE kenk\u00e4kaappi 2 ovella, kenk\u00e4hylly lis\u00e4osastolla, kenkien s\u00e4ilytys, kenkien j\u00e4rjestelij\u00e4, melamiinipinnoite, 60 x 24 x 102 cm, vintage-ruskea LBC040X01<\/p>\n","protected":false},"featured_media":41607,"comment_status":"open","ping_status":"closed","template":"","meta":[],"product_brand":[],"product_cat":[32],"product_tag":[],"class_list":{"0":"post-32615","1":"product","2":"type-product","3":"status-publish","4":"has-post-thumbnail","6":"product_cat-uncategorized-fi","8":"first","9":"instock","10":"shipping-taxable","11":"purchasable","12":"product-type-simple"},"_links":{"self":[{"href":"https:\/\/nordicmart.andreevmaster.com\/fi\/wp-json\/wp\/v2\/product\/32615","targetHints":{"allow":["GET"]}}],"collection":[{"href":"https:\/\/nordicmart.andreevmaster.com\/fi\/wp-json\/wp\/v2\/product"}],"about":[{"href":"https:\/\/nordicmart.andreevmaster.com\/fi\/wp-json\/wp\/v2\/types\/product"}],"replies":[{"embeddable":true,"href":"https:\/\/nordicmart.andreevmaster.com\/fi\/wp-json\/wp\/v2\/comments?post=32615"}],"wp:featuredmedia":[{"embeddable":true,"href":"https:\/\/nordicmart.andreevmaster.com\/fi\/wp-json\/wp\/v2\/media\/41607"}],"wp:attachment":[{"href":"https:\/\/nordicmart.andreevmaster.com\/fi\/wp-json\/wp\/v2\/media?parent=32615"}],"wp:term":[{"taxonomy":"product_brand","embeddable":true,"href":"https:\/\/nordicmart.andreevmaster.com\/fi\/wp-json\/wp\/v2\/product_brand?post=32615"},{"taxonomy":"product_cat","embeddable":true,"href":"https:\/\/nordicmart.andreevmaster.com\/fi\/wp-json\/wp\/v2\/product_cat?post=32615"},{"taxonomy":"product_tag","embeddable":true,"href":"https:\/\/nordicmart.andreevmaster.com\/fi\/wp-json\/wp\/v2\/product_tag?post=32615"}],"curies":[{"name":"wp","href":"https:\/\/api.w.org\/{rel}","templated":true}]}}