{"id":32612,"date":"2026-02-27T00:18:04","date_gmt":"2026-02-27T00:18:04","guid":{"rendered":"https:\/\/nordicmart.andreevmaster.com\/product\/vasagle-baarituolien-2-kpln-sarja-baarituolit-65-cm-korkeat-keittiotuolit-metallirungolla\/"},"modified":"2026-02-27T09:39:39","modified_gmt":"2026-02-27T09:39:39","slug":"vasagle-baarituolien-2-kpln-sarja-baarituolit-65-cm-korkeat-keittiotuolit-metallirungolla","status":"publish","type":"product","link":"https:\/\/nordicmart.andreevmaster.com\/fi\/tuote\/vasagle-baarituolien-2-kpln-sarja-baarituolit-65-cm-korkeat-keittiotuolit-metallirungolla\/","title":{"rendered":"VASAGLE baarituolien 2 kpl:n sarja, baarituolit 65 cm korkeat, keitti\u00f6tuolit metallirungolla"},"content":{"rendered":"<p>VASAGLE baarituoli, 2 kpl baarituoleja, keitti\u00f6tuolit tukevalla ter\u00e4srungolla, korkeus 65 cm, py\u00f6re\u00e4, helppo asentaa, teollinen tyyli, greige-musta LBC032B02<\/p>\n<p>Tekniset tiedot:<\/p>\n<p>&#8211; Mitat per tuoli: 32 cm p, 65 cm K<br \/>\n&#8211; Kokonaispaino: 7,5 kg<br \/>\n&#8211; Maks. staattinen kantavuus per jakkara: 110 kg<br \/>\n&#8211; Materiaali: lastulevy, ter\u00e4s<br \/>\n&#8211; V\u00e4ri: musta<\/p>\n","protected":false},"excerpt":{"rendered":"<p>VASAGLE baarituoli, 2 kpl baarituoleja, keitti\u00f6tuolit tukevalla ter\u00e4srungolla, korkeus 65 cm, py\u00f6re\u00e4, helppo asentaa, teollinen tyyli, greige-musta LBC032B02<\/p>\n","protected":false},"featured_media":41604,"comment_status":"open","ping_status":"closed","template":"","meta":[],"product_brand":[],"product_cat":[32],"product_tag":[],"class_list":{"0":"post-32612","1":"product","2":"type-product","3":"status-publish","4":"has-post-thumbnail","6":"product_cat-uncategorized-fi","8":"first","9":"instock","10":"shipping-taxable","11":"purchasable","12":"product-type-simple"},"_links":{"self":[{"href":"https:\/\/nordicmart.andreevmaster.com\/fi\/wp-json\/wp\/v2\/product\/32612","targetHints":{"allow":["GET"]}}],"collection":[{"href":"https:\/\/nordicmart.andreevmaster.com\/fi\/wp-json\/wp\/v2\/product"}],"about":[{"href":"https:\/\/nordicmart.andreevmaster.com\/fi\/wp-json\/wp\/v2\/types\/product"}],"replies":[{"embeddable":true,"href":"https:\/\/nordicmart.andreevmaster.com\/fi\/wp-json\/wp\/v2\/comments?post=32612"}],"wp:featuredmedia":[{"embeddable":true,"href":"https:\/\/nordicmart.andreevmaster.com\/fi\/wp-json\/wp\/v2\/media\/41604"}],"wp:attachment":[{"href":"https:\/\/nordicmart.andreevmaster.com\/fi\/wp-json\/wp\/v2\/media?parent=32612"}],"wp:term":[{"taxonomy":"product_brand","embeddable":true,"href":"https:\/\/nordicmart.andreevmaster.com\/fi\/wp-json\/wp\/v2\/product_brand?post=32612"},{"taxonomy":"product_cat","embeddable":true,"href":"https:\/\/nordicmart.andreevmaster.com\/fi\/wp-json\/wp\/v2\/product_cat?post=32612"},{"taxonomy":"product_tag","embeddable":true,"href":"https:\/\/nordicmart.andreevmaster.com\/fi\/wp-json\/wp\/v2\/product_tag?post=32612"}],"curies":[{"name":"wp","href":"https:\/\/api.w.org\/{rel}","templated":true}]}}