{"id":32611,"date":"2026-02-27T00:18:04","date_gmt":"2026-02-27T00:18:04","guid":{"rendered":"https:\/\/nordicmart.andreevmaster.com\/product\/vasagle-kenkakaappi-kenkahylly-kenkakaappi\/"},"modified":"2026-02-27T09:39:38","modified_gmt":"2026-02-27T09:39:38","slug":"vasagle-kenkakaappi-kenkahylly-kenkakaappi","status":"publish","type":"product","link":"https:\/\/nordicmart.andreevmaster.com\/fi\/tuote\/vasagle-kenkakaappi-kenkahylly-kenkakaappi\/","title":{"rendered":"VASAGLE kenk\u00e4kaappi, kenk\u00e4hylly, kenk\u00e4kaappi"},"content":{"rendered":"<p>T\u00e4m\u00e4n kenk\u00e4kaapin kohokohdat:<br \/>\n&#8211; Kolme isoa l\u00e4pp\u00e4luukullista lokeroa tarjoavat tilaa 18 parille naisten kenki\u00e4 tai 12 parille miesten kenki\u00e4.<br \/>\n&#8211; Vie v\u00e4h\u00e4n tilaa eteisess\u00e4 kapean muotonsa ansiosta<br \/>\n&#8211; Kenk\u00e4kaappiin mahtuu keng\u00e4t kokoon 46 asti; v\u00e4lisein\u00e4t voidaan poistaa, jotta kaappiin mahtuu my\u00f6s nilkkurit tai korkokeng\u00e4t.<br \/>\n&#8211; Yksinkertainen muotoilu ja vintage-ruskea s\u00e4vy antavat kodillesi ainutlaatuisen ilmeen.<br \/>\n&#8211; Kaatumisenesto takaa lis\u00e4turvallisuuden.<br \/>\n&#8211; Mukana toimitettavat jalat suojaavat lattiaasi naarmuilta<\/p>\n<p>Tuotetiedot:<br \/>\n&#8211; V\u00e4ri: vintage-ruskea<br \/>\n&#8211; Materiaali: lastulevy<br \/>\n&#8211; Koko: 60 x 24 x 120 cm (P x L x K)<br \/>\n&#8211; Paino: 19,6 kg<br \/>\n&#8211; Maks. staattinen kantavuus per taitettava lokero: 10 kg<\/p>\n<p>Toimitus sis\u00e4lt\u00e4\u00e4: <\/p>\n<p>&#8211; 1 x kenk\u00e4kaappi<br \/>\n&#8211; 1 x lis\u00e4varustepaketti<br \/>\n&#8211; 1 x k\u00e4ytt\u00f6ohje (DE, EN, FR, ES, IT)<\/p>\n<p>VASAGLE-huomautukset: <\/p>\n<p>&#8211; Kiinnit\u00e4 t\u00e4m\u00e4 tuote sein\u00e4\u00e4n mukana toimitetulla kaatumissuojalla turvallisen k\u00e4yt\u00f6n varmistamiseksi.<br \/>\n&#8211; Ei sovellu saappaiden s\u00e4ilytykseen!<br \/>\n&#8211; Nosta kaappi, kun haluat siirt\u00e4\u00e4 sit\u00e4. \u00c4l\u00e4 raahaa sit\u00e4 lattian yli.<\/p>\n","protected":false},"excerpt":{"rendered":"<p>VASAGLE kenk\u00e4kaappi 3 ovella, 3-tasoinen kenk\u00e4hylly, s\u00e4ilytyskaappi, sopii erinomaisesti kapeisiin eteisiin, olohuoneisiin ja makuuhuoneisiin, 60 x 24 x 120 cm (P x L x K), vintage-ruskea LBC030X01<\/p>\n","protected":false},"featured_media":41603,"comment_status":"open","ping_status":"closed","template":"","meta":[],"product_brand":[],"product_cat":[32],"product_tag":[],"class_list":{"0":"post-32611","1":"product","2":"type-product","3":"status-publish","4":"has-post-thumbnail","6":"product_cat-uncategorized-fi","8":"first","9":"instock","10":"shipping-taxable","11":"purchasable","12":"product-type-simple"},"_links":{"self":[{"href":"https:\/\/nordicmart.andreevmaster.com\/fi\/wp-json\/wp\/v2\/product\/32611","targetHints":{"allow":["GET"]}}],"collection":[{"href":"https:\/\/nordicmart.andreevmaster.com\/fi\/wp-json\/wp\/v2\/product"}],"about":[{"href":"https:\/\/nordicmart.andreevmaster.com\/fi\/wp-json\/wp\/v2\/types\/product"}],"replies":[{"embeddable":true,"href":"https:\/\/nordicmart.andreevmaster.com\/fi\/wp-json\/wp\/v2\/comments?post=32611"}],"wp:featuredmedia":[{"embeddable":true,"href":"https:\/\/nordicmart.andreevmaster.com\/fi\/wp-json\/wp\/v2\/media\/41603"}],"wp:attachment":[{"href":"https:\/\/nordicmart.andreevmaster.com\/fi\/wp-json\/wp\/v2\/media?parent=32611"}],"wp:term":[{"taxonomy":"product_brand","embeddable":true,"href":"https:\/\/nordicmart.andreevmaster.com\/fi\/wp-json\/wp\/v2\/product_brand?post=32611"},{"taxonomy":"product_cat","embeddable":true,"href":"https:\/\/nordicmart.andreevmaster.com\/fi\/wp-json\/wp\/v2\/product_cat?post=32611"},{"taxonomy":"product_tag","embeddable":true,"href":"https:\/\/nordicmart.andreevmaster.com\/fi\/wp-json\/wp\/v2\/product_tag?post=32611"}],"curies":[{"name":"wp","href":"https:\/\/api.w.org\/{rel}","templated":true}]}}