{"id":32598,"date":"2026-02-27T00:18:01","date_gmt":"2026-02-27T00:18:01","guid":{"rendered":"https:\/\/nordicmart.andreevmaster.com\/product\/vasagle-baarituoli-2-kpl-73-cm-korkea-musta\/"},"modified":"2026-02-27T09:39:36","modified_gmt":"2026-02-27T09:39:36","slug":"vasagle-baarituoli-2-kpl-73-cm-korkea-musta","status":"publish","type":"product","link":"https:\/\/nordicmart.andreevmaster.com\/fi\/tuote\/vasagle-baarituoli-2-kpl-73-cm-korkea-musta\/","title":{"rendered":"VASAGLE baarituoli 2 kpl 73 cm korkea musta"},"content":{"rendered":"<p>VASAGLE baarituolien 2 kpl:n sarja, baarituolit, ergonominen selk\u00e4noja, keinonahka, metallijalat s\u00e4\u00e4dett\u00e4vill\u00e4 universaalijaloilla, kotibaari, helppo asennus<br \/>\nV\u00e4ri: musta<br \/>\nMateriaali: kumipuu, ter\u00e4s, vaahtomuovi, PU-keinonahka (polyuretaani)<br \/>\nKoko: 49,5 x 50 x 98,5 cm (S x L x K)<br \/>\nIstuinkorkeus (lattiasta): 73 cm<br \/>\nKokonaispaino: 14,4 kg<br \/>\nSuurin staattinen kuormitus per jakkara: 120 kg<\/p>\n","protected":false},"excerpt":{"rendered":"<p>VASAGLE baarituolien 2 kpl:n sarja, baarituolit, ergonominen selk\u00e4noja, keinonahka, metallijalat s\u00e4\u00e4dett\u00e4vill\u00e4 universaalijaloilla, kotibaari, helppo asennus<\/p>\n","protected":false},"featured_media":41593,"comment_status":"open","ping_status":"closed","template":"","meta":[],"product_brand":[],"product_cat":[32],"product_tag":[],"class_list":{"0":"post-32598","1":"product","2":"type-product","3":"status-publish","4":"has-post-thumbnail","6":"product_cat-uncategorized-fi","8":"first","9":"instock","10":"shipping-taxable","11":"purchasable","12":"product-type-simple"},"_links":{"self":[{"href":"https:\/\/nordicmart.andreevmaster.com\/fi\/wp-json\/wp\/v2\/product\/32598","targetHints":{"allow":["GET"]}}],"collection":[{"href":"https:\/\/nordicmart.andreevmaster.com\/fi\/wp-json\/wp\/v2\/product"}],"about":[{"href":"https:\/\/nordicmart.andreevmaster.com\/fi\/wp-json\/wp\/v2\/types\/product"}],"replies":[{"embeddable":true,"href":"https:\/\/nordicmart.andreevmaster.com\/fi\/wp-json\/wp\/v2\/comments?post=32598"}],"wp:featuredmedia":[{"embeddable":true,"href":"https:\/\/nordicmart.andreevmaster.com\/fi\/wp-json\/wp\/v2\/media\/41593"}],"wp:attachment":[{"href":"https:\/\/nordicmart.andreevmaster.com\/fi\/wp-json\/wp\/v2\/media?parent=32598"}],"wp:term":[{"taxonomy":"product_brand","embeddable":true,"href":"https:\/\/nordicmart.andreevmaster.com\/fi\/wp-json\/wp\/v2\/product_brand?post=32598"},{"taxonomy":"product_cat","embeddable":true,"href":"https:\/\/nordicmart.andreevmaster.com\/fi\/wp-json\/wp\/v2\/product_cat?post=32598"},{"taxonomy":"product_tag","embeddable":true,"href":"https:\/\/nordicmart.andreevmaster.com\/fi\/wp-json\/wp\/v2\/product_tag?post=32598"}],"curies":[{"name":"wp","href":"https:\/\/api.w.org\/{rel}","templated":true}]}}