{"id":32597,"date":"2026-02-27T00:18:00","date_gmt":"2026-02-27T00:18:00","guid":{"rendered":"https:\/\/nordicmart.andreevmaster.com\/product\/vasagle-kirjahylly-13-lokeroa\/"},"modified":"2026-02-27T09:39:36","modified_gmt":"2026-02-27T09:39:36","slug":"vasagle-kirjahylly-13-lokeroa","status":"publish","type":"product","link":"https:\/\/nordicmart.andreevmaster.com\/fi\/tuote\/vasagle-kirjahylly-13-lokeroa\/","title":{"rendered":"VASAGLE kirjahylly, 13 lokeroa"},"content":{"rendered":"<p>Paikka, jossa voit rentoutua ja rauhoittua Aseta t\u00e4m\u00e4 kirjahylly ikkunan viereen, istu tuolille, avaa suosikkikirjasi ja uppoudu kiehtovaan maailmaan, kun ymp\u00e4rill\u00e4si on miellytt\u00e4v\u00e4 auringonvalo. T\u00e4m\u00e4n kirjahyllyn avulla voit tutkia vieraita paikkoja ja aikoja poistumatta huoneestasi. Pienet yksityiskohdat tekev\u00e4t suuren eron Katso t\u00e4t\u00e4 hylly\u00e4 tarkasti! Melamiiniviilulla p\u00e4\u00e4llystetty pinta tuntuu miellytt\u00e4v\u00e4n sile\u00e4lt\u00e4 eik\u00e4 siin\u00e4 ole ep\u00e4miellytt\u00e4v\u00e4\u00e4 hajua. Hanki t\u00e4m\u00e4 tyylik\u00e4s s\u00e4ilytyshylly kotiisi ja n\u00e4yt\u00e4 oma tyylisi! Tuotetiedot: &#8211; V\u00e4ri: vintage-ruskea &#8211; Materiaali: lastulevy, melamiiniviilu &#8211; Koko: 86 x 25 x 140 cm (P x L x K) &#8211; Paino: 18,9 kg &#8211; Maks. staattinen kantavuus per hylly: 10 kg &#8211; Maks. staattinen kantavuus yhteens\u00e4: 80 kg Toimitus sis\u00e4lt\u00e4\u00e4:- 1 x kirjahylly &#8211; 1 x kaatumissuoja &#8211; 1 x tarvikepussi &#8211; 1 x ohjeet (DE, EN, FR, ES, IT) VASAGLE-ohjeet: &#8211; Turvallisuussyist\u00e4 lapset eiv\u00e4t saa kiivet\u00e4 tuotteelle tai leikki\u00e4 sill\u00e4. &#8211; Hyllykohtaisen maksimaalisen staattisen kuormituksen kesto on 10 kg. \u00c4l\u00e4 ylit\u00e4 t\u00e4t\u00e4 enimm\u00e4ispainoa. &#8211; Kiinnit\u00e4 t\u00e4m\u00e4 tuote sein\u00e4\u00e4n mukana toimitetulla kaatumissuojalla turvallisen k\u00e4yt\u00f6n varmistamiseksi. &#8211; Nosta hylly\u00e4, kun haluat siirt\u00e4\u00e4 sit\u00e4. \u00c4l\u00e4 raahaa sit\u00e4 lattian p\u00e4\u00e4ll\u00e4.<\/p>\n","protected":false},"excerpt":{"rendered":"<p>VASAGLE Kirjahylly puun muodossa, 13 lokeroinen hylly, s\u00e4ilytyshylly, 86 x 25 x 140 cm, py\u00f6ristetyt kulmat, vintage-ruskea LBC67BXV1<\/p>\n","protected":false},"featured_media":41592,"comment_status":"open","ping_status":"closed","template":"","meta":[],"product_brand":[],"product_cat":[32],"product_tag":[],"class_list":{"0":"post-32597","1":"product","2":"type-product","3":"status-publish","4":"has-post-thumbnail","6":"product_cat-uncategorized-fi","8":"first","9":"instock","10":"shipping-taxable","11":"purchasable","12":"product-type-simple"},"_links":{"self":[{"href":"https:\/\/nordicmart.andreevmaster.com\/fi\/wp-json\/wp\/v2\/product\/32597","targetHints":{"allow":["GET"]}}],"collection":[{"href":"https:\/\/nordicmart.andreevmaster.com\/fi\/wp-json\/wp\/v2\/product"}],"about":[{"href":"https:\/\/nordicmart.andreevmaster.com\/fi\/wp-json\/wp\/v2\/types\/product"}],"replies":[{"embeddable":true,"href":"https:\/\/nordicmart.andreevmaster.com\/fi\/wp-json\/wp\/v2\/comments?post=32597"}],"wp:featuredmedia":[{"embeddable":true,"href":"https:\/\/nordicmart.andreevmaster.com\/fi\/wp-json\/wp\/v2\/media\/41592"}],"wp:attachment":[{"href":"https:\/\/nordicmart.andreevmaster.com\/fi\/wp-json\/wp\/v2\/media?parent=32597"}],"wp:term":[{"taxonomy":"product_brand","embeddable":true,"href":"https:\/\/nordicmart.andreevmaster.com\/fi\/wp-json\/wp\/v2\/product_brand?post=32597"},{"taxonomy":"product_cat","embeddable":true,"href":"https:\/\/nordicmart.andreevmaster.com\/fi\/wp-json\/wp\/v2\/product_cat?post=32597"},{"taxonomy":"product_tag","embeddable":true,"href":"https:\/\/nordicmart.andreevmaster.com\/fi\/wp-json\/wp\/v2\/product_tag?post=32597"}],"curies":[{"name":"wp","href":"https:\/\/api.w.org\/{rel}","templated":true}]}}