{"id":32596,"date":"2026-02-27T00:18:00","date_gmt":"2026-02-27T00:18:00","guid":{"rendered":"https:\/\/nordicmart.andreevmaster.com\/product\/kirjahylly-puinen-kirjahylly-jossa-13-sailytyshyllya-86-x-25-x-140-cm-pyoristetyt-kulmat-rustiikkinen-ruskea-lbc67bxv1\/"},"modified":"2026-02-27T09:39:36","modified_gmt":"2026-02-27T09:39:36","slug":"kirjahylly-puinen-kirjahylly-jossa-13-sailytyshyllya-86-x-25-x-140-cm-pyoristetyt-kulmat-rustiikkinen-ruskea-lbc67bxv1","status":"publish","type":"product","link":"https:\/\/nordicmart.andreevmaster.com\/fi\/tuote\/kirjahylly-puinen-kirjahylly-jossa-13-sailytyshyllya-86-x-25-x-140-cm-pyoristetyt-kulmat-rustiikkinen-ruskea-lbc67bxv1\/","title":{"rendered":"Kirjahylly, puinen kirjahylly, jossa 13 s\u00e4ilytyshylly\u00e4, 86 x 25 x 140 cm, py\u00f6ristetyt kulmat, rustiikkinen ruskea LBC67BXV1"},"content":{"rendered":"<p>Kutsu luontoon: Kuten kaunis, majesteettinen puu, jonka kuori on silkinpehme\u00e4 ja ruskea, t\u00e4m\u00e4 suuri kirjahylly levitt\u00e4\u00e4 oksansa olohuoneeseesi ja sublimoi lukupaikkasi. Tuo mets\u00e4n rauhallinen hiljaisuus kotiisi!<\/p>\n<p>Runsaasti s\u00e4ilytystilaa: Aseta kirjat t\u00e4lle puumaiselle hyllylle ja muuta se upeaksi hedelm\u00e4puuksi. Siin\u00e4 on 13 lokeroa kirjojesi s\u00e4ilytt\u00e4miseen&#8230; mutta se ei ole viel\u00e4 kaikki! Sijoita CD-levyt, lehdet, koristeet, ruukkukasvit ja paljon muuta paikoilleen!<\/p>\n<p>Ei vaivaa: Rentoudu! Py\u00f6ristetyt kulmat est\u00e4v\u00e4t kolhuja, ja 2 takapaneelia ja sivupaneelia pit\u00e4v\u00e4t kirjat turvallisesti paikoillaan, joten hylly on turvallinen k\u00e4ytt\u00e4\u00e4. Lis\u00e4ksi mukana toimitetaan kaatumisenestoj\u00e4rjestelm\u00e4.Tilava, mutta kompakti: Oletko aina haaveillut oikeasta kirjastosta kotona, mutta sinulla ei ole tilaa? T\u00e4m\u00e4 kompakti hylly, jonka mitat ovat 86 x 25 x 140 cm (P x L x K), mahtuu helposti olohuoneeseen, makuuhuoneeseen tai toimistoon, jonka luulit olevan liian pieni.<\/p>\n<p>Asennus valmis! VASAGLE-sarjan avulla v\u00e4lt\u00e4t ik\u00e4v\u00e4t yll\u00e4tykset! Helppotajuiset, kuvitetut ohjeet ja numeroidut osat helpottavat t\u00e4m\u00e4n s\u00e4ilytyshyllyn kokoamista. Saatat yll\u00e4tt\u00e4\u00e4 itsesi!<\/p>\n<p>Paikka rentoutumiseen ja rauhaan Aseta t\u00e4m\u00e4 hylly ikkunan viereen, istu tuolille, avaa suosikkikirjasi ja uppoudu kiehtovaan maailmaan, kun ymp\u00e4rill\u00e4si on miellytt\u00e4v\u00e4\u00e4 auringonvaloa. T\u00e4m\u00e4 hylly antaa sinulle mahdollisuuden tutkia vieraita paikkoja ja aikoja poistumatta huoneestasi. Pienet yksityiskohdat tekev\u00e4t suuren eron Katso t\u00e4t\u00e4 kirjahylly\u00e4 tarkemmin! Pinta on valmistettu melamiiniviilusta, se on miellytt\u00e4v\u00e4n sile\u00e4 koskettaa eik\u00e4 siin\u00e4 ole ep\u00e4miellytt\u00e4v\u00e4\u00e4 hajua. Tuo t\u00e4m\u00e4 tyylik\u00e4s s\u00e4ilytyshylly kotiisi ja n\u00e4yt\u00e4 oma tyylisi! Tuotetiedot: &#8211; V\u00e4ri: vintage brown &#8211; Materiaali: lastulevy, melamiiniviilu &#8211; Koko: 86 x 25 x 140 cm (P x L x K) &#8211; Paino: 18,9 kg &#8211; Maks. staattinen kantavuus per hylly: 10 kg &#8211; Maks. staattinen kokonaiskuormituskapasiteetti: 80 kgToimitus sis\u00e4lt\u00e4\u00e4:- 1 x kirjahylly- 1 x kaatumissuoja- 1 x lis\u00e4varustetasku- 1 x k\u00e4ytt\u00f6ohje (DE, EN, FR, ES, IT)VASAGLE Huomautukset:- Turvallisuussyist\u00e4 lapset eiv\u00e4t saa kiivet\u00e4 tuotteelle tai leikki\u00e4 sill\u00e4. Hyllyn suurin staattinen kantavuus on 10 kg. \u00c4l\u00e4 ylit\u00e4 t\u00e4t\u00e4 enimm\u00e4ispainoa.- Kiinnit\u00e4 tuote sein\u00e4\u00e4n mukana toimitetulla kaatumissuojalla turvallisen k\u00e4yt\u00f6n varmistamiseksi.- Nosta hylly\u00e4, jos haluat siirt\u00e4\u00e4 sit\u00e4. \u00c4l\u00e4 ved\u00e4 sit\u00e4 lattian yli.<\/p>\n","protected":false},"excerpt":{"rendered":"<p>Kutsu luontoon: Kuten kaunis, majesteettinen puu, jonka kuori on silkinpehme\u00e4 ja ruskea, t\u00e4m\u00e4 suuri kirjahylly levitt\u00e4\u00e4 oksansa olohuoneeseesi ja sublimoi lukupaikkasi. Tuo mets\u00e4n rauhallinen hiljaisuus kotiisi! Runsaasti s\u00e4ilytystilaa: Aseta kirjat t\u00e4lle puumaiselle hyllylle ja muuta se upeaksi hedelm\u00e4puuksi. Siin\u00e4 on 13 lokeroa kirjojesi s\u00e4ilytt\u00e4miseen&#8230; mutta se ei ole viel\u00e4 kaikki! Sijoita CD-levyt, lehdet, koristeet, ruukkukasvit [&hellip;]<\/p>\n","protected":false},"featured_media":0,"comment_status":"open","ping_status":"closed","template":"","meta":[],"product_brand":[],"product_cat":[32],"product_tag":[],"class_list":{"0":"post-32596","1":"product","2":"type-product","3":"status-publish","5":"product_cat-uncategorized-fi","7":"first","8":"instock","9":"shipping-taxable","10":"product-type-simple"},"_links":{"self":[{"href":"https:\/\/nordicmart.andreevmaster.com\/fi\/wp-json\/wp\/v2\/product\/32596","targetHints":{"allow":["GET"]}}],"collection":[{"href":"https:\/\/nordicmart.andreevmaster.com\/fi\/wp-json\/wp\/v2\/product"}],"about":[{"href":"https:\/\/nordicmart.andreevmaster.com\/fi\/wp-json\/wp\/v2\/types\/product"}],"replies":[{"embeddable":true,"href":"https:\/\/nordicmart.andreevmaster.com\/fi\/wp-json\/wp\/v2\/comments?post=32596"}],"wp:attachment":[{"href":"https:\/\/nordicmart.andreevmaster.com\/fi\/wp-json\/wp\/v2\/media?parent=32596"}],"wp:term":[{"taxonomy":"product_brand","embeddable":true,"href":"https:\/\/nordicmart.andreevmaster.com\/fi\/wp-json\/wp\/v2\/product_brand?post=32596"},{"taxonomy":"product_cat","embeddable":true,"href":"https:\/\/nordicmart.andreevmaster.com\/fi\/wp-json\/wp\/v2\/product_cat?post=32596"},{"taxonomy":"product_tag","embeddable":true,"href":"https:\/\/nordicmart.andreevmaster.com\/fi\/wp-json\/wp\/v2\/product_tag?post=32596"}],"curies":[{"name":"wp","href":"https:\/\/api.w.org\/{rel}","templated":true}]}}