{"id":32595,"date":"2026-02-27T00:18:00","date_gmt":"2026-02-27T00:18:00","guid":{"rendered":"https:\/\/nordicmart.andreevmaster.com\/product\/vasagle-hyllykko-8-hyllya\/"},"modified":"2026-02-27T09:39:35","modified_gmt":"2026-02-27T09:39:35","slug":"vasagle-hyllykko-8-hyllya","status":"publish","type":"product","link":"https:\/\/nordicmart.andreevmaster.com\/fi\/tuote\/vasagle-hyllykko-8-hyllya\/","title":{"rendered":"VASAGLE hyllykk\u00f6, 8 hylly\u00e4"},"content":{"rendered":"<p>Tuotetiedot: &#8211; V\u00e4ri: vintage-ruskea &#8211; Materiaali: lastulevy &#8211; Koko: 50 x 25 x 140 cm (P x L x K) &#8211; Paino: 11,4 kg &#8211; Maks. staattinen kantavuus hylly\u00e4 kohti: 10 kg &#8211; Maks. staattinen kantavuus yhteens\u00e4: 50 kg Toimitus sis\u00e4lt\u00e4\u00e4: &#8211; 1 x kirjahylly &#8211; 1 x kaatumissuoja &#8211; 1 x lis\u00e4varustepussi &#8211; 1 x ohjeet (DE, EN, FR, ES, IT) VASAGLE Huomautukset: &#8211; Turvallisuussyist\u00e4 lapset eiv\u00e4t saa kiivet\u00e4 tuotteelle tai leikki\u00e4 sill\u00e4. &#8211; Hyllykohtainen suurin staattinen kantavuus on 10 kg. \u00c4l\u00e4 ylit\u00e4 t\u00e4t\u00e4 enimm\u00e4ispainoa. &#8211; Kiinnit\u00e4 t\u00e4m\u00e4 tuote sein\u00e4\u00e4n mukana toimitetulla kaatumissuojalla turvallisen k\u00e4yt\u00f6n varmistamiseksi. &#8211; Nosta hylly\u00e4, kun haluat siirt\u00e4\u00e4 sit\u00e4. \u00c4l\u00e4 raahaa sit\u00e4 lattian p\u00e4\u00e4ll\u00e4.<\/p>\n","protected":false},"excerpt":{"rendered":"<p>VASAGLE Kirjahylly puun muotoinen, seisomahylly 8 lokerolla, s\u00e4ilytyshylly, 50 x 25 x 140 cm, py\u00f6ristetyt kulmat, vintage-ruskea LBC66BXV1<\/p>\n","protected":false},"featured_media":41591,"comment_status":"open","ping_status":"closed","template":"","meta":[],"product_brand":[],"product_cat":[32],"product_tag":[],"class_list":{"0":"post-32595","1":"product","2":"type-product","3":"status-publish","4":"has-post-thumbnail","6":"product_cat-uncategorized-fi","8":"first","9":"instock","10":"shipping-taxable","11":"purchasable","12":"product-type-simple"},"_links":{"self":[{"href":"https:\/\/nordicmart.andreevmaster.com\/fi\/wp-json\/wp\/v2\/product\/32595","targetHints":{"allow":["GET"]}}],"collection":[{"href":"https:\/\/nordicmart.andreevmaster.com\/fi\/wp-json\/wp\/v2\/product"}],"about":[{"href":"https:\/\/nordicmart.andreevmaster.com\/fi\/wp-json\/wp\/v2\/types\/product"}],"replies":[{"embeddable":true,"href":"https:\/\/nordicmart.andreevmaster.com\/fi\/wp-json\/wp\/v2\/comments?post=32595"}],"wp:featuredmedia":[{"embeddable":true,"href":"https:\/\/nordicmart.andreevmaster.com\/fi\/wp-json\/wp\/v2\/media\/41591"}],"wp:attachment":[{"href":"https:\/\/nordicmart.andreevmaster.com\/fi\/wp-json\/wp\/v2\/media?parent=32595"}],"wp:term":[{"taxonomy":"product_brand","embeddable":true,"href":"https:\/\/nordicmart.andreevmaster.com\/fi\/wp-json\/wp\/v2\/product_brand?post=32595"},{"taxonomy":"product_cat","embeddable":true,"href":"https:\/\/nordicmart.andreevmaster.com\/fi\/wp-json\/wp\/v2\/product_cat?post=32595"},{"taxonomy":"product_tag","embeddable":true,"href":"https:\/\/nordicmart.andreevmaster.com\/fi\/wp-json\/wp\/v2\/product_tag?post=32595"}],"curies":[{"name":"wp","href":"https:\/\/api.w.org\/{rel}","templated":true}]}}