{"id":32594,"date":"2026-02-27T00:18:00","date_gmt":"2026-02-27T00:18:00","guid":{"rendered":"https:\/\/nordicmart.andreevmaster.com\/product\/puun-muotoinen-kirjahylly-kirjahylly-jossa-8-sailytystilaa-50-x-25-x-140-cm-pyoristetyt-kulmat-rustiikkinen-ruskea-lbc66bxv1\/"},"modified":"2026-02-27T09:39:35","modified_gmt":"2026-02-27T09:39:35","slug":"puun-muotoinen-kirjahylly-kirjahylly-jossa-8-sailytystilaa-50-x-25-x-140-cm-pyoristetyt-kulmat-rustiikkinen-ruskea-lbc66bxv1","status":"publish","type":"product","link":"https:\/\/nordicmart.andreevmaster.com\/fi\/tuote\/puun-muotoinen-kirjahylly-kirjahylly-jossa-8-sailytystilaa-50-x-25-x-140-cm-pyoristetyt-kulmat-rustiikkinen-ruskea-lbc66bxv1\/","title":{"rendered":"Puun muotoinen kirjahylly, kirjahylly, jossa 8 s\u00e4ilytystilaa, 50 x 25 x 140 cm, py\u00f6ristetyt kulmat, rustiikkinen ruskea LBC66BXV1"},"content":{"rendered":"<p>Kutsu luontoon: Kuten kaunis, majesteettinen puu, jonka kuori on silkinpehme\u00e4 ja ruskea, t\u00e4m\u00e4 suuri kirjahylly levitt\u00e4\u00e4 oksansa olohuoneeseesi ja korostaa lukunurkkausasi. Tuo mets\u00e4n rauhallinen hiljaisuus kotiisi!<\/p>\n<p>Kunnollista tilaa: Anna t\u00e4m\u00e4n puumaisen hyllyn kukkia sijoittamalla kaikki aarteesi sen oksille. Siin\u00e4 on 8 lokeroa kirjojesi s\u00e4ilytt\u00e4miseen&#8230; mutta se ei ole viel\u00e4 kaikki! Sijoita my\u00f6s CD-levyt, lehdet, koristeet, ruukkukasvit ja paljon muuta paikoilleen!<\/p>\n<p>Ei vaivaa: Rentoudu! Py\u00f6ristetyt kulmat est\u00e4v\u00e4t kolhuja, ja 2 takapaneelia ja sivupaneelia pit\u00e4v\u00e4t kirjat turvallisesti paikoillaan, joten hylly on turvallinen k\u00e4ytt\u00e4\u00e4. Lis\u00e4ksi se toimitetaan kaatumisenestoj\u00e4rjestelm\u00e4n kanssa. <\/p>\n<p>Mahtuu pieniin tiloihin: Kompaktin kokonsa ansiosta (50 x 25 x 140 cm, P x L x K) t\u00e4m\u00e4 kirjahylly vie hyvin v\u00e4h\u00e4n tilaa. Voit helposti luoda lukunurkkauksen olohuoneeseen, makuuhuoneeseen tai toimistoon, jonka luulit olevan liian pieni.<\/p>\n<p>Asennus valmis! VASAGLE-hyllyll\u00e4 ei ole ik\u00e4vi\u00e4 yll\u00e4tyksi\u00e4! Helppotajuiset, kuvitetut ohjeet ja numeroidut osat helpottavat t\u00e4m\u00e4n s\u00e4ilytyshyllyn kokoamista. Saatat yll\u00e4tty\u00e4 itsest\u00e4si!<\/p>\n<p>Tuotetiedot: &#8211; V\u00e4ri: vintage brown &#8211; Materiaali: lastulevy &#8211; Koko: 50 x 25 x 140 cm (P x L x K) &#8211; Paino: 11,4 kg &#8211; Maks. staattinen kuormituskapasiteetti hylly\u00e4 kohti: 10 kg &#8211; Maks. staattinen kuormituskapasiteetti yhteens\u00e4: 50 kg Toimitus sis\u00e4lt\u00e4\u00e4: &#8211; 1 x kirjahylly &#8211; 1 x kaatumissuoja &#8211; 1 x lis\u00e4varustetasku &#8211; 1 x k\u00e4ytt\u00f6ohje (DE, EN, FR, ES, IT)VASAGLE Huomautukset: &#8211; Turvallisuussyist\u00e4 lapset eiv\u00e4t saa kiivet\u00e4 tuotteen p\u00e4\u00e4lle tai leikki\u00e4 sill\u00e4. Hyllyn suurin staattinen kantavuus on 10 kg. \u00c4l\u00e4 ylit\u00e4 t\u00e4t\u00e4 enimm\u00e4ispainoa. &#8211; Kiinnit\u00e4 tuote sein\u00e4\u00e4n mukana toimitetulla kaatumissuojalla turvallisen k\u00e4yt\u00f6n varmistamiseksi.- Nosta hylly\u00e4, jos haluat siirt\u00e4\u00e4 sit\u00e4. \u00c4l\u00e4 ved\u00e4 sit\u00e4 lattian yli.<\/p>\n","protected":false},"excerpt":{"rendered":"<p>Kutsu luontoon: Kuten kaunis, majesteettinen puu, jonka kuori on silkinpehme\u00e4 ja ruskea, t\u00e4m\u00e4 suuri kirjahylly levitt\u00e4\u00e4 oksansa olohuoneeseesi ja korostaa lukunurkkausasi. Tuo mets\u00e4n rauhallinen hiljaisuus kotiisi! Kunnollista tilaa: Anna t\u00e4m\u00e4n puumaisen hyllyn kukkia sijoittamalla kaikki aarteesi sen oksille. Siin\u00e4 on 8 lokeroa kirjojesi s\u00e4ilytt\u00e4miseen&#8230; mutta se ei ole viel\u00e4 kaikki! Sijoita my\u00f6s CD-levyt, lehdet, koristeet, [&hellip;]<\/p>\n","protected":false},"featured_media":0,"comment_status":"open","ping_status":"closed","template":"","meta":[],"product_brand":[],"product_cat":[32],"product_tag":[],"class_list":{"0":"post-32594","1":"product","2":"type-product","3":"status-publish","5":"product_cat-uncategorized-fi","7":"first","8":"instock","9":"shipping-taxable","10":"product-type-simple"},"_links":{"self":[{"href":"https:\/\/nordicmart.andreevmaster.com\/fi\/wp-json\/wp\/v2\/product\/32594","targetHints":{"allow":["GET"]}}],"collection":[{"href":"https:\/\/nordicmart.andreevmaster.com\/fi\/wp-json\/wp\/v2\/product"}],"about":[{"href":"https:\/\/nordicmart.andreevmaster.com\/fi\/wp-json\/wp\/v2\/types\/product"}],"replies":[{"embeddable":true,"href":"https:\/\/nordicmart.andreevmaster.com\/fi\/wp-json\/wp\/v2\/comments?post=32594"}],"wp:attachment":[{"href":"https:\/\/nordicmart.andreevmaster.com\/fi\/wp-json\/wp\/v2\/media?parent=32594"}],"wp:term":[{"taxonomy":"product_brand","embeddable":true,"href":"https:\/\/nordicmart.andreevmaster.com\/fi\/wp-json\/wp\/v2\/product_brand?post=32594"},{"taxonomy":"product_cat","embeddable":true,"href":"https:\/\/nordicmart.andreevmaster.com\/fi\/wp-json\/wp\/v2\/product_cat?post=32594"},{"taxonomy":"product_tag","embeddable":true,"href":"https:\/\/nordicmart.andreevmaster.com\/fi\/wp-json\/wp\/v2\/product_tag?post=32594"}],"curies":[{"name":"wp","href":"https:\/\/api.w.org\/{rel}","templated":true}]}}