{"id":32593,"date":"2026-02-27T00:18:00","date_gmt":"2026-02-27T00:18:00","guid":{"rendered":"https:\/\/nordicmart.andreevmaster.com\/product\/vasagle-baarituolit-2-kpl-teollinen-tyyli\/"},"modified":"2026-02-27T09:39:35","modified_gmt":"2026-02-27T09:39:35","slug":"vasagle-baarituolit-2-kpl-teollinen-tyyli","status":"publish","type":"product","link":"https:\/\/nordicmart.andreevmaster.com\/fi\/tuote\/vasagle-baarituolit-2-kpl-teollinen-tyyli\/","title":{"rendered":"VASAGLE baarituolit, 2 kpl, teollinen tyyli"},"content":{"rendered":"<p>Turvallisuus ennen kaikkea Baarituolit on testattu SGS:n erityisill\u00e4 vakauskokeilla standardien EN 12520:2015 (EN 1022:2018 7.3.1; EN 1022:2018 7.3.2; EN 1022:2018 7.3.4; EN 1022:2018 7.3.5; EN 1728:2012 6.15; EN 1728:2012 6.16) ja l\u00e4p\u00e4isseet ne kaikki (testiraportti nro AJHL1904000743FT, 3.4.2019).Voit siis istua turvallisesti, vaikka laitat jalat k\u00e4tev\u00e4lle jalkatuelle ja nojaat hieman eteenp\u00e4in nauttiaksesi leip\u00e4si. Tuotetiedot: &#8211; V\u00e4ri: tummanruskea\/vintage &#8211; Materiaali: puulastulevy, rauta &#8211; Koko per tuoli: 40 x 30 x 65 cm (P x L x K) &#8211; Paino: 8,4 kg &#8211; Tuolin maks. staattinen kantavuus: 120 kg Toimitus sis\u00e4lt\u00e4\u00e4: &#8211; 2 x baarituoli &#8211; 1 x lis\u00e4varustepussi &#8211; 1 x ohjeet (DE, EN, ES, FR, IT) VASAGLE-huomautukset:- Lapset eiv\u00e4t saa kiivet\u00e4 tuotteelle tai leikki\u00e4 sill\u00e4. &#8211; \u00c4l\u00e4 ylit\u00e4 tuolien suurinta kantavuutta (120 kg per tuoli). &#8211; \u00c4l\u00e4 nojaa taaksep\u00e4in tai keinuta edestakaisin istuessasi tuolilla.<\/p>\n","protected":false},"excerpt":{"rendered":"<p>VASAGLE baarituolien 2 kpl:n sarja, baarituolit, keitti\u00f6tuolit teollisessa designissa, jalkatukilla, keitti\u00f6\u00f6n, olohuoneeseen, juhlatilaan, vintage, tummanruskea LBC65X<\/p>\n","protected":false},"featured_media":41590,"comment_status":"open","ping_status":"closed","template":"","meta":[],"product_brand":[],"product_cat":[32],"product_tag":[],"class_list":{"0":"post-32593","1":"product","2":"type-product","3":"status-publish","4":"has-post-thumbnail","6":"product_cat-uncategorized-fi","8":"first","9":"instock","10":"shipping-taxable","11":"purchasable","12":"product-type-simple"},"_links":{"self":[{"href":"https:\/\/nordicmart.andreevmaster.com\/fi\/wp-json\/wp\/v2\/product\/32593","targetHints":{"allow":["GET"]}}],"collection":[{"href":"https:\/\/nordicmart.andreevmaster.com\/fi\/wp-json\/wp\/v2\/product"}],"about":[{"href":"https:\/\/nordicmart.andreevmaster.com\/fi\/wp-json\/wp\/v2\/types\/product"}],"replies":[{"embeddable":true,"href":"https:\/\/nordicmart.andreevmaster.com\/fi\/wp-json\/wp\/v2\/comments?post=32593"}],"wp:featuredmedia":[{"embeddable":true,"href":"https:\/\/nordicmart.andreevmaster.com\/fi\/wp-json\/wp\/v2\/media\/41590"}],"wp:attachment":[{"href":"https:\/\/nordicmart.andreevmaster.com\/fi\/wp-json\/wp\/v2\/media?parent=32593"}],"wp:term":[{"taxonomy":"product_brand","embeddable":true,"href":"https:\/\/nordicmart.andreevmaster.com\/fi\/wp-json\/wp\/v2\/product_brand?post=32593"},{"taxonomy":"product_cat","embeddable":true,"href":"https:\/\/nordicmart.andreevmaster.com\/fi\/wp-json\/wp\/v2\/product_cat?post=32593"},{"taxonomy":"product_tag","embeddable":true,"href":"https:\/\/nordicmart.andreevmaster.com\/fi\/wp-json\/wp\/v2\/product_tag?post=32593"}],"curies":[{"name":"wp","href":"https:\/\/api.w.org\/{rel}","templated":true}]}}