{"id":32592,"date":"2026-02-27T00:17:59","date_gmt":"2026-02-27T00:17:59","guid":{"rendered":"https:\/\/nordicmart.andreevmaster.com\/product\/vasagle-porrashylly-6-avointa-lokeroa-valkoinen\/"},"modified":"2026-02-27T09:39:35","modified_gmt":"2026-02-27T09:39:35","slug":"vasagle-porrashylly-6-avointa-lokeroa-valkoinen","status":"publish","type":"product","link":"https:\/\/nordicmart.andreevmaster.com\/fi\/tuote\/vasagle-porrashylly-6-avointa-lokeroa-valkoinen\/","title":{"rendered":"VASAGLE Porrashylly 6 avointa lokeroa Valkoinen"},"content":{"rendered":"<p>6-kuutioinen portaikkohylly Ainutlaatuinen muotoilu ja toiminnallinen tarkoitus Oletko kyll\u00e4stynyt tavallisiin kirjahyllyihin? Nyt sinulla on mahdollisuus tuoda kotiisi hieman lis\u00e4\u00e4 luonnetta t\u00e4ll\u00e4 ainutlaatuisella portaikko-kirjahyllyll\u00e4. 6 hyllyss\u00e4 on runsaasti tilaa seikkailukirjoillesi, toimintapeleillesi ja viimeisimm\u00e4n perhelomasi valokuville. Asennuksen helpottamiseksi kaikki t\u00e4m\u00e4n kaapin osat on numeroitu. Lis\u00e4vakautta varten mukana toimitetaan my\u00f6s kaatumissuoja. Tuotetiedot:V\u00e4ri: valkoinen Materiaali: melamiiniviilutettu lastulevy Tuotteen mitat: 97,5 x 97,5 x 29 cm (L x K x S) Paino: 18 kg Kunkin kuution kantavuus: 15 kg Toimitus sis\u00e4lt\u00e4\u00e4: 1 x kirjahylly 1 x kiinnityspussi 1 x ohjeet (DE, EN, FR, ES, IT) VASAGLE Huomautukset:Puhdista kirjahylly kostealla liinalla ja kuivaa se sitten. Asenna kaatumisenestolaite lasten ja lemmikkiel\u00e4inten turvallisuuden vuoksi.<\/p>\n","protected":false},"excerpt":{"rendered":"<p>VASAGLE Kirjahylly, portaikkohylly 6 lokerolla, 6 kuutiota, puinen n\u00e4yttelyhylly, vapaasti seisova hylly, tilanjakaja, 97,5 x 97,5 x 29 cm, valkoinen LBC63WT<\/p>\n","protected":false},"featured_media":41589,"comment_status":"open","ping_status":"closed","template":"","meta":[],"product_brand":[],"product_cat":[32],"product_tag":[],"class_list":{"0":"post-32592","1":"product","2":"type-product","3":"status-publish","4":"has-post-thumbnail","6":"product_cat-uncategorized-fi","8":"first","9":"instock","10":"shipping-taxable","11":"purchasable","12":"product-type-simple"},"_links":{"self":[{"href":"https:\/\/nordicmart.andreevmaster.com\/fi\/wp-json\/wp\/v2\/product\/32592","targetHints":{"allow":["GET"]}}],"collection":[{"href":"https:\/\/nordicmart.andreevmaster.com\/fi\/wp-json\/wp\/v2\/product"}],"about":[{"href":"https:\/\/nordicmart.andreevmaster.com\/fi\/wp-json\/wp\/v2\/types\/product"}],"replies":[{"embeddable":true,"href":"https:\/\/nordicmart.andreevmaster.com\/fi\/wp-json\/wp\/v2\/comments?post=32592"}],"wp:featuredmedia":[{"embeddable":true,"href":"https:\/\/nordicmart.andreevmaster.com\/fi\/wp-json\/wp\/v2\/media\/41589"}],"wp:attachment":[{"href":"https:\/\/nordicmart.andreevmaster.com\/fi\/wp-json\/wp\/v2\/media?parent=32592"}],"wp:term":[{"taxonomy":"product_brand","embeddable":true,"href":"https:\/\/nordicmart.andreevmaster.com\/fi\/wp-json\/wp\/v2\/product_brand?post=32592"},{"taxonomy":"product_cat","embeddable":true,"href":"https:\/\/nordicmart.andreevmaster.com\/fi\/wp-json\/wp\/v2\/product_cat?post=32592"},{"taxonomy":"product_tag","embeddable":true,"href":"https:\/\/nordicmart.andreevmaster.com\/fi\/wp-json\/wp\/v2\/product_tag?post=32592"}],"curies":[{"name":"wp","href":"https:\/\/api.w.org\/{rel}","templated":true}]}}