{"id":32590,"date":"2026-02-27T00:17:59","date_gmt":"2026-02-27T00:17:59","guid":{"rendered":"https:\/\/nordicmart.andreevmaster.com\/product\/vasagle-vapaasti-seisova-6-tasoinen-kirjahylly\/"},"modified":"2026-02-27T09:39:35","modified_gmt":"2026-02-27T09:39:35","slug":"vasagle-vapaasti-seisova-6-tasoinen-kirjahylly","status":"publish","type":"product","link":"https:\/\/nordicmart.andreevmaster.com\/fi\/tuote\/vasagle-vapaasti-seisova-6-tasoinen-kirjahylly\/","title":{"rendered":"VASAGLE Vapaasti seisova 6-tasoinen kirjahylly"},"content":{"rendered":"<p>T\u00e4m\u00e4 huonekalu on seisova arkistohylly tai kirjahylly, joka laajentaa ja maksimoi s\u00e4ilytystilan viev\u00e4tt\u00e4 paljon tilaa toimistossasi, kirjastossasi, ty\u00f6paikallasi tai lukunurkkauksessasi.   T\u00e4m\u00e4 VASAGLE-kirjahylly tarjoaa useita tasoja ja tyylikk\u00e4\u00e4n S-muotoilun, joka antaa sinulle monipuolisuuden ja mukavuuden, jota DIY-suunnittelijat ja sisustussuunnittelijat. Valmistettu tukevasta lastulevyst\u00e4 ja koristeltu valkoisella viimeistelyll\u00e4, hylly\u00e4mme voidaan k\u00e4ytt\u00e4\u00e4 kirjahyllyn\u00e4, DVD-hyllyn\u00e4, toimistohyllyn\u00e4 tai leluhyllyn\u00e4.  Se voidaan koristella matkamuistoilla, koruilla ja aarteilla tai se voi sis\u00e4lt\u00e4\u00e4 koulukirjoja, romaaneja, lehti\u00e4 ja paljon muuta. Miksi viel\u00e4 odottaa? Tilaa 4-\/6-tasoinen hylly jo t\u00e4n\u00e4\u00e4n.  Tuotetiedot: &#8211; V\u00e4ri: valkoinen &#8211; Materiaali: puukuitulevy, melamiiniviilu &#8211; Mitat: 70 x 24 x 190,5 cm (L x S x K) &#8211; Paino: 23,1 kg &#8211; Kunkin hyllyn kantavuus: 15 kg &#8211; Yl\u00e4kaapin kantavuus: 50 kg  Toimitus sis\u00e4lt\u00e4\u00e4: &#8211; 1 x kirjahylly &#8211; 1 x kiinnitystarvikepussi &#8211; 1 x ohjeet (DE, EN, FR, ES, IT)  VASAGLE Huomautukset: &#8211; Puhdista kostealla, pehme\u00e4ll\u00e4 liinalla ja kuivaa puhtaalla liinalla.<\/p>\n","protected":false},"excerpt":{"rendered":"<p>VASAGLE kirjahylly, hylly, esittelyhylly, vapaasti seisova kaappi, koristehylly, 6 tasoa, valkoinen LBC61WT<\/p>\n","protected":false},"featured_media":46602,"comment_status":"open","ping_status":"closed","template":"","meta":[],"product_brand":[],"product_cat":[32],"product_tag":[],"class_list":{"0":"post-32590","1":"product","2":"type-product","3":"status-publish","4":"has-post-thumbnail","6":"product_cat-uncategorized-fi","8":"first","9":"instock","10":"shipping-taxable","11":"purchasable","12":"product-type-simple"},"_links":{"self":[{"href":"https:\/\/nordicmart.andreevmaster.com\/fi\/wp-json\/wp\/v2\/product\/32590","targetHints":{"allow":["GET"]}}],"collection":[{"href":"https:\/\/nordicmart.andreevmaster.com\/fi\/wp-json\/wp\/v2\/product"}],"about":[{"href":"https:\/\/nordicmart.andreevmaster.com\/fi\/wp-json\/wp\/v2\/types\/product"}],"replies":[{"embeddable":true,"href":"https:\/\/nordicmart.andreevmaster.com\/fi\/wp-json\/wp\/v2\/comments?post=32590"}],"wp:featuredmedia":[{"embeddable":true,"href":"https:\/\/nordicmart.andreevmaster.com\/fi\/wp-json\/wp\/v2\/media\/46602"}],"wp:attachment":[{"href":"https:\/\/nordicmart.andreevmaster.com\/fi\/wp-json\/wp\/v2\/media?parent=32590"}],"wp:term":[{"taxonomy":"product_brand","embeddable":true,"href":"https:\/\/nordicmart.andreevmaster.com\/fi\/wp-json\/wp\/v2\/product_brand?post=32590"},{"taxonomy":"product_cat","embeddable":true,"href":"https:\/\/nordicmart.andreevmaster.com\/fi\/wp-json\/wp\/v2\/product_cat?post=32590"},{"taxonomy":"product_tag","embeddable":true,"href":"https:\/\/nordicmart.andreevmaster.com\/fi\/wp-json\/wp\/v2\/product_tag?post=32590"}],"curies":[{"name":"wp","href":"https:\/\/api.w.org\/{rel}","templated":true}]}}