{"id":32588,"date":"2026-02-27T00:17:58","date_gmt":"2026-02-27T00:17:58","guid":{"rendered":"https:\/\/nordicmart.andreevmaster.com\/product\/songmics-kulmahylly-5-tasoa-383-x-27-x-139-cm-vintage-ruskea\/"},"modified":"2026-02-27T09:39:34","modified_gmt":"2026-02-27T09:39:34","slug":"songmics-kulmahylly-5-tasoa-383-x-27-x-139-cm-vintage-ruskea","status":"publish","type":"product","link":"https:\/\/nordicmart.andreevmaster.com\/fi\/tuote\/songmics-kulmahylly-5-tasoa-383-x-27-x-139-cm-vintage-ruskea\/","title":{"rendered":"SONGMICS kulmahylly, 5 tasoa 38,3 x 27 x 139 cm vintage-ruskea"},"content":{"rendered":"<p>SONGMICS HOME Eritt\u00e4in nopea asennus ilman ty\u00f6kaluja, 5-tasoinen kulmahylly, lattialla seisova hylly, hylly, 38,3 x 27 x 139 cm, olohuone, makuuhuone, keitti\u00f6, vintage-ruskea LBC610K01<br \/>\nV\u00e4ri: vintage-ruskea<br \/>\nMateriaali: lastulevy, ter\u00e4s<br \/>\nKoko: 38,3 x 27 x 139 cm (S x L x K)<br \/>\nPaino: 3,8 kg<br \/>\nMaks. staattinen kantavuus hylly\u00e4 kohti: 10 kg<br \/>\nMaks. staattinen kantavuus yhteens\u00e4: 50 kg<\/p>\n","protected":false},"excerpt":{"rendered":"<p>SONGMICS HOME Eritt\u00e4in nopea asennus ilman ty\u00f6kaluja, 5-tasoinen kulmahylly, lattialla seisova hylly, hylly, 38,3 x 27 x 139 cm, olohuone, makuuhuone, keitti\u00f6, vintage-ruskea LBC610K01<\/p>\n","protected":false},"featured_media":41586,"comment_status":"open","ping_status":"closed","template":"","meta":[],"product_brand":[],"product_cat":[32],"product_tag":[],"class_list":{"0":"post-32588","1":"product","2":"type-product","3":"status-publish","4":"has-post-thumbnail","6":"product_cat-uncategorized-fi","8":"first","9":"instock","10":"shipping-taxable","11":"purchasable","12":"product-type-simple"},"_links":{"self":[{"href":"https:\/\/nordicmart.andreevmaster.com\/fi\/wp-json\/wp\/v2\/product\/32588","targetHints":{"allow":["GET"]}}],"collection":[{"href":"https:\/\/nordicmart.andreevmaster.com\/fi\/wp-json\/wp\/v2\/product"}],"about":[{"href":"https:\/\/nordicmart.andreevmaster.com\/fi\/wp-json\/wp\/v2\/types\/product"}],"replies":[{"embeddable":true,"href":"https:\/\/nordicmart.andreevmaster.com\/fi\/wp-json\/wp\/v2\/comments?post=32588"}],"wp:featuredmedia":[{"embeddable":true,"href":"https:\/\/nordicmart.andreevmaster.com\/fi\/wp-json\/wp\/v2\/media\/41586"}],"wp:attachment":[{"href":"https:\/\/nordicmart.andreevmaster.com\/fi\/wp-json\/wp\/v2\/media?parent=32588"}],"wp:term":[{"taxonomy":"product_brand","embeddable":true,"href":"https:\/\/nordicmart.andreevmaster.com\/fi\/wp-json\/wp\/v2\/product_brand?post=32588"},{"taxonomy":"product_cat","embeddable":true,"href":"https:\/\/nordicmart.andreevmaster.com\/fi\/wp-json\/wp\/v2\/product_cat?post=32588"},{"taxonomy":"product_tag","embeddable":true,"href":"https:\/\/nordicmart.andreevmaster.com\/fi\/wp-json\/wp\/v2\/product_tag?post=32588"}],"curies":[{"name":"wp","href":"https:\/\/api.w.org\/{rel}","templated":true}]}}